{"id":7363,"date":"2026-02-05T11:37:16","date_gmt":"2026-02-05T10:37:16","guid":{"rendered":"https:\/\/ambbratislava.esteri.it\/?page_id=7363"},"modified":"2026-02-05T11:40:44","modified_gmt":"2026-02-05T10:40:44","slug":"danove-cislo","status":"publish","type":"page","link":"https:\/\/ambbratislava.esteri.it\/sk\/servizi-consolari-e-visti\/servizi-per-il-cittadino-straniero\/danove-cislo\/","title":{"rendered":"DA\u0147OV\u00c9 \u010c\u00cdSLO &#8211; CODICE FISCALE"},"content":{"rendered":"<p><strong>Vystaven\u00e9 d<\/strong><strong>a\u0148ov\u00e9 \u010d\u00edslo nestr\u00e1ca platnos\u0165<\/strong><strong>. <\/strong><\/p>\n<p><strong>POZOR:<\/strong>\u00a0DA\u0147OV\u00c9 \u010c\u00cdSLO je uveden\u00e9 na PREUKAZE POISTENCA, ktor\u00fd m\u00e1 ur\u010dit\u00fa platnos\u0165 a je viazan\u00fd na trval\u00e9 bydlisko v Taliansku. Osoby, ktor\u00e9 \u017eij\u00fa v zahrani\u010d\u00ed, n\u00e1rok na PREUKAZ POISTENCA nemaj\u00fa.<\/p>\n<p><strong>VYDANIE DA\u0147OV\u00c9HO \u010c\u00cdSLA ALEBO POTVRDENIA O VYSTAVENOM DA\u0147OVOM \u010c\u00cdSLE<\/strong><\/p>\n<p>Da\u0148ov\u00e9 identifika\u010dn\u00e9 \u010d\u00edslo je \u010d\u00edslo pou\u017e\u00edvan\u00e9 na da\u0148ov\u00e9 a administrat\u00edvne \u00fa\u010dely, jednozna\u010dn\u00fa identifik\u00e1ciu talianskych ob\u010danov a cudzincov. Je to 16-miestny alfanumerick\u00fd k\u00f3d, nevyhnutn\u00fd na r\u00f4zne finan\u010dn\u00e9 oper\u00e1cie v Taliansku: nehnute\u013enos\u0165, dedi\u010dstvo, pr\u00e1cu, otvorenie bankov\u00e9ho \u00fa\u010dtu alebo na z\u00e1pis na univerzitu. <strong>Slu\u017eba je bezplatn\u00e1 a je vyhraden\u00e1 pre s\u00fakromn\u00e9 osoby &#8211; aj cudzincov &#8211; star\u0161ie ako 18 rokov, ktor\u00e9 maj\u00fa trval\u00fd pobyt v\u00fdlu\u010dne v r\u00e1mci p\u00f4sobnosti tohoto konzul\u00e1rneho obvodu.<\/strong> \u017diadosti za malolet\u00fdch, v mene tret\u00edch os\u00f4b alebo pre dedi\u010da za zosnul\u00e9ho \u010dlena rodiny musia obsahova\u0165 \u010fal\u0161ie n\u00e1le\u017eitosti.<\/p>\n<p><strong>Firmy alebo spolo\u010dnosti<\/strong> musia po\u017eiada\u0165 o da\u0148ov\u00e9 identifika\u010dn\u00e9 \u010d\u00edslo v Taliansku na pr\u00edslu\u0161nom <strong>da\u0148ovom \u00farade<\/strong> v mieste registr\u00e1cie\/s\u00eddle firmy\/spolo\u010dnosti.<\/p>\n<p><strong>AKO PODA\u0164 \u017dIADOS\u0164<\/strong><\/p>\n<p><strong>CU<\/strong><strong>DZINCI BEZ TRVAL\u00c9HO POBYTU V TALIANSKU<\/strong><\/p>\n<p>Pod\u013ea \u010dl\u00e1nku 1 ministersk\u00e9ho dekr\u00e9tu, ktor\u00fd vst\u00fapil do platnosti 17. m\u00e1ja 2001 pod \u010d\u00edslom 281, <strong>cudzinci bez trval\u00e9ho pobytu v\u00a0Taliansku musia na podanie \u017eiadosti o\u00a0da\u0148ov\u00e9 \u010d\u00edslo na da\u0148ovom \u00farade na \u00fazem\u00ed Talianska splnomocni\u0165 \u010fal\u0161iu osobu.<\/strong><\/p>\n<p>Adresy da\u0148ov\u00fdch \u00faradov sa nach\u00e1dazaj\u00fa na webovej str\u00e1nke\u00a0<a href=\"http:\/\/www.agenziaentrate.it\/\">www.agenziaentrate.it<\/a><\/p>\n<p>Cudzinec m\u00f4\u017ee po\u017eiada\u0165 o\u00a0da\u0148ov\u00e9 \u010d\u00edslo na konzul\u00e1rnom oddelen\u00ed talianskeho ve\u013evyslanectva pod\u013ea krajiny pobytu <strong><u>len a\u00a0v\u00fdnimo\u010dne vtedy, ke\u010f da\u0148ov\u00e9 \u010d\u00edslo sl\u00fa\u017ei na oper\u00e1cie prebiehaj\u00face online a\/alebo, ak nem\u00e1 mo\u017enos\u0165 poveri\u0165 in\u00fa osobu, aby t\u00fato \u017eiados\u0165 na da\u0148ovom \u00farade podala:<\/u> <\/strong>v\u00a0t\u00fdchto pr\u00edpadoch \u017eiados\u0165 na taliansky da\u0148ov\u00fd \u00farad pod\u00e1va konzul\u00e1rne oddelenie. \u017diados\u0165 o vystavenie da\u0148ov\u00e9ho \u010d\u00edsla sa pod\u00e1va v\u00fdlu\u010dne online \u2013 link <a href=\"https:\/\/ambbratislava.esteri.it\/it\/servizi-consolari-e-visti\/servizi-per-il-cittadino-straniero\/modulistica\/\">Modulistica \u2013 Ambasciata d&#8217;Italia Bratislava<\/a><\/p>\n<p>\u017diados\u0165 o da\u0148ov\u00e9 \u010d\u00edslo sa pod\u00e1va na pr\u00edslu\u0161nom tla\u010dive spolu s k\u00f3piou dokladu toto\u017enosti a od\u00f4vodnen\u00edm jeho vystavenia a\u00a0s\u00a0vysvetlen\u00edm, pre\u010do \u017eiadate\u013e nem\u00e1 mo\u017enos\u0165 poda\u0165 \u017eiados\u0165 priamo, alebo prostred\u00edctvom poverenej osoby v\u00a0Taliansku.<\/p>\n<p><strong>\u0160tudenti,<\/strong> ktor\u00ed da\u0148ov\u00e9 \u010d\u00edslo potrebuj\u00fa na predz\u00e1pis na univerzitu, <u>ho m\u00f4\u017eu automaticky z\u00edska\u0165 na str\u00e1nke <strong>Portale UNIVERSITALY<\/strong><\/u>, ke\u010f sa predzapisuj\u00fa. Da\u0148ov\u00e9 \u010d\u00edslo m\u00f4\u017ee vyda\u0165 imigra\u010dn\u00fd \u00farad, alebo na questura, spolu s\u00a0povolen\u00edm na pobyt v\u00a0pr\u00edpade ob\u010danov kraj\u00edn mimo E\u00da a\u00a0da\u0148ov\u00fd \u00farad ob\u010danom E\u00da, po predlo\u017een\u00ed tla\u010diva AA4\/8.<\/p>\n<p><strong>Cudzinci, ktor\u00e9 da\u0148ov\u00e9 \u010d\u00edslo potrebuj\u00fa na z\u00edskanie nehnute\u013enosti alebo na in\u00e9 z\u00e1le\u017eitosti obchodn\u00e9ho\/finan\u010dn\u00e9ho charakteru v Taliansku, <u>maj\u00fa v prvom rade poveri\u0165 svojho z\u00e1stupcu, aby ho vy\u017eiadal za nich na da\u0148ovom \u00farade. <\/u><\/strong><\/p>\n<p><strong>Ob\u010danom kraj\u00edn mimo E\u00da, ktor\u00ed sa rozhodn\u00fa\u0165 \u017ei\u0165 v Taliansku<\/strong>, da\u0148ov\u00e9 \u010d\u00edslo vyd\u00e1va:<\/p>\n<ul>\n<li>imigra\u010dn\u00fd \u00farad, ktor\u00fd sa nach\u00e1dza na ka\u017edej prefekt\u00fare, ktor\u00fd vyd\u00e1va potvrdenie o tom, \u017ee neexistuj\u00fa prek\u00e1\u017eky na vstup cudzincov, \u017eiadaj\u00facich o povolenie na pobyt z d\u00f4vodu z\u00e1vislej \u010dinnosti alebo zl\u00fa\u010denia rodiny;<\/li>\n<li>questura v pr\u00edpade cudzincov \u017eiadaj\u00facich o povolenie na pobyt z in\u00fdch d\u00f4vodov.<\/li>\n<\/ul>\n<p><strong>Ob\u010dania kraj\u00edn E\u00da, ktor\u00ed sa pl\u00e1nuj\u00fa zdr\u017eiava\u0165 v\u00a0Taliansku<\/strong>, m\u00f4\u017eu o\u00a0da\u0148ov\u00e9 \u010d\u00edslo po\u017eiada\u0165 pr\u00edslu\u0161n\u00fd da\u0148ov\u00fd \u00farad prostredn\u00edctvom formul\u00e1ra AA4\/8. \u017diados\u0165 mus\u00ed by\u0165 od\u00f4vodnen\u00e1 a\u00a0opatren\u00e1 platn\u00fdm dokladom toto\u017enosti (cestovn\u00fdm pasom alebo ob\u010dianskym preukazom).<\/p>\n<p>Cudz\u00ed \u0161t\u00e1tny pr\u00edslu\u0161n\u00edk, ktor\u00fd da\u0148ov\u00e9 \u010d\u00edslo potrebuje z\u00a0d\u00f4vodu <strong>zah\u00e1jenia s\u00fadneho konania v\u00a0Taliansku<\/strong>, m\u00f4\u017ee k\u00a0plnej moci udelenej pr\u00e1vnikovi prida\u0165 aj \u010fal\u0161iu na\u00a0 podanie \u017eiadosti o\u00a0vystavenie da\u0148ov\u00e9ho \u010d\u00edsla na ktoromko\u013evek da\u0148ovom \u00farade: ich adresy s\u00fa dostupn\u00e9 na str\u00e1nke <a href=\"http:\/\/www.agenziaentrate.it\">www.agenziaentrate.it<\/a>.<\/p>\n<p><a href=\"https:\/\/ambpraga.esteri.it\/wp-content\/uploads\/2023\/04\/Instructions-on-how-to-fill-in-this-form_AA4_8_istruzioni_ING.pdf\">N\u00e1vod na vyplnenie tla\u010diva <\/a><\/p>\n<p>Vyplnen\u00e1 mus\u00ed by\u0165 ka\u017ed\u00e1 \u010das\u0165 \u017eiadosti a\u00a0treba da\u0165 pozor na to, aby sa jednotliv\u00e9 \u00fadaje zhodovali s\u00a0\u00fadajmi v\u00a0doklade toto\u017enosti. Talianski ob\u010dania musia uvies\u0165 meno uveden\u00e9 v\u00a0talianskom doklade aj v pr\u00edpade, ak maj\u00fa aj in\u00fa n\u00e1rodnos\u0165.\u00a0\u017diadosti, ktor\u00e9 pr\u00eddu po\u0161tou, akceptovan\u00e9 nebud\u00fa. Nekompletn\u00e9 \u017eiadosti poslan\u00e9 online bud\u00fa zamietnut\u00e9. \u017diadosti ob\u010danov bez pobytu v Slovenskej republike bud\u00fa zamietnut\u00e9.<\/p>\n<p>Pre vyplnen\u00edm je treba sa uisti\u0165, \u017ee tri ni\u017e\u0161ieuveden\u00e9 doklady je mo\u017en\u00e9 posla\u0165 v jednom z nasleduj\u00facich form\u00e1tov nepresahuj\u00facich 2000Kb (pdf, doc, docx, zip, jpg, jpeg, png):<\/p>\n<ol>\n<li>platn\u00fd<strong> doklad toto\u017enosti s fotografiou a z\u00e1kladn\u00fdmi \u00fadajmi <\/strong>(vodi\u010dsk\u00fd preukaz nie je akceptovate\u013en\u00fd);<\/li>\n<\/ol>\n<p><strong>UPOZORNENIE:<\/strong>\u00a0Da\u0148ov\u00e9 \u010d\u00edslo sa vystavuje pod\u013ea mena, priezviska, d\u00e1tumu a miesta narodenia. V pr\u00edpade osoby, verejnej spr\u00e1ve u\u017e zn\u00e1mej, sa tieto \u00fadaje musia zhodova\u0165.<\/p>\n<ol start=\"2\">\n<li><strong>doklad o pobyte <\/strong>v Slovenskej republike;<\/li>\n<\/ol>\n<p>Tento doklad je potrebn\u00fd len pre pr\u00edslu\u0161n\u00edkov tret\u00edch kraj\u00edn s trval\u00fdm pobytom v Slovenskej republike<\/p>\n<ol start=\"3\">\n<li><strong>\u017eiados\u0165 o vystavenie da\u0148ov\u00e9ho \u010d\u00edsla, <\/strong>riadne vyplnen\u00e1 a podp\u00edsan\u00e1<\/li>\n<\/ol>\n<p>Z d\u00f4vodu mno\u017estva \u017eiadost\u00ed sa d\u013a\u017eka potrebn\u00e1 na vystavenie da\u0148ov\u00e9ho \u010d\u00edsla m\u00f4\u017ee l\u00ed\u0161i\u0165. Talianske ve\u013evyslanectvo v Bratislave &#8211; <a href=\"mailto:uffconsolare.bratis@esteri.it-\">uffconsolare.bratis@esteri.it-<\/a> za \u00fa\u010delom informovania sa o stave vybavenia \u017eiadosti je mo\u017en\u00e9 kontaktova\u0165 a\u017e po dvoch t\u00fd\u017ed\u0148och od jej doru\u010denia \u2013 ak \u017eiadate\u013e nedostane odpove\u010f dovtedy.<\/p>\n<p><strong>\u017diados\u0165 pre neplnolet\u00e9 osoby: <\/strong>okrem jej dokladu toto\u017enosti je potrebn\u00fd aj doklad toto\u017enosti dospelej osoby\u00a0 ktor\u00e1 \u017eiados\u0165 pod\u00e1va a k\u00f3pia rodn\u00e9ho listu alebo in\u00e9ho dokladu (\u010das\u0165 pasu alebo ob\u010dianskeho preukazu, v ktorom s\u00fa uveden\u00e9 men\u00e1 rodi\u010dov) potvrdzuj\u00faceho, \u017ee \u017eiadate\u013e m\u00f4\u017ee kona\u0165 v mene neplnoletej osoby. V tomto pr\u00edpade sa potvrdenie o pobyte vz\u0165ahuje na rodi\u010da.<\/p>\n<p><strong>\u017diados\u0165 dedi\u010da za zosnul\u00fa osoby:<\/strong>\u00a0okrem da\u0148ov\u00e9ho \u010d\u00edsla zosnulej osoby, alebo \u00famrtn\u00e9ho listu, treba dolo\u017ei\u0165 aj doklad toto\u017enosti \u017eiadate\u013ea\/dedi\u010da. V tomto pr\u00edpade je potrebn\u00e9 aj potvrdenie o trvalom pobyte \u017eiadate\u013ea.<\/p>\n<p>Da\u0148ov\u00e9 \u010d\u00edslo ost\u00e1va v platnosti aj po pres\u0165ahovan\u00ed do zahrani\u010dia.<\/p>\n<p><strong>**Upozornenie**<\/strong><\/p>\n<ul>\n<li><strong>vydanie da\u0148ov\u00e9ho \u010d\u00edsla m\u00f4\u017ee trva\u0165 aj 30 dn\u00ed od podania \u017eiadosti <\/strong><\/li>\n<li><strong>o da\u0148ov\u00e9 \u010d\u00edslo je m\u00f4\u017en\u00e9 po\u017eiada\u0165 aj na pobo\u010dk\u00e1ch da\u0148ov\u00fdch \u00faradov v Taliansku:\u00a0<\/strong><a href=\"https:\/\/www.agenziaentrate.gov.it\/portale\/web\/guest\/siti-web-regionali\"><strong>https:\/\/www.agenziaentrate.gov.it\/portale\/web\/guest\/siti-web-regionali<\/strong><\/a><\/li>\n<\/ul>\n","protected":false},"excerpt":{"rendered":"Vystaven\u00e9 da\u0148ov\u00e9 \u010d\u00edslo nestr\u00e1ca platnos\u0165. POZOR:\u00a0DA\u0147OV\u00c9 \u010c\u00cdSLO je uveden\u00e9 na PREUKAZE POISTENCA, ktor\u00fd m\u00e1 ur\u010dit\u00fa platnos\u0165 a je viazan\u00fd na trval\u00e9 bydlisko v Taliansku. Osoby, ktor\u00e9 \u017eij\u00fa v zahrani\u010d\u00ed, n\u00e1rok na PREUKAZ POISTENCA nemaj\u00fa. VYDANIE DA\u0147OV\u00c9HO \u010c\u00cdSLA ALEBO POTVRDENIA O VYSTAVENOM DA\u0147OVOM \u010c\u00cdSLE Da\u0148ov\u00e9 identifika\u010dn\u00e9 \u010d\u00edslo je \u010d\u00edslo pou\u017e\u00edvan\u00e9 na da\u0148ov\u00e9 a administrat\u00edvne \u00fa\u010dely, jednozna\u010dn\u00fa [&hellip;]","protected":false},"author":13,"featured_media":0,"parent":197,"menu_order":0,"comment_status":"closed","ping_status":"closed","template":"","meta":{"footnotes":""},"class_list":["post-7363","page","type-page","status-publish","hentry"],"_links":{"self":[{"href":"https:\/\/ambbratislava.esteri.it\/sk\/wp-json\/wp\/v2\/pages\/7363","targetHints":{"allow":["GET"]}}],"collection":[{"href":"https:\/\/ambbratislava.esteri.it\/sk\/wp-json\/wp\/v2\/pages"}],"about":[{"href":"https:\/\/ambbratislava.esteri.it\/sk\/wp-json\/wp\/v2\/types\/page"}],"author":[{"embeddable":true,"href":"https:\/\/ambbratislava.esteri.it\/sk\/wp-json\/wp\/v2\/users\/13"}],"replies":[{"embeddable":true,"href":"https:\/\/ambbratislava.esteri.it\/sk\/wp-json\/wp\/v2\/comments?post=7363"}],"version-history":[{"count":2,"href":"https:\/\/ambbratislava.esteri.it\/sk\/wp-json\/wp\/v2\/pages\/7363\/revisions"}],"predecessor-version":[{"id":7366,"href":"https:\/\/ambbratislava.esteri.it\/sk\/wp-json\/wp\/v2\/pages\/7363\/revisions\/7366"}],"up":[{"embeddable":true,"href":"https:\/\/ambbratislava.esteri.it\/sk\/wp-json\/wp\/v2\/pages\/197"}],"wp:attachment":[{"href":"https:\/\/ambbratislava.esteri.it\/sk\/wp-json\/wp\/v2\/media?parent=7363"}],"curies":[{"name":"wp","href":"https:\/\/api.w.org\/{rel}","templated":true}]}}