{"id":5339,"date":"2024-11-15T17:15:26","date_gmt":"2024-11-15T16:15:26","guid":{"rendered":"https:\/\/ambbratislava.esteri.it\/?page_id=5339"},"modified":"2024-11-15T17:15:26","modified_gmt":"2024-11-15T16:15:26","slug":"umrtie","status":"publish","type":"page","link":"https:\/\/ambbratislava.esteri.it\/sk\/servizi-consolari-e-visti\/servizi-per-il-cittadino-italiano\/stato-civile\/umrtie\/","title":{"rendered":"\u00damrtie"},"content":{"rendered":"<p>\u00damrtie talianskeho ob\u010dana v zahrani\u010d\u00ed mus\u00ed by\u0165 prep\u00edsan\u00e9 v Taliansku.<br \/>\nK tomu je potrebn\u00e9 doru\u010di\u0165 konzul\u00e1rnemu oddeleniu talianskeho ve\u013evyslanectva:<\/p>\n<ul>\n<li><strong>Formul\u00e1r \u017eiadosti <\/strong>o prepis \u00famrtia (na stiahnutie v sekcii \u201cModulistica\u201d);<\/li>\n<li><strong>\u00damrtn\u00fd list &#8211; origin\u00e1l, opatren\u00fd viacjazy\u010dn\u00fdm \u0161tandardn\u00fdm formul\u00e1rom<\/strong> (v zmysle nariadenia E\u00da 2016\/1191);<\/li>\n<li><strong>Fotok\u00f3piu identifika\u010dn\u00e9ho dokladu zosnul\u00e9ho<\/strong> (ak je k dispoz\u00edcii).<\/li>\n<\/ul>\n","protected":false},"excerpt":{"rendered":"\u00damrtie talianskeho ob\u010dana v zahrani\u010d\u00ed mus\u00ed by\u0165 prep\u00edsan\u00e9 v Taliansku. K tomu je potrebn\u00e9 doru\u010di\u0165 konzul\u00e1rnemu oddeleniu talianskeho ve\u013evyslanectva: Formul\u00e1r \u017eiadosti o prepis \u00famrtia (na stiahnutie v sekcii \u201cModulistica\u201d); \u00damrtn\u00fd list &#8211; origin\u00e1l, opatren\u00fd viacjazy\u010dn\u00fdm \u0161tandardn\u00fdm formul\u00e1rom (v zmysle nariadenia E\u00da 2016\/1191); Fotok\u00f3piu identifika\u010dn\u00e9ho dokladu zosnul\u00e9ho (ak je k dispoz\u00edcii).","protected":false},"author":4,"featured_media":0,"parent":187,"menu_order":0,"comment_status":"closed","ping_status":"closed","template":"","meta":{"footnotes":""},"class_list":["post-5339","page","type-page","status-publish","hentry"],"_links":{"self":[{"href":"https:\/\/ambbratislava.esteri.it\/sk\/wp-json\/wp\/v2\/pages\/5339","targetHints":{"allow":["GET"]}}],"collection":[{"href":"https:\/\/ambbratislava.esteri.it\/sk\/wp-json\/wp\/v2\/pages"}],"about":[{"href":"https:\/\/ambbratislava.esteri.it\/sk\/wp-json\/wp\/v2\/types\/page"}],"author":[{"embeddable":true,"href":"https:\/\/ambbratislava.esteri.it\/sk\/wp-json\/wp\/v2\/users\/4"}],"replies":[{"embeddable":true,"href":"https:\/\/ambbratislava.esteri.it\/sk\/wp-json\/wp\/v2\/comments?post=5339"}],"version-history":[{"count":1,"href":"https:\/\/ambbratislava.esteri.it\/sk\/wp-json\/wp\/v2\/pages\/5339\/revisions"}],"predecessor-version":[{"id":5340,"href":"https:\/\/ambbratislava.esteri.it\/sk\/wp-json\/wp\/v2\/pages\/5339\/revisions\/5340"}],"up":[{"embeddable":true,"href":"https:\/\/ambbratislava.esteri.it\/sk\/wp-json\/wp\/v2\/pages\/187"}],"wp:attachment":[{"href":"https:\/\/ambbratislava.esteri.it\/sk\/wp-json\/wp\/v2\/media?parent=5339"}],"curies":[{"name":"wp","href":"https:\/\/api.w.org\/{rel}","templated":true}]}}