{"id":5127,"date":"2024-08-05T13:45:53","date_gmt":"2024-08-05T11:45:53","guid":{"rendered":"https:\/\/ambbratislava.esteri.it\/?page_id=5127"},"modified":"2024-10-03T13:17:28","modified_gmt":"2024-10-03T11:17:28","slug":"znovunadobudnutie-obcianstva-po-predchadzajucej-strate-2","status":"publish","type":"page","link":"https:\/\/ambbratislava.esteri.it\/sk\/servizi-consolari-e-visti\/servizi-per-il-cittadino-straniero\/cittadinanza\/znovunadobudnutie-obcianstva-po-predchadzajucej-strate-2\/","title":{"rendered":"Znovunadobudnutie ob\u010dianstva (po predch\u00e1dzaj\u00facej strate)"},"content":{"rendered":"<p>Z\u00e1kon 91\/1992 umo\u017e\u0148uje v niektor\u00fdch pr\u00edpadoch znovunadoudnutie ob\u010dianstva po predch\u00e1dzaj\u00facej strate. Ob\u010dan s trval\u00fdm pobytom v zahrani\u010d\u00ed, ktor\u00fd stratil ob\u010dianstvo ho m\u00f4\u017ee op\u00e4tovne z\u00edska\u0165:<\/p>\n<p>\u2013 v zmysle \u010dl. 13, ods. 1, p\u00edsmeno c) z\u00e1kona 91\/92, na z\u00e1klade prehl\u00e1senia na pr\u00edslu\u0161nom konzul\u00e1rnom \u00farade, ak do roka od prehl\u00e1senia ur\u010d\u00ed miesto svojho trval\u00e9ho bydliska v Taliansku (pres\u0165ahuje sa do Talianska)<br \/>\n\u2013 v zmysle \u010dl. 13, ods. 1, p\u00edsmeno d) z\u00e1kona 91\/92, rok po tom, ako ur\u010dil miesto svojho trval\u00e9ho pobytu v Taliansku, ak v tej istej lehote znovuz\u00edskania ob\u010dianstva nevzdal.<\/p>\n<p>Vyhl\u00e1senia o znovuz\u00edskan\u00ed talianskeho ob\u010dianstva podliehaj\u00fa poplatku 250 euro v prospech Ministerstva vn\u00fatra Talianskej republiky.<\/p>\n","protected":false},"excerpt":{"rendered":"Z\u00e1kon 91\/1992 umo\u017e\u0148uje v niektor\u00fdch pr\u00edpadoch znovunadoudnutie ob\u010dianstva po predch\u00e1dzaj\u00facej strate. Ob\u010dan s trval\u00fdm pobytom v zahrani\u010d\u00ed, ktor\u00fd stratil ob\u010dianstvo ho m\u00f4\u017ee op\u00e4tovne z\u00edska\u0165: \u2013 v zmysle \u010dl. 13, ods. 1, p\u00edsmeno c) z\u00e1kona 91\/92, na z\u00e1klade prehl\u00e1senia na pr\u00edslu\u0161nom konzul\u00e1rnom \u00farade, ak do roka od prehl\u00e1senia ur\u010d\u00ed miesto svojho trval\u00e9ho bydliska v Taliansku (pres\u0165ahuje [&hellip;]","protected":false},"author":4,"featured_media":0,"parent":199,"menu_order":0,"comment_status":"closed","ping_status":"closed","template":"","meta":{"footnotes":""},"class_list":["post-5127","page","type-page","status-publish","hentry"],"_links":{"self":[{"href":"https:\/\/ambbratislava.esteri.it\/sk\/wp-json\/wp\/v2\/pages\/5127","targetHints":{"allow":["GET"]}}],"collection":[{"href":"https:\/\/ambbratislava.esteri.it\/sk\/wp-json\/wp\/v2\/pages"}],"about":[{"href":"https:\/\/ambbratislava.esteri.it\/sk\/wp-json\/wp\/v2\/types\/page"}],"author":[{"embeddable":true,"href":"https:\/\/ambbratislava.esteri.it\/sk\/wp-json\/wp\/v2\/users\/4"}],"replies":[{"embeddable":true,"href":"https:\/\/ambbratislava.esteri.it\/sk\/wp-json\/wp\/v2\/comments?post=5127"}],"version-history":[{"count":1,"href":"https:\/\/ambbratislava.esteri.it\/sk\/wp-json\/wp\/v2\/pages\/5127\/revisions"}],"predecessor-version":[{"id":5128,"href":"https:\/\/ambbratislava.esteri.it\/sk\/wp-json\/wp\/v2\/pages\/5127\/revisions\/5128"}],"up":[{"embeddable":true,"href":"https:\/\/ambbratislava.esteri.it\/sk\/wp-json\/wp\/v2\/pages\/199"}],"wp:attachment":[{"href":"https:\/\/ambbratislava.esteri.it\/sk\/wp-json\/wp\/v2\/media?parent=5127"}],"curies":[{"name":"wp","href":"https:\/\/api.w.org\/{rel}","templated":true}]}}