{"id":4704,"date":"2024-04-30T16:24:11","date_gmt":"2024-04-30T14:24:11","guid":{"rendered":"https:\/\/ambbratislava.esteri.it\/?page_id=4704"},"modified":"2024-08-14T16:34:03","modified_gmt":"2024-08-14T14:34:03","slug":"socialne-siete","status":"publish","type":"page","link":"https:\/\/ambbratislava.esteri.it\/sk\/chi-siamo\/contatti\/socialne-siete\/","title":{"rendered":"Soci\u00e1lne siete"},"content":{"rendered":"<p>Ve\u013evyslanectvo m\u00e1 vlastn\u00e9 profily na hlavn\u00fdch soci\u00e1lnych sie\u0165ach: Facebook, Instagram, Twitter.<\/p>\n<p><a href=\"https:\/\/ambbratislava.esteri.it\/wp-content\/uploads\/2024\/08\/Netiquette-Social-Media-of-the-Embassy.pdf\">Netiketa ve\u013evyslanectva na soci\u00e1lnych sie\u0165ach<\/a><\/p>\n","protected":false},"excerpt":{"rendered":"Ve\u013evyslanectvo m\u00e1 vlastn\u00e9 profily na hlavn\u00fdch soci\u00e1lnych sie\u0165ach: Facebook, Instagram, Twitter. Netiketa ve\u013evyslanectva na soci\u00e1lnych sie\u0165ach","protected":false},"author":6,"featured_media":0,"parent":161,"menu_order":0,"comment_status":"closed","ping_status":"closed","template":"","meta":{"footnotes":""},"class_list":["post-4704","page","type-page","status-publish","hentry"],"_links":{"self":[{"href":"https:\/\/ambbratislava.esteri.it\/sk\/wp-json\/wp\/v2\/pages\/4704","targetHints":{"allow":["GET"]}}],"collection":[{"href":"https:\/\/ambbratislava.esteri.it\/sk\/wp-json\/wp\/v2\/pages"}],"about":[{"href":"https:\/\/ambbratislava.esteri.it\/sk\/wp-json\/wp\/v2\/types\/page"}],"author":[{"embeddable":true,"href":"https:\/\/ambbratislava.esteri.it\/sk\/wp-json\/wp\/v2\/users\/6"}],"replies":[{"embeddable":true,"href":"https:\/\/ambbratislava.esteri.it\/sk\/wp-json\/wp\/v2\/comments?post=4704"}],"version-history":[{"count":1,"href":"https:\/\/ambbratislava.esteri.it\/sk\/wp-json\/wp\/v2\/pages\/4704\/revisions"}],"predecessor-version":[{"id":4707,"href":"https:\/\/ambbratislava.esteri.it\/sk\/wp-json\/wp\/v2\/pages\/4704\/revisions\/4707"}],"up":[{"embeddable":true,"href":"https:\/\/ambbratislava.esteri.it\/sk\/wp-json\/wp\/v2\/pages\/161"}],"wp:attachment":[{"href":"https:\/\/ambbratislava.esteri.it\/sk\/wp-json\/wp\/v2\/media?parent=4704"}],"curies":[{"name":"wp","href":"https:\/\/api.w.org\/{rel}","templated":true}]}}