{"id":204,"date":"2023-04-11T17:48:10","date_gmt":"2023-04-11T15:48:10","guid":{"rendered":"https:\/\/ambbratislava.esteri.it\/amministrazione-trasparente\/"},"modified":"2024-01-09T18:06:57","modified_gmt":"2024-01-09T17:06:57","slug":"amministrazione-trasparente","status":"publish","type":"page","link":"https:\/\/ambbratislava.esteri.it\/sk\/amministrazione-trasparente\/","title":{"rendered":"Transparentn\u00e1 administrat\u00edva"},"content":{"rendered":"<p>Obsah je k dispoz\u00edcii len v talian\u010dine<\/p>\n","protected":false},"excerpt":{"rendered":"Obsah je k dispoz\u00edcii len v talian\u010dine","protected":false},"author":1,"featured_media":0,"parent":0,"menu_order":10,"comment_status":"closed","ping_status":"closed","template":"","meta":{"footnotes":""},"class_list":["post-204","page","type-page","status-publish","hentry"],"_links":{"self":[{"href":"https:\/\/ambbratislava.esteri.it\/sk\/wp-json\/wp\/v2\/pages\/204","targetHints":{"allow":["GET"]}}],"collection":[{"href":"https:\/\/ambbratislava.esteri.it\/sk\/wp-json\/wp\/v2\/pages"}],"about":[{"href":"https:\/\/ambbratislava.esteri.it\/sk\/wp-json\/wp\/v2\/types\/page"}],"author":[{"embeddable":true,"href":"https:\/\/ambbratislava.esteri.it\/sk\/wp-json\/wp\/v2\/users\/1"}],"replies":[{"embeddable":true,"href":"https:\/\/ambbratislava.esteri.it\/sk\/wp-json\/wp\/v2\/comments?post=204"}],"version-history":[{"count":2,"href":"https:\/\/ambbratislava.esteri.it\/sk\/wp-json\/wp\/v2\/pages\/204\/revisions"}],"predecessor-version":[{"id":3137,"href":"https:\/\/ambbratislava.esteri.it\/sk\/wp-json\/wp\/v2\/pages\/204\/revisions\/3137"}],"wp:attachment":[{"href":"https:\/\/ambbratislava.esteri.it\/sk\/wp-json\/wp\/v2\/media?parent=204"}],"curies":[{"name":"wp","href":"https:\/\/api.w.org\/{rel}","templated":true}]}}