{"id":199,"date":"2023-04-11T18:22:23","date_gmt":"2023-04-11T16:22:23","guid":{"rendered":"https:\/\/ambbratislava.esteri.it\/servizi-consolari-e-visti\/servizi-per-il-cittadino-straniero\/cittadinanza\/"},"modified":"2024-08-21T13:43:39","modified_gmt":"2024-08-21T11:43:39","slug":"cittadinanza","status":"publish","type":"page","link":"https:\/\/ambbratislava.esteri.it\/sk\/servizi-consolari-e-visti\/servizi-per-il-cittadino-straniero\/cittadinanza\/","title":{"rendered":"Ob\u010dianstvo"},"content":{"rendered":"<p>V\u0161eobecn\u00e9 inform\u00e1cie sa nach\u00e1dzaj\u00fa na str\u00e1nke talianskeho Ministerstva zahrani\u010dn\u00fdch vec\u00ed a medzin\u00e1rodnej spolupr\u00e1ce:\u00a0 <a href=\"https:\/\/www.esteri.it\/it\/servizi-consolari-e-visti\/italiani-all-estero\/cittadinanza\/\">Informazioni generali sul sito del Ministero degli Affari Esteri e della Cooperazione Internazionale<\/a><\/p>\n<p>Talianske ob\u010dianstvo sa riadi z\u00e1konom \u010d. 91 z 5. febru\u00e1ra 1992.<br \/>\nTalianske ob\u010dianstvo je zalo\u017een\u00e9 na pravidle <em>jus sanguinis<\/em>, na z\u00e1klade ktor\u00e9ho syn talianskeho ob\u010dana alebo ob\u010dianky nadob\u00fada automaticky talianske ob\u010dianstvo, nez\u00e1visle od miesta narodenia.<br \/>\nTalianske ob\u010dianstvo mo\u017eno nadobudn\u00fa\u0165 nielen naroden\u00edm, ale aj za in\u00fdch, z\u00e1konom ur\u010den\u00fdch okolnost\u00ed.<\/p>\n<p><strong>PREVERENIE, ALEBO NADOBUDNUTIE \/UZNANIE TALIANSKEHO OB\u010cIANSTVA<\/strong><\/p>\n<p>Org\u00e1n, ktor\u00fd preveruje, alebo prij\u00edma \u017eiadosti o ob\u010dianstvo, je dan\u00fd trval\u00fdm pobytom: u os\u00f4b, ktor\u00e9 maj\u00fa pobyt v zahrani\u010d\u00ed je tak\u00fdmto org\u00e1nom teritori\u00e1lne pr\u00edslu\u0161n\u00fd konzul\u00e1rny \u00farad.<\/p>\n<p><strong>POPLATKY<\/strong><\/p>\n<p>Od 8. augusta 2009, s\u00fa \u017eiadosti, alebo vyhl\u00e1senia t\u00fdkaj\u00face sa \u017eiadosti, zvolenia si ob\u010dianstva, z\u00edskania, znovuz\u00edskania, vzdania sa, \u010di udelenia talianskeho ob\u010dianstva spoplatnen\u00e9 sumou 250 euro, ktor\u00e1 sa poukazuje na \u00fa\u010det Ministerstva vn\u00fatra.<\/p>\n<p>Od 8. j\u00fala 2014 s\u00fa v\u0161etky \u017eiadosti o uznanie talianskeho \u0161t\u00e1tneho ob\u010dianstva plnolet\u00fdch os\u00f4b spoplatnen\u00e9 sumou 300 euro za spracovanie \u017eiadosti.<\/p>\n<p>&nbsp;<\/p>\n<p><strong>Najd\u00f4le\u017eitej\u0161ie inform\u00e1cie n\u00e1jdete v ponuke vpravo:<\/strong><\/p>\n<ul>\n<li><strong>UZNANIE U\u017d JESTVUJ\u00daCEHO TALIANSKEHO OB\u010cIANSTVA JURE SANGUINIS (PO PRIAMEJ L\u00cdNII BEZ PRERU\u0160ENIA);<\/strong><\/li>\n<li><strong>Z\u00cdSKANIE TALIANSKEHO OB\u010cIANSTVA MAN\u017dELSTVOM S TALIANSKYM OB\u010cANOM\/TALIANSKOU OB\u010cIANKOU;<\/strong><\/li>\n<li><strong>ZNOVUNADOBUDNUTIE TALIANSKEHO OB\u010cIANSTVA (PO JEHO STRATE).<\/strong><\/li>\n<\/ul>\n","protected":false},"excerpt":{"rendered":"V\u0161eobecn\u00e9 inform\u00e1cie sa nach\u00e1dzaj\u00fa na str\u00e1nke talianskeho Ministerstva zahrani\u010dn\u00fdch vec\u00ed a medzin\u00e1rodnej spolupr\u00e1ce:\u00a0 Informazioni generali sul sito del Ministero degli Affari Esteri e della Cooperazione Internazionale Talianske ob\u010dianstvo sa riadi z\u00e1konom \u010d. 91 z 5. febru\u00e1ra 1992. Talianske ob\u010dianstvo je zalo\u017een\u00e9 na pravidle jus sanguinis, na z\u00e1klade ktor\u00e9ho syn talianskeho ob\u010dana alebo ob\u010dianky nadob\u00fada automaticky [&hellip;]","protected":false},"author":1,"featured_media":0,"parent":197,"menu_order":2,"comment_status":"closed","ping_status":"closed","template":"","meta":{"footnotes":""},"class_list":["post-199","page","type-page","status-publish","hentry"],"_links":{"self":[{"href":"https:\/\/ambbratislava.esteri.it\/sk\/wp-json\/wp\/v2\/pages\/199","targetHints":{"allow":["GET"]}}],"collection":[{"href":"https:\/\/ambbratislava.esteri.it\/sk\/wp-json\/wp\/v2\/pages"}],"about":[{"href":"https:\/\/ambbratislava.esteri.it\/sk\/wp-json\/wp\/v2\/types\/page"}],"author":[{"embeddable":true,"href":"https:\/\/ambbratislava.esteri.it\/sk\/wp-json\/wp\/v2\/users\/1"}],"replies":[{"embeddable":true,"href":"https:\/\/ambbratislava.esteri.it\/sk\/wp-json\/wp\/v2\/comments?post=199"}],"version-history":[{"count":4,"href":"https:\/\/ambbratislava.esteri.it\/sk\/wp-json\/wp\/v2\/pages\/199\/revisions"}],"predecessor-version":[{"id":4786,"href":"https:\/\/ambbratislava.esteri.it\/sk\/wp-json\/wp\/v2\/pages\/199\/revisions\/4786"}],"up":[{"embeddable":true,"href":"https:\/\/ambbratislava.esteri.it\/sk\/wp-json\/wp\/v2\/pages\/197"}],"wp:attachment":[{"href":"https:\/\/ambbratislava.esteri.it\/sk\/wp-json\/wp\/v2\/media?parent=199"}],"curies":[{"name":"wp","href":"https:\/\/api.w.org\/{rel}","templated":true}]}}