{"id":198,"date":"2023-04-11T18:22:07","date_gmt":"2023-04-11T16:22:07","guid":{"rendered":"https:\/\/ambbratislava.esteri.it\/servizi-consolari-e-visti\/servizi-per-il-cittadino-straniero\/visti\/"},"modified":"2024-08-07T15:36:23","modified_gmt":"2024-08-07T13:36:23","slug":"visti","status":"publish","type":"page","link":"https:\/\/ambbratislava.esteri.it\/sk\/servizi-consolari-e-visti\/servizi-per-il-cittadino-straniero\/visti\/","title":{"rendered":"V\u00edza"},"content":{"rendered":"<p>Na (novom) port\u00e1li online <em>Il visto per l\u2019Italia<\/em>\u00a0(<a href=\"https:\/\/vistoperitalia.esteri.it\/home.aspx\">https:\/\/vistoperitalia.esteri.it\/home.aspx<\/a>)\u00a0, ktor\u00fd spravuje Ministerstvo zahrani\u010dn\u00fdch vec\u00ed a medzin\u00e1rodnej spolupr\u00e1ce n\u00e1jdete v\u0161etky inform\u00e1cie o n\u00e1le\u017eitostiach a podmienkach potrebn\u00fdch na udelenie v\u00edza do na\u0161ej krajiny.<\/p>\n<p><strong>Vstupn\u00e9 v\u00edzum\u00a0<\/strong><\/p>\n<p>V\u00edzum, ktor\u00e9 pozost\u00e1va z \u201cn\u00e1lepky\u201d (stickeru) nalepenej v pase, alebo v inom platnom cestovnom doklade \u017eiadate\u013ea, je vlastne povolen\u00edm, ktor\u00e9 umo\u017e\u0148uje cudzincovi vstup na \u00fazemie Talianskej republiky, alebo na \u00fazemie in\u00fdch zmluvn\u00fdch str\u00e1n kv\u00f4li tranzitu, alebo pobytu a ktor\u00e9ho udelenie sa zv\u00e1\u017ei v z\u00e1ujme dobr\u00fdch medzin\u00e1rodn\u00fdch vz\u0165ahov, n\u00e1rodnej bezpe\u010dnosti a verejn\u00e9ho poriadku.<\/p>\n<p>V\u00edzum, ktor\u00e9 vyd\u00e1vaj\u00fa talianske zastupite\u013esk\u00e9 \u00farady v zahrani\u010d\u00ed, umo\u017e\u0148uje tranzit alebo kr\u00e1tkodob\u00fd pobyt (do 90 dn\u00ed) v Taliansku aj v ostatn\u00fdch krajin\u00e1ch, ktor\u00e9 uplat\u0148uj\u00fa Schengensk\u00fd dohovor, a je zn\u00e1me ako &#8222;jednotn\u00e9 schengensk\u00e9 v\u00edzum&#8220; (v\u00edzum typu C). Podobne aj v\u00edzum typu C vydan\u00e9 diplomaticko-konzul\u00e1rnymi zastupite\u013estvami in\u00fdch kraj\u00edn, ktor\u00e9 uplat\u0148uj\u00fa dohovor, umo\u017e\u0148uje vstup na talianske \u00fazemie.<\/p>\n<p>Dlhodob\u00e9 vstupn\u00e9 v\u00edza (nad 90 dn\u00ed) s\u00fa zn\u00e1me ako &#8222;n\u00e1rodn\u00e9 v\u00edza&#8220; (visto nazionale VN) a umo\u017e\u0148uj\u00fa dlhodob\u00fd pobyt na \u00fazem\u00ed \u0161t\u00e1tu, ktor\u00fd v\u00edza vydal a za predpokladu, \u017ee s\u00fa st\u00e1le platn\u00e9, umo\u017e\u0148uj\u00fa vo\u013en\u00fd pohyb na \u00fazem\u00ed ostatn\u00fdch \u010dlensk\u00fdch \u0161t\u00e1tov po\u010das obdobia nepresahuj\u00faceho 90 dn\u00ed po\u010das \u0161iestich mesiacov.<\/p>\n<p><strong>\u017diados\u0165 o v\u00edzum<\/strong><\/p>\n<p>\u017diadatelia o v\u00edzum, ktor\u00ed maj\u00fa trval\u00fd pobyt v Slovenskej republike, predkladaj\u00fa \u017eiados\u0165 osobne po tom, ako si emailom, alebo telefonicky, dohodli term\u00edn s konzul\u00e1rnym oddelen\u00edm.<\/p>\n<p>\u00daradn\u00e9 hodiny Konzul\u00e1rneho oddelenia:<br \/>\n\u2013\u00a0 pondelok a\u017e piatok od \u00a09.00 do 12.00<br \/>\n\u2013\u00a0 v utorok aj od 14.30 do 16.00<\/p>\n<p>Adresa: Palis\u00e1dy 49, 811 06 Bratislava (vstup z Kuzm\u00e1nyho ulice)<br \/>\nTel.: +421 259800011<br \/>\nE-mail:\u00a0<a href=\"mailto:uffconsolare.bratis@esteri.it\">uffconsolare.bratis@esteri.it<\/a><\/p>\n<p>Pripom\u00edname, \u017ee na dohodnut\u00e9 stretnutie treba pr\u00eds\u0165 s kompletnou dokument\u00e1ciou potrebnou na udelenie pr\u00edslu\u0161n\u00e9ho typu po\u017eadovan\u00e9ho v\u00edza, s platn\u00fdm povolen\u00edm na pobyt vydan\u00fdm Slovenskou republikou, s vyplnen\u00fdm formul\u00e1rom \u017eiadosti o udelenie v\u00edza, s jednou fotografiou form\u00e1tu \u00a035&#215;45 mm a s pasom (platn\u00fdm e\u0161te tri mesiace po vypr\u0161an\u00ed udelen\u00e9ho v\u00edza; v pase musia by\u0165 aspo\u0148 dve pr\u00e1zdne strany).<\/p>\n<p>Cel\u00fa dokument\u00e1ciu treba prinies\u0165 v origin\u00e1le a v jednej k\u00f3pii.<\/p>\n<p>Malolet\u00ed, ktor\u00fdm sa ude\u013euje v\u00edzum, musia pr\u00eds\u0165 v sprievode oboch rodi\u010dov.<\/p>\n<p>Formul\u00e1r \u017eiadosti o v\u00edzum si mo\u017eno stiahnu\u0165 v sekcii <em>Modulistica<\/em>.<\/p>\n","protected":false},"excerpt":{"rendered":"Na (novom) port\u00e1li online Il visto per l\u2019Italia\u00a0(https:\/\/vistoperitalia.esteri.it\/home.aspx)\u00a0, ktor\u00fd spravuje Ministerstvo zahrani\u010dn\u00fdch vec\u00ed a medzin\u00e1rodnej spolupr\u00e1ce n\u00e1jdete v\u0161etky inform\u00e1cie o n\u00e1le\u017eitostiach a podmienkach potrebn\u00fdch na udelenie v\u00edza do na\u0161ej krajiny. Vstupn\u00e9 v\u00edzum\u00a0 V\u00edzum, ktor\u00e9 pozost\u00e1va z \u201cn\u00e1lepky\u201d (stickeru) nalepenej v pase, alebo v inom platnom cestovnom doklade \u017eiadate\u013ea, je vlastne povolen\u00edm, ktor\u00e9 umo\u017e\u0148uje cudzincovi vstup [&hellip;]","protected":false},"author":1,"featured_media":0,"parent":197,"menu_order":0,"comment_status":"closed","ping_status":"closed","template":"","meta":{"footnotes":""},"class_list":["post-198","page","type-page","status-publish","hentry"],"_links":{"self":[{"href":"https:\/\/ambbratislava.esteri.it\/sk\/wp-json\/wp\/v2\/pages\/198","targetHints":{"allow":["GET"]}}],"collection":[{"href":"https:\/\/ambbratislava.esteri.it\/sk\/wp-json\/wp\/v2\/pages"}],"about":[{"href":"https:\/\/ambbratislava.esteri.it\/sk\/wp-json\/wp\/v2\/types\/page"}],"author":[{"embeddable":true,"href":"https:\/\/ambbratislava.esteri.it\/sk\/wp-json\/wp\/v2\/users\/1"}],"replies":[{"embeddable":true,"href":"https:\/\/ambbratislava.esteri.it\/sk\/wp-json\/wp\/v2\/comments?post=198"}],"version-history":[{"count":2,"href":"https:\/\/ambbratislava.esteri.it\/sk\/wp-json\/wp\/v2\/pages\/198\/revisions"}],"predecessor-version":[{"id":4655,"href":"https:\/\/ambbratislava.esteri.it\/sk\/wp-json\/wp\/v2\/pages\/198\/revisions\/4655"}],"up":[{"embeddable":true,"href":"https:\/\/ambbratislava.esteri.it\/sk\/wp-json\/wp\/v2\/pages\/197"}],"wp:attachment":[{"href":"https:\/\/ambbratislava.esteri.it\/sk\/wp-json\/wp\/v2\/media?parent=198"}],"curies":[{"name":"wp","href":"https:\/\/api.w.org\/{rel}","templated":true}]}}