{"id":183,"date":"2023-04-11T17:55:33","date_gmt":"2023-04-11T15:55:33","guid":{"rendered":"https:\/\/ambbratislava.esteri.it\/chi-siamo\/la-sede\/"},"modified":"2025-01-03T18:28:19","modified_gmt":"2025-01-03T17:28:19","slug":"la-sede","status":"publish","type":"page","link":"https:\/\/ambbratislava.esteri.it\/sk\/chi-siamo\/la-sede\/","title":{"rendered":"S\u00eddlo"},"content":{"rendered":"<div class=\"translate-tooltip-mtz translator-hidden\">\n<div class=\"header\">\n<div class=\"header-controls\">Translator<\/div>\n<div class=\"header-controls\"><\/div>\n<div class=\"header-controls\"><\/div>\n<\/div>\n<div class=\"translated-text\">\n<div class=\"words\"><\/div>\n<div class=\"sentences\"><\/div>\n<\/div>\n<\/div>\n<p>&nbsp;<\/p>\n<div class=\"translate-tooltip-mtz translator-hidden\">\n<div class=\"header\">\n<div class=\"header-controls\">Translator<\/div>\n<div class=\"header-controls\"><\/div>\n<div class=\"header-controls\"><\/div>\n<\/div>\n<div class=\"translated-text\">\n<div class=\"words\"><\/div>\n<div class=\"sentences\"><\/div>\n<\/div>\n<\/div>\n<p>&nbsp;<\/p>\n<div class=\"translate-tooltip-mtz translator-hidden\">\n<div class=\"header\">\n<div class=\"header-controls\">Translator<\/div>\n<\/div>\n<\/div>\n<div class=\"translate-tooltip-mtz translator-hidden\">\n<div class=\"header\">\n<div class=\"header-controls\">Translator<\/div>\n<div class=\"header-controls\"><\/div>\n<div class=\"header-controls\"><\/div>\n<\/div>\n<div class=\"translated-text\">\n<div class=\"words\"><\/div>\n<div class=\"sentences\"><\/div>\n<\/div>\n<\/div>\n<p align=\"justify\"><strong>Talianske ve\u013evyslanectvo v Bratislave<br \/>\n<\/strong>Palis\u00e1dy 49<br \/>\n811 06 Bratislava (Slovensko)<br \/>\nTel. +421 (0)2 59 80 00 11 (spojovate\u013e)<br \/>\nFax: +421 (0)2 5441 0364<br \/>\nEmail: <a href=\"mailto:amb.bratislava@esteri.it\">amb.bratislava@esteri.it<\/a><br \/>\nPEC:\u00a0<a href=\"mailto:amb.bratislava@cert.esteri.it\">amb.bratislava@cert.esteri.it<\/a><\/p>\n<p>Kde n\u00e1s n\u00e1jdete: <a href=\"https:\/\/goo.gl\/maps\/NYiFMyoVsb72\">Mappa\u00a0<\/a><\/p>\n<p>Talianske ve\u013evyslanectvo bude v roku 2025 zavret\u00e9 pri pr\u00edle\u017eitosti nasleduj\u00facich sviatkov:<\/p>\n<ul>\n<li>1. janu\u00e1r &#8211; NOV\u00dd ROK<\/li>\n<li>6. janu\u00e1r &#8211; TRAJA KR\u00c1LI<\/li>\n<li>18. apr\u00edl &#8211; VE\u013dK\u00dd PIATOK<\/li>\n<li>21. apr\u00edl &#8211; VE\u013dKONO\u010cN\u00dd PONDELOK<\/li>\n<li>25. apr\u00edl &#8211; DE\u0147 OSLOBODENIA<\/li>\n<li>1. m\u00e1j &#8211; SVIATOK PR\u00c1CE<\/li>\n<li>5. j\u00fal &#8211; SVIATOK SV. CYRILA A METODA<\/li>\n<li>15. august &#8211; FERRAGOSTO<\/li>\n<li>17. november &#8211; De\u0148 boja za slobodu a demokraciu<\/li>\n<li>25. december &#8211; PRV\u00dd SVIATOK VIANO\u010cN\u00dd<\/li>\n<li>26. december &#8211; DRUH\u00dd SVIATOK VIANO\u010cN\u00dd<\/li>\n<\/ul>\n","protected":false},"excerpt":{"rendered":"Translator &nbsp; Translator &nbsp; Translator Translator Talianske ve\u013evyslanectvo v Bratislave Palis\u00e1dy 49 811 06 Bratislava (Slovensko) Tel. +421 (0)2 59 80 00 11 (spojovate\u013e) Fax: +421 (0)2 5441 0364 Email: amb.bratislava@esteri.it PEC:\u00a0amb.bratislava@cert.esteri.it Kde n\u00e1s n\u00e1jdete: Mappa\u00a0 Talianske ve\u013evyslanectvo bude v roku 2025 zavret\u00e9 pri pr\u00edle\u017eitosti nasleduj\u00facich sviatkov: 1. janu\u00e1r &#8211; NOV\u00dd ROK 6. janu\u00e1r &#8211; [&hellip;]","protected":false},"author":1,"featured_media":0,"parent":157,"menu_order":2,"comment_status":"closed","ping_status":"closed","template":"","meta":{"footnotes":""},"class_list":["post-183","page","type-page","status-publish","hentry"],"_links":{"self":[{"href":"https:\/\/ambbratislava.esteri.it\/sk\/wp-json\/wp\/v2\/pages\/183","targetHints":{"allow":["GET"]}}],"collection":[{"href":"https:\/\/ambbratislava.esteri.it\/sk\/wp-json\/wp\/v2\/pages"}],"about":[{"href":"https:\/\/ambbratislava.esteri.it\/sk\/wp-json\/wp\/v2\/types\/page"}],"author":[{"embeddable":true,"href":"https:\/\/ambbratislava.esteri.it\/sk\/wp-json\/wp\/v2\/users\/1"}],"replies":[{"embeddable":true,"href":"https:\/\/ambbratislava.esteri.it\/sk\/wp-json\/wp\/v2\/comments?post=183"}],"version-history":[{"count":7,"href":"https:\/\/ambbratislava.esteri.it\/sk\/wp-json\/wp\/v2\/pages\/183\/revisions"}],"predecessor-version":[{"id":5672,"href":"https:\/\/ambbratislava.esteri.it\/sk\/wp-json\/wp\/v2\/pages\/183\/revisions\/5672"}],"up":[{"embeddable":true,"href":"https:\/\/ambbratislava.esteri.it\/sk\/wp-json\/wp\/v2\/pages\/157"}],"wp:attachment":[{"href":"https:\/\/ambbratislava.esteri.it\/sk\/wp-json\/wp\/v2\/media?parent=183"}],"curies":[{"name":"wp","href":"https:\/\/api.w.org\/{rel}","templated":true}]}}