{"id":182,"date":"2023-04-11T17:08:57","date_gmt":"2023-04-11T15:08:57","guid":{"rendered":"https:\/\/ambbratislava.esteri.it\/servizi-consolari-e-visti\/"},"modified":"2024-01-09T16:57:17","modified_gmt":"2024-01-09T15:57:17","slug":"servizi-consolari-e-visti","status":"publish","type":"page","link":"https:\/\/ambbratislava.esteri.it\/sk\/servizi-consolari-e-visti\/","title":{"rendered":"Konzul\u00e1rne av\u00edzov\u00e9 slu\u017eby"},"content":{"rendered":"","protected":false},"excerpt":{"rendered":"","protected":false},"author":1,"featured_media":0,"parent":0,"menu_order":6,"comment_status":"closed","ping_status":"closed","template":"","meta":{"footnotes":""},"class_list":["post-182","page","type-page","status-publish","hentry"],"_links":{"self":[{"href":"https:\/\/ambbratislava.esteri.it\/sk\/wp-json\/wp\/v2\/pages\/182","targetHints":{"allow":["GET"]}}],"collection":[{"href":"https:\/\/ambbratislava.esteri.it\/sk\/wp-json\/wp\/v2\/pages"}],"about":[{"href":"https:\/\/ambbratislava.esteri.it\/sk\/wp-json\/wp\/v2\/types\/page"}],"author":[{"embeddable":true,"href":"https:\/\/ambbratislava.esteri.it\/sk\/wp-json\/wp\/v2\/users\/1"}],"replies":[{"embeddable":true,"href":"https:\/\/ambbratislava.esteri.it\/sk\/wp-json\/wp\/v2\/comments?post=182"}],"version-history":[{"count":2,"href":"https:\/\/ambbratislava.esteri.it\/sk\/wp-json\/wp\/v2\/pages\/182\/revisions"}],"predecessor-version":[{"id":3116,"href":"https:\/\/ambbratislava.esteri.it\/sk\/wp-json\/wp\/v2\/pages\/182\/revisions\/3116"}],"wp:attachment":[{"href":"https:\/\/ambbratislava.esteri.it\/sk\/wp-json\/wp\/v2\/media?parent=182"}],"curies":[{"name":"wp","href":"https:\/\/api.w.org\/{rel}","templated":true}]}}