{"id":178,"date":"2023-04-11T18:24:38","date_gmt":"2023-04-11T16:24:38","guid":{"rendered":"https:\/\/ambbratislava.esteri.it\/italia-e-repubblica-ceca\/diplomazia-culturale\/studiare-in-italia\/"},"modified":"2026-02-24T09:18:32","modified_gmt":"2026-02-24T08:18:32","slug":"studiare-in-italia","status":"publish","type":"page","link":"https:\/\/ambbratislava.esteri.it\/sk\/italia-e-slovacchia\/diplomazia-culturale\/studiare-in-italia\/","title":{"rendered":"\u0160t\u00fadium v Taliansku"},"content":{"rendered":"<p style=\"text-align: justify;\"><a href=\"https:\/\/www.esteri.it\/en\/opportunita\/borse-di-studio\/per-cittadini-stranieri\/borse-di-studio-offerte-dalle-universita\">Na tejto str\u00e1nke Ministerstva zahrani\u010dn\u00fdch vec\u00ed a medzin\u00e1rodnej spolupr\u00e1ce<\/a> je mo\u017en\u00e9 n\u00e1js\u0165 najnov\u0161ie ponuky \u0161tipendi\u00ed, ktor\u00e9 talianske univerzity pon\u00fakaj\u00fa \u0161tudentom, ktor\u00ed maj\u00fa z\u00e1ujem \u0161tudova\u0165 v Taliansku.<\/p>\n","protected":false},"excerpt":{"rendered":"Na tejto str\u00e1nke Ministerstva zahrani\u010dn\u00fdch vec\u00ed a medzin\u00e1rodnej spolupr\u00e1ce je mo\u017en\u00e9 n\u00e1js\u0165 najnov\u0161ie ponuky \u0161tipendi\u00ed, ktor\u00e9 talianske univerzity pon\u00fakaj\u00fa \u0161tudentom, ktor\u00ed maj\u00fa z\u00e1ujem \u0161tudova\u0165 v Taliansku.","protected":false},"author":1,"featured_media":0,"parent":175,"menu_order":0,"comment_status":"closed","ping_status":"closed","template":"","meta":{"footnotes":""},"class_list":["post-178","page","type-page","status-publish","hentry"],"_links":{"self":[{"href":"https:\/\/ambbratislava.esteri.it\/sk\/wp-json\/wp\/v2\/pages\/178","targetHints":{"allow":["GET"]}}],"collection":[{"href":"https:\/\/ambbratislava.esteri.it\/sk\/wp-json\/wp\/v2\/pages"}],"about":[{"href":"https:\/\/ambbratislava.esteri.it\/sk\/wp-json\/wp\/v2\/types\/page"}],"author":[{"embeddable":true,"href":"https:\/\/ambbratislava.esteri.it\/sk\/wp-json\/wp\/v2\/users\/1"}],"replies":[{"embeddable":true,"href":"https:\/\/ambbratislava.esteri.it\/sk\/wp-json\/wp\/v2\/comments?post=178"}],"version-history":[{"count":4,"href":"https:\/\/ambbratislava.esteri.it\/sk\/wp-json\/wp\/v2\/pages\/178\/revisions"}],"predecessor-version":[{"id":7448,"href":"https:\/\/ambbratislava.esteri.it\/sk\/wp-json\/wp\/v2\/pages\/178\/revisions\/7448"}],"up":[{"embeddable":true,"href":"https:\/\/ambbratislava.esteri.it\/sk\/wp-json\/wp\/v2\/pages\/175"}],"wp:attachment":[{"href":"https:\/\/ambbratislava.esteri.it\/sk\/wp-json\/wp\/v2\/media?parent=178"}],"curies":[{"name":"wp","href":"https:\/\/api.w.org\/{rel}","templated":true}]}}