{"id":175,"date":"2023-04-11T18:10:45","date_gmt":"2023-04-11T16:10:45","guid":{"rendered":"https:\/\/ambbratislava.esteri.it\/italia-e-repubblica-ceca\/diplomazia-culturale\/"},"modified":"2024-08-21T13:51:14","modified_gmt":"2024-08-21T11:51:14","slug":"diplomazia-culturale","status":"publish","type":"page","link":"https:\/\/ambbratislava.esteri.it\/sk\/italia-e-slovacchia\/diplomazia-culturale\/","title":{"rendered":"Kult\u00farna diplomacia"},"content":{"rendered":"<p>V Slovenskej republike p\u00f4sob\u00ed <a href=\"https:\/\/iicbratislava.esteri.it\/sk\/\">Taliansky kult\u00farny in\u0161tit\u00fat v Bratislave<\/a>, ktor\u00e9ho cie\u013eom je propag\u00e1cia a \u0161\u00edrenie talianskeho jazyka a kult\u00fary na Slovensku prostredn\u00edctvom organizovania po\u010detn\u00fdch a r\u00f4znorod\u00fdch kult\u00farnych podujat\u00ed, zameran\u00fdch na podporu poznania mnohorak\u00fdch prejavov talianskej kult\u00fary a tvorivosti medzi slovenskou verejnos\u0165ou, a to v r\u00f4znych odvetviach &#8211; od kinematografie po literat\u00faru, od v\u00fdtvarn\u00e9ho umenia po hudbu.<\/p>\n<p>&nbsp;<\/p>\n<p><img decoding=\"async\" class=\"alignleft\" src=\"https:\/\/encrypted-tbn0.gstatic.com\/images?q=tbn:ANd9GcQCzE9ixI-uEoUuEXzxxxkGJ8aCQOt4h2sqxQ&amp;s\" alt=\"Istituto Italiano di Cultura di Bratislava | Bratislava\" \/><\/p>\n<p>Taliansky kult\u00farny in\u0161tit\u00fat so s\u00eddlom v Bratislave<br \/>\nKapuc\u00ednska 7<br \/>\n811 03 Bratislava<\/p>\n<p>tel. +421 2 59 30 71 11<br \/>\nemail:\u00a0<a href=\"mailto:iicbratislava@esteri.it\">iicbratislava@esteri.it<\/a><\/p>\n<p><strong>OTV\u00c1RACIE HODINY PRE VEREJNOS\u0164<\/strong><\/p>\n<p>Pondelok &#8211; streda:10:00-12:30 a 14:00-18:00<br \/>\n\u0160tvrtok: 10:00-12:30 a 14:00-16:00<\/p>\n<p>&nbsp;<\/p>\n<p><strong>Taliansky kult\u00farny in\u0161tit\u00fat v Bratislave pon\u00faka slovenskej verejnosti aj tieto slu\u017eby:<\/strong><\/p>\n<p>&#8211; kurzy talianskeho jazyka a re\u00e1li\u00ed<\/p>\n<p>&#8211; Sk\u00fa\u0161ky CILS Univerzity pre cudzincov v Siene na z\u00edskanie diplomu o znalosti talian\u010diny ako cudzieho jazyka;<\/p>\n<p>&#8211; kni\u017enica, ktor\u00e1 je \u010dlenom k dispoz\u00edcii na konzult\u00e1cie a po\u017ei\u010diavanie talianskych kn\u00edh, CD, DVD, \u010dasopisov a nov\u00edn;<\/p>\n<p>&#8211; informa\u010dn\u00fd a dokumenta\u010dn\u00fd servis o Taliansku v oblasti kult\u00fary.<\/p>\n<p>K jazykovej a kult\u00farnej propag\u00e1cii prispieva aj v\u00fdbor \u201eSpolo\u010dnosti Dante Alighieriho \u201c v Ko\u0161iciach, ktor\u00fd organizuje iniciat\u00edvy, ako s\u00fa konferencie, premietania, \u0161tudijn\u00e9 pobyty a kurzy talianskeho jazyka pre cudzincov s vyd\u00e1van\u00edm certifik\u00e1tov PLIDA (Projekt talianskeho jazyka Dante Alighieri) &#8211; ako aj po\u010detn\u00e9 \u0161koly a univerzity, kde sa vyu\u010duje taliansky jazyk.<\/p>\n<p>Patr\u00ed k nim predov\u0161etk\u00fdm taliansko-slovensk\u00e1 bilingv\u00e1lna sekcia na Gymn\u00e1ziu L. S\u00e1ru v Bratislave, zalo\u017een\u00e1 v roku 1991, ktor\u00e1 m\u00e1 najv\u00e4\u010d\u0161\u00ed po\u010det \u0161tudentov talianskeho jazyka zo v\u0161etk\u00fdch in\u0161tit\u00faci\u00ed pr\u00edtomn\u00fdch na \u00fazem\u00ed Slovenska (v s\u00fa\u010dasnosti ju nav\u0161tevuje takmer 200 \u0161tudentov rozlo\u017een\u00fdch do piatich ro\u010dn\u00edkov \u0161t\u00fadia). Bilingv\u00e1lna sekcia sa opiera o pr\u00edtomnos\u0165 u\u010dite\u013eov materinsk\u00e9ho jazyka v pedagogickom zbore (vr\u00e1tane 4 u\u010dite\u013eov vyslan\u00fdch talianskym Ministerstvom zahrani\u010dn\u00fdch vec\u00ed a medzin\u00e1rodnej spolupr\u00e1ce).<\/p>\n<p>V\u00fdu\u010dba talianskeho jazyka prebieha aj mimo hlavn\u00e9ho mesta, kurzy sa pon\u00fakaj\u00fa na mnoh\u00fdch \u010fal\u0161\u00edch stredn\u00fdch \u0161kol\u00e1ch na Slovensku (Ko\u0161ice, Pre\u0161ov, Trebi\u0161ov, Nitra, Spi\u0161sk\u00e1 Nov\u00e1 Ves).<\/p>\n<p>Na univerzitnej \u00farovni sa otv\u00e1raj\u00fa odbory \u0161t\u00fadia talian\u010diny na Univerzite Komensk\u00e9ho v Bratislave, Univerzite Kon\u0161tant\u00edna Filozofa v Nitre a Katol\u00edckej univerzite v Ru\u017eomberku.<\/p>\n<p>&nbsp;<\/p>\n","protected":false},"excerpt":{"rendered":"V Slovenskej republike p\u00f4sob\u00ed Taliansky kult\u00farny in\u0161tit\u00fat v Bratislave, ktor\u00e9ho cie\u013eom je propag\u00e1cia a \u0161\u00edrenie talianskeho jazyka a kult\u00fary na Slovensku prostredn\u00edctvom organizovania po\u010detn\u00fdch a r\u00f4znorod\u00fdch kult\u00farnych podujat\u00ed, zameran\u00fdch na podporu poznania mnohorak\u00fdch prejavov talianskej kult\u00fary a tvorivosti medzi slovenskou verejnos\u0165ou, a to v r\u00f4znych odvetviach &#8211; od kinematografie po literat\u00faru, od v\u00fdtvarn\u00e9ho umenia po [&hellip;]","protected":false},"author":1,"featured_media":0,"parent":168,"menu_order":2,"comment_status":"closed","ping_status":"closed","template":"","meta":{"footnotes":""},"class_list":["post-175","page","type-page","status-publish","hentry"],"_links":{"self":[{"href":"https:\/\/ambbratislava.esteri.it\/sk\/wp-json\/wp\/v2\/pages\/175","targetHints":{"allow":["GET"]}}],"collection":[{"href":"https:\/\/ambbratislava.esteri.it\/sk\/wp-json\/wp\/v2\/pages"}],"about":[{"href":"https:\/\/ambbratislava.esteri.it\/sk\/wp-json\/wp\/v2\/types\/page"}],"author":[{"embeddable":true,"href":"https:\/\/ambbratislava.esteri.it\/sk\/wp-json\/wp\/v2\/users\/1"}],"replies":[{"embeddable":true,"href":"https:\/\/ambbratislava.esteri.it\/sk\/wp-json\/wp\/v2\/comments?post=175"}],"version-history":[{"count":7,"href":"https:\/\/ambbratislava.esteri.it\/sk\/wp-json\/wp\/v2\/pages\/175\/revisions"}],"predecessor-version":[{"id":4796,"href":"https:\/\/ambbratislava.esteri.it\/sk\/wp-json\/wp\/v2\/pages\/175\/revisions\/4796"}],"up":[{"embeddable":true,"href":"https:\/\/ambbratislava.esteri.it\/sk\/wp-json\/wp\/v2\/pages\/168"}],"wp:attachment":[{"href":"https:\/\/ambbratislava.esteri.it\/sk\/wp-json\/wp\/v2\/media?parent=175"}],"curies":[{"name":"wp","href":"https:\/\/api.w.org\/{rel}","templated":true}]}}