{"id":174,"date":"2023-04-11T18:23:52","date_gmt":"2023-04-11T16:23:52","guid":{"rendered":"https:\/\/ambbratislava.esteri.it\/italia-e-repubblica-ceca\/diplomazia-economica\/fare-affari-nella-repubblica-ceca\/"},"modified":"2024-08-21T13:59:48","modified_gmt":"2024-08-21T11:59:48","slug":"fare-affari-nella-repubblica-ceca","status":"publish","type":"page","link":"https:\/\/ambbratislava.esteri.it\/sk\/italia-e-slovacchia\/diplomazia-economica\/fare-affari-nella-repubblica-ceca\/","title":{"rendered":"Podnikanie na Slovensku"},"content":{"rendered":"<p>Pre inform\u00e1cie o mo\u017enostiach podnikania na Slovensku odpor\u00fa\u010dame nav\u0161t\u00edvi\u0165 pr\u00edslu\u0161n\u00fa str\u00e1nku webov\u00e9ho port\u00e1lu \u201cInfo Mercati Esteri\u201d (<a href=\"https:\/\/www.infomercatiesteri.it\/paese.php?id_paesi=90\">https:\/\/www.infomercatiesteri.it\/paese.php?id_paesi=90<\/a>) Ministerstva zahrani\u010dn\u00fdch vec\u00ed a medzin\u00e1rodnej spolupr\u00e1ce, ktor\u00fd pon\u00faka inovat\u00edvnu a \u00faplne bezplatn\u00fa platformu vytvoren\u00fa s cie\u013eom uspokoji\u0165 po\u017eiadavky dom\u00e1cich hospod\u00e1rskych subjektov na inform\u00e1cie o zahrani\u010dn\u00fdch trhoch.<\/p>\n<p>&nbsp;<\/p>\n<p>Pre inform\u00e1cie o investi\u010dn\u00fdch pr\u00edle\u017eitostiach, stimuloch pon\u00fakan\u00fdch \u0161t\u00e1tnou spr\u00e1vou, podporn\u00fdch slu\u017eb\u00e1ch pre realiz\u00e1ciu invest\u00edcie (preh\u013ead podnikate\u013esk\u00e9ho prostredia, anal\u00fdza trhu, identifik\u00e1cia miestnych dod\u00e1vate\u013eov, vyh\u013ead\u00e1vanie partnerov, dodr\u017eiavanie pr\u00e1vnych a da\u0148ov\u00fdch predpisov) v\u00e1s poz\u00fdvame na tieto str\u00e1nky:<\/p>\n<p>&#8211; port\u00e1l SARIO, Slovenskej agent\u00fary pre rozvoj invest\u00edci\u00ed a obchodu, \u0161t\u00e1tnej agent\u00fary na podporu invest\u00edci\u00ed Slovenskej republiky, ktor\u00e1 spad\u00e1 pod Ministerstvo hospod\u00e1rstva Slovenskej republiky: <a href=\"https:\/\/www.sario.sk\/en\/about-us\">https:\/\/www.sario.sk\/en\/about-us<\/a><\/p>\n<p>&#8211; sekciu venovan\u00fa Slovensku na internetovej str\u00e1nke ICE &#8211; Agent\u00fary pre propag\u00e1ciu v zahrani\u010d\u00ed a internacionaliz\u00e1ciu talianskych podnikov: <a href=\"https:\/\/www.ice.it\/it\/mercati\/slovacchia\">https:\/\/www.ice.it\/it\/mercati\/slovacchia<\/a><\/p>\n<p>&#8211; informa\u010dn\u00e1 spr\u00e1va o Slovensku agent\u00fary SACE: <a href=\"https:\/\/www.sace.it\/mappe\/dettaglio\/slovacchia-repubblica\">https:\/\/www.sace.it\/mappe\/dettaglio\/slovacchia-repubblica<\/a><\/p>\n<p>&#8211; webov\u00e1 str\u00e1nka Taliansko-slovenskej obchodnej komory so s\u00eddlom v Bratislave: <a href=\"https:\/\/camit.sk\/it\">https:\/\/camit.sk\/it<\/a> .<\/p>\n","protected":false},"excerpt":{"rendered":"Pre inform\u00e1cie o mo\u017enostiach podnikania na Slovensku odpor\u00fa\u010dame nav\u0161t\u00edvi\u0165 pr\u00edslu\u0161n\u00fa str\u00e1nku webov\u00e9ho port\u00e1lu \u201cInfo Mercati Esteri\u201d (https:\/\/www.infomercatiesteri.it\/paese.php?id_paesi=90) Ministerstva zahrani\u010dn\u00fdch vec\u00ed a medzin\u00e1rodnej spolupr\u00e1ce, ktor\u00fd pon\u00faka inovat\u00edvnu a \u00faplne bezplatn\u00fa platformu vytvoren\u00fa s cie\u013eom uspokoji\u0165 po\u017eiadavky dom\u00e1cich hospod\u00e1rskych subjektov na inform\u00e1cie o zahrani\u010dn\u00fdch trhoch. &nbsp; Pre inform\u00e1cie o investi\u010dn\u00fdch pr\u00edle\u017eitostiach, stimuloch pon\u00fakan\u00fdch \u0161t\u00e1tnou spr\u00e1vou, podporn\u00fdch slu\u017eb\u00e1ch [&hellip;]","protected":false},"author":1,"featured_media":0,"parent":169,"menu_order":0,"comment_status":"closed","ping_status":"closed","template":"","meta":{"footnotes":""},"class_list":["post-174","page","type-page","status-publish","hentry"],"_links":{"self":[{"href":"https:\/\/ambbratislava.esteri.it\/sk\/wp-json\/wp\/v2\/pages\/174","targetHints":{"allow":["GET"]}}],"collection":[{"href":"https:\/\/ambbratislava.esteri.it\/sk\/wp-json\/wp\/v2\/pages"}],"about":[{"href":"https:\/\/ambbratislava.esteri.it\/sk\/wp-json\/wp\/v2\/types\/page"}],"author":[{"embeddable":true,"href":"https:\/\/ambbratislava.esteri.it\/sk\/wp-json\/wp\/v2\/users\/1"}],"replies":[{"embeddable":true,"href":"https:\/\/ambbratislava.esteri.it\/sk\/wp-json\/wp\/v2\/comments?post=174"}],"version-history":[{"count":3,"href":"https:\/\/ambbratislava.esteri.it\/sk\/wp-json\/wp\/v2\/pages\/174\/revisions"}],"predecessor-version":[{"id":4813,"href":"https:\/\/ambbratislava.esteri.it\/sk\/wp-json\/wp\/v2\/pages\/174\/revisions\/4813"}],"up":[{"embeddable":true,"href":"https:\/\/ambbratislava.esteri.it\/sk\/wp-json\/wp\/v2\/pages\/169"}],"wp:attachment":[{"href":"https:\/\/ambbratislava.esteri.it\/sk\/wp-json\/wp\/v2\/media?parent=174"}],"curies":[{"name":"wp","href":"https:\/\/api.w.org\/{rel}","templated":true}]}}