{"id":170,"date":"2023-04-11T18:24:01","date_gmt":"2023-04-11T16:24:01","guid":{"rendered":"https:\/\/ambbratislava.esteri.it\/italia-e-repubblica-ceca\/diplomazia-economica\/fare-affari-in-italia\/"},"modified":"2024-08-21T13:59:18","modified_gmt":"2024-08-21T11:59:18","slug":"fare-affari-in-italia","status":"publish","type":"page","link":"https:\/\/ambbratislava.esteri.it\/sk\/italia-e-slovacchia\/diplomazia-economica\/fare-affari-in-italia\/","title":{"rendered":"Podnikanie v Taliansku"},"content":{"rendered":"<p><a href=\"https:\/\/www.investinitaly.gov.it\/en\">InvestinItaly.gov.it <\/a>je nov\u00fd port\u00e1l v anglickom jazyku, ktor\u00fd predstavuje hlavn\u00e9 investi\u010dn\u00e9 pr\u00edle\u017eitosti v Taliansku v 13 strategick\u00fdch odvetviach a poskytuje inform\u00e1cie o stimuloch a postupoch na z\u00edskanie viac ako 250 priemyseln\u00fdch lokal\u00edt, ktor\u00e9 s\u00fa investorom okam\u017eite k dispoz\u00edcii.<\/p>\n<p>&nbsp;<\/p>\n<p><a href=\"https:\/\/www.invitalia.it\/eng\">Invitalia<\/a> je n\u00e1rodn\u00e1 agent\u00fara zameran\u00e1 na pril\u00e1kanie invest\u00edci\u00ed a rozvoj podnikania, ktor\u00e1 kon\u00e1 na z\u00e1klade poverenia\u00a0 vl\u00e1dy s cie\u013eom zv\u00fd\u0161i\u0165 konkurencieschopnos\u0165 krajiny, najm\u00e4 na juhu Talianska a podpori\u0165 strategick\u00e9 rozvojov\u00e9 odvetvia. Jej prioritn\u00fdmi cie\u013emi s\u00fa: podporova\u0165 pril\u00e1kanie zahrani\u010dn\u00fdch invest\u00edci\u00ed, podporova\u0165 inov\u00e1cie a rast v\u00fdrobn\u00e9ho syst\u00e9mu a zvy\u0161ova\u0165 potenci\u00e1l \u00fazem\u00ed.<\/p>\n<p>&nbsp;<\/p>\n<p><span style=\"text-decoration: underline;\"><strong>Referen\u010dn\u00e9 in\u0161tit\u00facie<\/strong><\/span><\/p>\n<p><a href=\"https:\/\/www.ice.it\/en\/\">ICE-Agenzia per la promozione all&#8217;estero e l&#8217;internazionalizzazione delle imprese italiane<\/a> je talianska agent\u00fara, ktor\u00e1 u\u013eah\u010duje pr\u00edstup talianskych spolo\u010dnost\u00ed, najm\u00e4 mal\u00fdch a stredn\u00fdch podnikov, na svetov\u00fd trh. V\u010faka celosvetovej sieti 79 opera\u010dn\u00fdch jednotiek poskytuje pomoc, poradenstvo a podporu obchodu prisp\u00f4soben\u00fa ka\u017ed\u00e9mu podniku a syst\u00e9mu \u201cSistema Italia\u201d. Jej \u010dinnos\u0165 je zameran\u00e1 na u\u013eah\u010denie medzin\u00e1rodn\u00e9ho obchodu poskytovan\u00edm inform\u00e1ci\u00ed o obchodn\u00fdch pr\u00edle\u017eitostiach, invest\u00edci\u00e1ch a medzin\u00e1rodn\u00fdch tendroch, \u010d\u00edm prispieva k hospod\u00e1rskemu rozvoju krajiny.<\/p>\n<p>&nbsp;<\/p>\n<p><a href=\"https:\/\/www.unioncamere.gov.it\/\">Unione delle Camere di Commercio, Industria, Artigianato e Agricoltura<\/a> je referen\u010dn\u00fdm bodom pre v\u00fdrobn\u00e9 odvetvia na miestnej, n\u00e1rodnej a medzin\u00e1rodnej \u00farovni. Podporuje a riadi slu\u017eby pre obchodn\u00e9 komory a hospod\u00e1rske kateg\u00f3rie, rozv\u00edja spolupr\u00e1cu so sie\u0165ou talianskych obchodn\u00fdch kom\u00f4r v zahrani\u010d\u00ed a u\u013eah\u010duje pr\u00edstup k programom E\u00da a medzin\u00e1rodn\u00fdm dohod\u00e1m, \u010d\u00edm propaguje Taliansko vo svete pomocou modern\u00fdch technol\u00f3gi\u00ed.<\/p>\n<p>&nbsp;<\/p>\n<p><a href=\"https:\/\/www.assocamerestero.it\/\">Assocamerestero<\/a> je zdru\u017eenie talianskych obchodn\u00fdch kom\u00f4r vo svete, ktor\u00e9 bolo vytvoren\u00e9 s cie\u013eom posilni\u0165 a rozv\u00edja\u0165 \u010dinnos\u0165 kom\u00f4r, zvidite\u013eni\u0165 ich v talianskych a medzin\u00e1rodn\u00fdch in\u0161tit\u00faci\u00e1ch a obchodn\u00fdch organiz\u00e1ci\u00e1ch. Zdru\u017eenie podporuje talianske obchodn\u00e9 komory v zahrani\u010d\u00ed, u\u013eah\u010duje strategick\u00fa spolupr\u00e1cu, komunik\u00e1ciu a pomoc nov\u00fdm komor\u00e1m a vytv\u00e1ranie medzin\u00e1rodn\u00fdch siet\u00ed.<\/p>\n<p>&nbsp;<\/p>\n<p><a href=\"https:\/\/www.confindustria.it\/en\">Confindustria<\/a> (Organiz\u00e1cia zastupuj\u00faca v\u00fdrobn\u00e9 podniky a podniky slu\u017eieb v Taliansku): bola zalo\u017een\u00e1 v roku 1910 a zastupuje v\u00fdrobn\u00e9 podniky a podniky slu\u017eieb v Taliansku, ktor\u00e9 maj\u00fa viac ako 147 000 podnikov a pribli\u017ene 5 416 777 zamestnancov. Jej hlavn\u00fdm cie\u013eom je spolu s r\u00f4znymi in\u0161tit\u00faciami a organiz\u00e1ciami prispieva\u0165 k hospod\u00e1rskemu rastu a soci\u00e1lnemu pokroku krajiny.<\/p>\n<p>&nbsp;<\/p>\n<p><a href=\"https:\/\/www.cdp.it\/sitointernet\/en\/homepage.page\">Cassa Depositi e Prestiti<\/a>, ktor\u00fa kontroluje ministerstvo hospod\u00e1rstva a financi\u00ed, vyu\u017e\u00edva n\u00e1rodn\u00e9 \u00faspory na hospod\u00e1rsky rast. Spolupracuje s medzin\u00e1rodn\u00fdmi finan\u010dn\u00fdmi in\u0161tit\u00faciami na podpore invest\u00edci\u00ed do infra\u0161trukt\u00fary. Podporuje vz\u0165ahy so zahrani\u010dn\u00fdmi investormi s cie\u013eom podpori\u0165 expanziu talianskych spolo\u010dnost\u00ed za hranice.<\/p>\n<p>&nbsp;<\/p>\n<p><a href=\"https:\/\/www.sace.it\/en\">SACE &#8211; Servizi Assicurativi del Commercio Estero<\/a>: exportn\u00e1 pois\u0165ov\u0148a podporovan\u00e1 ministerstvom hospod\u00e1rstva, kryje politick\u00e9, hospod\u00e1rske a obchodn\u00e9 rizik\u00e1 talianskych subjektov v zahrani\u010d\u00ed. Podporuje v\u00fdvoz talianskych mal\u00fdch a stredn\u00fdch podnikov, pri\u010dom u\u013eah\u010duje pr\u00edstup k poistn\u00fdm z\u00e1ruk\u00e1m.<\/p>\n<p>&nbsp;<\/p>\n<p><a href=\"https:\/\/www.simest.it\/en\/\">SIMEST &#8211; Finanziaria di sviluppo e promozione delle imprese italiane all&#8217;estero<\/a>: spolo\u010dnos\u0165 kontrolovan\u00e1 talianskou vl\u00e1dou, ktor\u00e1 propaguje a podporuje aktivity talianskych spolo\u010dnost\u00ed v zahrani\u010d\u00ed, najm\u00e4 MSP, prostredn\u00edctvom podpory obchodu a invest\u00edci\u00ed. Poskytuje pomoc, poradenstvo a finan\u010dn\u00fa podporu, spravuje fondy rizikov\u00e9ho kapit\u00e1lu, poskytuje \u00farokov\u00e9 dot\u00e1cie, financuje \u0161t\u00fadie uskuto\u010dnite\u013enosti a in\u00e9 iniciat\u00edvy na u\u013eah\u010denie medzin\u00e1rodnej expanzie talianskych spolo\u010dnost\u00ed.<\/p>\n<p>&nbsp;<\/p>\n<p>&nbsp;<\/p>\n<p><span style=\"text-decoration: underline;\"><strong>Makroekonomick\u00fd r\u00e1mec<\/strong><\/span><\/p>\n<p><strong>Aktu\u00e1lne \u00fadaje o v\u00fdkonnosti talianskej ekonomiky mo\u017eno n\u00e1js\u0165 v ni\u017e\u0161ie uveden\u00fdch zdrojoch.<\/strong><\/p>\n<p>&nbsp;<\/p>\n<p><a href=\"https:\/\/www.bancaditalia.it\/homepage\/index.html?com.dotmarketing.htmlpage.language=1&amp;dotcache=refresh\">Talianska centr\u00e1lna banka<\/a><\/p>\n<p>Na internetovej str\u00e1nke Bank of Italy sa nach\u00e1dza odkaz na sekciu publik\u00e1ci\u00ed, prostredn\u00edctvom ktorej je mo\u017en\u00e9 z\u00edska\u0165 pr\u00edstup k ekonomick\u00fdm, \u0161tatistick\u00fdm a menovopolitick\u00fdm slu\u017eb\u00e1m o Taliansku.<\/p>\n<p>Na \u00fa\u010dely presnej a aktu\u00e1lnej anal\u00fdzy n\u00e1rodohospod\u00e1rskeho obrazu je zauj\u00edmav\u00fd najm\u00e4 Ekonomick\u00fd bulletin, ktor\u00fd in\u0161tit\u00fat aktualizuje ka\u017edoro\u010dne v novembri a v marci.<\/p>\n<p>&nbsp;<\/p>\n<p><a href=\"https:\/\/www.istat.it\/en\/\">ISTAT<\/a><\/p>\n<p>N\u00e1rodn\u00fd \u0161tatistick\u00fd in\u0161tit\u00fat poskytuje aktualizovan\u00e9 \u00fadaje o v\u0161etk\u00fdch hospod\u00e1rskych ukazovate\u013eoch krajiny.<\/p>\n<p>&nbsp;<\/p>\n<p><a href=\"https:\/\/ec.europa.eu\/eurostat\">Eurostat<\/a><\/p>\n<p>Eur\u00f3psky \u0161tatistick\u00fd \u00farad poskytuje aktu\u00e1lne \u00fadaje o hlavn\u00fdch ekonomick\u00fdch ukazovate\u013eoch kraj\u00edn E\u00da.<\/p>\n<p>&nbsp;<\/p>\n","protected":false},"excerpt":{"rendered":"InvestinItaly.gov.it je nov\u00fd port\u00e1l v anglickom jazyku, ktor\u00fd predstavuje hlavn\u00e9 investi\u010dn\u00e9 pr\u00edle\u017eitosti v Taliansku v 13 strategick\u00fdch odvetviach a poskytuje inform\u00e1cie o stimuloch a postupoch na z\u00edskanie viac ako 250 priemyseln\u00fdch lokal\u00edt, ktor\u00e9 s\u00fa investorom okam\u017eite k dispoz\u00edcii. &nbsp; Invitalia je n\u00e1rodn\u00e1 agent\u00fara zameran\u00e1 na pril\u00e1kanie invest\u00edci\u00ed a rozvoj podnikania, ktor\u00e1 kon\u00e1 na z\u00e1klade poverenia\u00a0 [&hellip;]","protected":false},"author":1,"featured_media":0,"parent":169,"menu_order":0,"comment_status":"closed","ping_status":"closed","template":"","meta":{"footnotes":""},"class_list":["post-170","page","type-page","status-publish","hentry"],"_links":{"self":[{"href":"https:\/\/ambbratislava.esteri.it\/sk\/wp-json\/wp\/v2\/pages\/170","targetHints":{"allow":["GET"]}}],"collection":[{"href":"https:\/\/ambbratislava.esteri.it\/sk\/wp-json\/wp\/v2\/pages"}],"about":[{"href":"https:\/\/ambbratislava.esteri.it\/sk\/wp-json\/wp\/v2\/types\/page"}],"author":[{"embeddable":true,"href":"https:\/\/ambbratislava.esteri.it\/sk\/wp-json\/wp\/v2\/users\/1"}],"replies":[{"embeddable":true,"href":"https:\/\/ambbratislava.esteri.it\/sk\/wp-json\/wp\/v2\/comments?post=170"}],"version-history":[{"count":5,"href":"https:\/\/ambbratislava.esteri.it\/sk\/wp-json\/wp\/v2\/pages\/170\/revisions"}],"predecessor-version":[{"id":4810,"href":"https:\/\/ambbratislava.esteri.it\/sk\/wp-json\/wp\/v2\/pages\/170\/revisions\/4810"}],"up":[{"embeddable":true,"href":"https:\/\/ambbratislava.esteri.it\/sk\/wp-json\/wp\/v2\/pages\/169"}],"wp:attachment":[{"href":"https:\/\/ambbratislava.esteri.it\/sk\/wp-json\/wp\/v2\/media?parent=170"}],"curies":[{"name":"wp","href":"https:\/\/api.w.org\/{rel}","templated":true}]}}