{"id":169,"date":"2023-04-11T18:10:30","date_gmt":"2023-04-11T16:10:30","guid":{"rendered":"https:\/\/ambbratislava.esteri.it\/italia-e-repubblica-ceca\/diplomazia-economica\/"},"modified":"2024-08-09T10:34:40","modified_gmt":"2024-08-09T08:34:40","slug":"diplomazia-economica","status":"publish","type":"page","link":"https:\/\/ambbratislava.esteri.it\/sk\/italia-e-slovacchia\/diplomazia-economica\/","title":{"rendered":"Ekonomick\u00e1 diplomacia"},"content":{"rendered":"<p>Od roku 1993 zaznamenali hospod\u00e1rske vz\u0165ahy medzi Talianskom a Slovenskom mimoriadny rozvoj. Obchodn\u00e1 v\u00fdmena v roku 2023 dosiahla <strong>8,8 miliardy EUR<\/strong>, \u010do je o 1,4 % viac ako v roku 2022. Taliansky v\u00fdvoz dosiahol 4 miliardy (+1,5 %), zatia\u013e \u010do dovoz predstavoval 4,7 miliardy (+1,2 %), \u010d\u00edm sa Taliansko zaradilo medzi desa\u0165 najv\u00e4\u010d\u0161\u00edch obchodn\u00fdch partnerov Slovenska.<\/p>\n<p>Talianske podniky p\u00f4sobiace na Slovensku maj\u00fa pevn\u00e9 z\u00e1klady, p\u00f4sob\u00ed tu viac ako <strong>400 talianskych spolo\u010dnost\u00ed,<\/strong> ktor\u00e9 zamestn\u00e1vaj\u00fa pribli\u017ene 20 000 \u013eud\u00ed a zara\u010fuj\u00fa Taliansko medzi hlavn\u00fdch zahrani\u010dn\u00fdch investorov. Ide najm\u00e4 o mal\u00e9 a stredn\u00e9 podniky p\u00f4sobiace v spracovate\u013eskom priemysle (stroj\u00e1rstvo, automobilov\u00fd priemysel, v\u00fdroba dom\u00e1cich spotrebi\u010dov a plastov), ako aj vo ve\u013ekoobchode a maloobchode.<\/p>\n<p><a href=\"https:\/\/camit.sk\/sk\">Taliansko-slovensk\u00e1 obchodn\u00e1 komora<\/a> p\u00f4sob\u00ed od roku 1997, poskytuje da\u0148ov\u00e9 poradenstvo, \u00fa\u010dtovn\u00e9 slu\u017eby a podporu pri h\u013eadan\u00ed obchodn\u00fdch partnerov a z\u00e1kazn\u00edkov a potvrdzuje, \u017ee je referen\u010dn\u00fdm bodom pre mnoh\u00fdch talianskych a slovensk\u00fdch podnikate\u013eov p\u00f4sobiacich v krajine.<\/p>\n<p>Vo Viedni p\u00f4sob\u00ed aj \u00farad ICE &#8211; Agent\u00fara pre propag\u00e1ciu v zahrani\u010d\u00ed a internacionaliz\u00e1ciu talianskych spolo\u010dnost\u00ed, ktor\u00e1 p\u00f4sob\u00ed ako promot\u00e9r a partner podujat\u00ed zameran\u00fdch na podporu konsolid\u00e1cie a hospod\u00e1rsko-obchodn\u00e9ho rozvoja talianskych spolo\u010dnost\u00ed na slovenskom trhu, ako aj na podporu smerovania slovensk\u00fdch invest\u00edci\u00ed do Talianska.<\/p>\n<p>Viac inform\u00e1ci\u00ed n\u00e1jdete na str\u00e1nke venovanej Slovensku na webovej str\u00e1nke <a href=\"https:\/\/www.infomercatiesteri.it\/#\">InfoMercatiEsteri<\/a>.<\/p>\n","protected":false},"excerpt":{"rendered":"Od roku 1993 zaznamenali hospod\u00e1rske vz\u0165ahy medzi Talianskom a Slovenskom mimoriadny rozvoj. Obchodn\u00e1 v\u00fdmena v roku 2023 dosiahla 8,8 miliardy EUR, \u010do je o 1,4 % viac ako v roku 2022. Taliansky v\u00fdvoz dosiahol 4 miliardy (+1,5 %), zatia\u013e \u010do dovoz predstavoval 4,7 miliardy (+1,2 %), \u010d\u00edm sa Taliansko zaradilo medzi desa\u0165 najv\u00e4\u010d\u0161\u00edch obchodn\u00fdch partnerov [&hellip;]","protected":false},"author":1,"featured_media":0,"parent":168,"menu_order":0,"comment_status":"closed","ping_status":"closed","template":"","meta":{"footnotes":""},"class_list":["post-169","page","type-page","status-publish","hentry"],"_links":{"self":[{"href":"https:\/\/ambbratislava.esteri.it\/sk\/wp-json\/wp\/v2\/pages\/169","targetHints":{"allow":["GET"]}}],"collection":[{"href":"https:\/\/ambbratislava.esteri.it\/sk\/wp-json\/wp\/v2\/pages"}],"about":[{"href":"https:\/\/ambbratislava.esteri.it\/sk\/wp-json\/wp\/v2\/types\/page"}],"author":[{"embeddable":true,"href":"https:\/\/ambbratislava.esteri.it\/sk\/wp-json\/wp\/v2\/users\/1"}],"replies":[{"embeddable":true,"href":"https:\/\/ambbratislava.esteri.it\/sk\/wp-json\/wp\/v2\/comments?post=169"}],"version-history":[{"count":3,"href":"https:\/\/ambbratislava.esteri.it\/sk\/wp-json\/wp\/v2\/pages\/169\/revisions"}],"predecessor-version":[{"id":4674,"href":"https:\/\/ambbratislava.esteri.it\/sk\/wp-json\/wp\/v2\/pages\/169\/revisions\/4674"}],"up":[{"embeddable":true,"href":"https:\/\/ambbratislava.esteri.it\/sk\/wp-json\/wp\/v2\/pages\/168"}],"wp:attachment":[{"href":"https:\/\/ambbratislava.esteri.it\/sk\/wp-json\/wp\/v2\/media?parent=169"}],"curies":[{"name":"wp","href":"https:\/\/api.w.org\/{rel}","templated":true}]}}