{"id":168,"date":"2023-04-11T17:08:52","date_gmt":"2023-04-11T15:08:52","guid":{"rendered":"https:\/\/ambbratislava.esteri.it\/italia-e-repubblica-ceca\/"},"modified":"2024-08-14T16:24:59","modified_gmt":"2024-08-14T14:24:59","slug":"italia-e-slovacchia","status":"publish","type":"page","link":"https:\/\/ambbratislava.esteri.it\/sk\/italia-e-slovacchia\/","title":{"rendered":"Taliansko a Slovensko"},"content":{"rendered":"<p style=\"text-align: justify;\">Bilater\u00e1lne vz\u0165ahy medzi Talianskom a\u00a0Slovenskom s\u00fa vynikaj\u00face a ich \u017eivotaschopnos\u0165 potvrdzuje aj ned\u00e1vne zintenz\u00edvnenie politick\u00e9ho dial\u00f3gu s\u00a0\u010dast\u00fdmi v\u00fdmenami n\u00e1v\u0161tev na najvy\u0161\u0161ej \u00farovni.<\/p>\n<p style=\"text-align: justify;\">Priate\u013estvo medzi Talianskom a\u00a0Slovenskom, krajinami spojen\u00fdmi pr\u00edslu\u0161nos\u0165ou k\u00a0hodnotov\u00e9mu spolo\u010denstvu v\u00a0r\u00e1mci Eur\u00f3pskej \u00fanie a\u00a0Severoatlantickej aliancie, bolo najvy\u0161\u0161\u00edm sp\u00f4sobom potvrden\u00e9 ofici\u00e1lnou n\u00e1v\u0161tevou prezidenta Sergia Mattarellu v Slovenskej republike, ktor\u00fa uskuto\u010dnil v d\u0148och 19. a\u00a020. apr\u00edla 2023 pri pr\u00edle\u017eitosti tridsiateho v\u00fdro\u010dia nadviazania bilater\u00e1lnych vz\u0165ahov.<\/p>\n<p style=\"text-align: justify;\">Na\u0161e n\u00e1rody sp\u00e1jaj\u00fa hlbok\u00e9 a\u00a0\u00faprimn\u00e9 priate\u013esk\u00e9 v\u00e4zby a\u00a0najm\u00e4 Slov\u00e1ci s\u00fa obdivovate\u013emi talianskej kult\u00fary vo\u00a0v\u0161etk\u00fdch jej form\u00e1ch. Vz\u00e1jomn\u00e1 bl\u00edzkos\u0165 je podporen\u00e1 aj spolo\u010dn\u00fdm \u010dlenstvom v schengenskom priestore.<\/p>\n<p style=\"text-align: justify;\">Aj v\u010faka spolo\u010dn\u00e9mu \u010dlenstvu v euroz\u00f3ne a\u00a0stabilnej pr\u00edtomnosti talianskych podnikov v\u00a0krajine Taliansko a Slovensko udr\u017eiavaj\u00fa pevn\u00e9 obchodn\u00e9 vz\u0165ahy, pri\u010dom ich vz\u00e1jomn\u00e1 obchodn\u00e1 v\u00fdmena dosahuje pribli\u017ene 8,5 mili\u00e1rd eur ro\u010dne.<\/p>\n","protected":false},"excerpt":{"rendered":"Bilater\u00e1lne vz\u0165ahy medzi Talianskom a\u00a0Slovenskom s\u00fa vynikaj\u00face a ich \u017eivotaschopnos\u0165 potvrdzuje aj ned\u00e1vne zintenz\u00edvnenie politick\u00e9ho dial\u00f3gu s\u00a0\u010dast\u00fdmi v\u00fdmenami n\u00e1v\u0161tev na najvy\u0161\u0161ej \u00farovni. Priate\u013estvo medzi Talianskom a\u00a0Slovenskom, krajinami spojen\u00fdmi pr\u00edslu\u0161nos\u0165ou k\u00a0hodnotov\u00e9mu spolo\u010denstvu v\u00a0r\u00e1mci Eur\u00f3pskej \u00fanie a\u00a0Severoatlantickej aliancie, bolo najvy\u0161\u0161\u00edm sp\u00f4sobom potvrden\u00e9 ofici\u00e1lnou n\u00e1v\u0161tevou prezidenta Sergia Mattarellu v Slovenskej republike, ktor\u00fa uskuto\u010dnil v d\u0148och 19. a\u00a020. apr\u00edla [&hellip;]","protected":false},"author":1,"featured_media":0,"parent":0,"menu_order":4,"comment_status":"closed","ping_status":"closed","template":"","meta":{"footnotes":""},"class_list":["post-168","page","type-page","status-publish","hentry"],"_links":{"self":[{"href":"https:\/\/ambbratislava.esteri.it\/sk\/wp-json\/wp\/v2\/pages\/168","targetHints":{"allow":["GET"]}}],"collection":[{"href":"https:\/\/ambbratislava.esteri.it\/sk\/wp-json\/wp\/v2\/pages"}],"about":[{"href":"https:\/\/ambbratislava.esteri.it\/sk\/wp-json\/wp\/v2\/types\/page"}],"author":[{"embeddable":true,"href":"https:\/\/ambbratislava.esteri.it\/sk\/wp-json\/wp\/v2\/users\/1"}],"replies":[{"embeddable":true,"href":"https:\/\/ambbratislava.esteri.it\/sk\/wp-json\/wp\/v2\/comments?post=168"}],"version-history":[{"count":4,"href":"https:\/\/ambbratislava.esteri.it\/sk\/wp-json\/wp\/v2\/pages\/168\/revisions"}],"predecessor-version":[{"id":4702,"href":"https:\/\/ambbratislava.esteri.it\/sk\/wp-json\/wp\/v2\/pages\/168\/revisions\/4702"}],"wp:attachment":[{"href":"https:\/\/ambbratislava.esteri.it\/sk\/wp-json\/wp\/v2\/media?parent=168"}],"curies":[{"name":"wp","href":"https:\/\/api.w.org\/{rel}","templated":true}]}}