{"id":167,"date":"2023-04-11T18:08:31","date_gmt":"2023-04-11T16:08:31","guid":{"rendered":"https:\/\/ambbratislava.esteri.it\/chi-siamo\/la-rete-consolare\/"},"modified":"2024-07-29T16:53:51","modified_gmt":"2024-07-29T14:53:51","slug":"la-rete-consolare","status":"publish","type":"page","link":"https:\/\/ambbratislava.esteri.it\/sk\/chi-siamo\/la-rete-consolare\/","title":{"rendered":"Konzul\u00e1rna sie\u0165"},"content":{"rendered":"<p>Konzul\u00e1rne oddelenie Talianskeho ve\u013evyslanectva v Bratislave je pr\u00edslu\u0161n\u00e9 pre cel\u00e9 \u00fazemie Slovenskej republiky.<\/p>\n","protected":false},"excerpt":{"rendered":"Konzul\u00e1rne oddelenie Talianskeho ve\u013evyslanectva v Bratislave je pr\u00edslu\u0161n\u00e9 pre cel\u00e9 \u00fazemie Slovenskej republiky.","protected":false},"author":1,"featured_media":0,"parent":157,"menu_order":8,"comment_status":"closed","ping_status":"closed","template":"","meta":{"footnotes":""},"class_list":["post-167","page","type-page","status-publish","hentry"],"_links":{"self":[{"href":"https:\/\/ambbratislava.esteri.it\/sk\/wp-json\/wp\/v2\/pages\/167","targetHints":{"allow":["GET"]}}],"collection":[{"href":"https:\/\/ambbratislava.esteri.it\/sk\/wp-json\/wp\/v2\/pages"}],"about":[{"href":"https:\/\/ambbratislava.esteri.it\/sk\/wp-json\/wp\/v2\/types\/page"}],"author":[{"embeddable":true,"href":"https:\/\/ambbratislava.esteri.it\/sk\/wp-json\/wp\/v2\/users\/1"}],"replies":[{"embeddable":true,"href":"https:\/\/ambbratislava.esteri.it\/sk\/wp-json\/wp\/v2\/comments?post=167"}],"version-history":[{"count":3,"href":"https:\/\/ambbratislava.esteri.it\/sk\/wp-json\/wp\/v2\/pages\/167\/revisions"}],"predecessor-version":[{"id":4541,"href":"https:\/\/ambbratislava.esteri.it\/sk\/wp-json\/wp\/v2\/pages\/167\/revisions\/4541"}],"up":[{"embeddable":true,"href":"https:\/\/ambbratislava.esteri.it\/sk\/wp-json\/wp\/v2\/pages\/157"}],"wp:attachment":[{"href":"https:\/\/ambbratislava.esteri.it\/sk\/wp-json\/wp\/v2\/media?parent=167"}],"curies":[{"name":"wp","href":"https:\/\/api.w.org\/{rel}","templated":true}]}}