{"id":166,"date":"2023-04-11T18:07:19","date_gmt":"2023-04-11T16:07:19","guid":{"rendered":"https:\/\/ambbratislava.esteri.it\/chi-siamo\/numeri-di-emergenza\/"},"modified":"2024-07-30T17:20:20","modified_gmt":"2024-07-30T15:20:20","slug":"numeri-di-emergenza","status":"publish","type":"page","link":"https:\/\/ambbratislava.esteri.it\/sk\/chi-siamo\/numeri-di-emergenza\/","title":{"rendered":"\u010c\u00edsla ties\u0148ov\u00e9ho volania"},"content":{"rendered":"<p><strong>\u010c\u00edslo ties\u0148ov\u00e9ho volania: +421 (0)903 422 085<\/strong><\/p>\n<p>Mo\u017eno ho pou\u017ei\u0165 len v naliehav\u00fdch pr\u00edpadoch t\u00fdkaj\u00facich sa talianskych ob\u010danov na Slovensku v nasledovn\u00fdch \u010dasoch:<br \/>\n&#8211; pondelok &#8211; piatok: 17.00 &#8211; 21.00 hod.<br \/>\n&#8211; sobota, nede\u013ea a sviatok: 9.00 &#8211; 21.00 hod.<\/p>\n<p>Upozor\u0148ujeme, \u017ee \u010d\u00edslo ties\u0148ov\u00e9ho volania je mo\u017en\u00e9 pou\u017ei\u0165 v\u00fdlu\u010dne na rie\u0161enie objekt\u00edvnych n\u00fadzov\u00fdch situ\u00e1ci\u00ed, ktor\u00e9 si vy\u017eaduj\u00fa okam\u017eit\u00e9 a neodkladn\u00e9 z\u00e1sahy na ochranu talianskych ob\u010danov v zahrani\u010d\u00ed.<\/p>\n<p>\u010c\u00edslo sa nesmie pou\u017ei\u0165 na v\u0161eobecn\u00e9 \u017eiadosti o inform\u00e1cie t\u00fdkaj\u00face sa administrat\u00edvnych postupov.<\/p>\n<p>&nbsp;<\/p>\n","protected":false},"excerpt":{"rendered":"\u010c\u00edslo ties\u0148ov\u00e9ho volania: +421 (0)903 422 085 Mo\u017eno ho pou\u017ei\u0165 len v naliehav\u00fdch pr\u00edpadoch t\u00fdkaj\u00facich sa talianskych ob\u010danov na Slovensku v nasledovn\u00fdch \u010dasoch: &#8211; pondelok &#8211; piatok: 17.00 &#8211; 21.00 hod. &#8211; sobota, nede\u013ea a sviatok: 9.00 &#8211; 21.00 hod. Upozor\u0148ujeme, \u017ee \u010d\u00edslo ties\u0148ov\u00e9ho volania je mo\u017en\u00e9 pou\u017ei\u0165 v\u00fdlu\u010dne na rie\u0161enie objekt\u00edvnych n\u00fadzov\u00fdch situ\u00e1ci\u00ed, ktor\u00e9 [&hellip;]","protected":false},"author":1,"featured_media":0,"parent":157,"menu_order":6,"comment_status":"closed","ping_status":"closed","template":"","meta":{"footnotes":""},"class_list":["post-166","page","type-page","status-publish","hentry"],"_links":{"self":[{"href":"https:\/\/ambbratislava.esteri.it\/sk\/wp-json\/wp\/v2\/pages\/166","targetHints":{"allow":["GET"]}}],"collection":[{"href":"https:\/\/ambbratislava.esteri.it\/sk\/wp-json\/wp\/v2\/pages"}],"about":[{"href":"https:\/\/ambbratislava.esteri.it\/sk\/wp-json\/wp\/v2\/types\/page"}],"author":[{"embeddable":true,"href":"https:\/\/ambbratislava.esteri.it\/sk\/wp-json\/wp\/v2\/users\/1"}],"replies":[{"embeddable":true,"href":"https:\/\/ambbratislava.esteri.it\/sk\/wp-json\/wp\/v2\/comments?post=166"}],"version-history":[{"count":6,"href":"https:\/\/ambbratislava.esteri.it\/sk\/wp-json\/wp\/v2\/pages\/166\/revisions"}],"predecessor-version":[{"id":4572,"href":"https:\/\/ambbratislava.esteri.it\/sk\/wp-json\/wp\/v2\/pages\/166\/revisions\/4572"}],"up":[{"embeddable":true,"href":"https:\/\/ambbratislava.esteri.it\/sk\/wp-json\/wp\/v2\/pages\/157"}],"wp:attachment":[{"href":"https:\/\/ambbratislava.esteri.it\/sk\/wp-json\/wp\/v2\/media?parent=166"}],"curies":[{"name":"wp","href":"https:\/\/api.w.org\/{rel}","templated":true}]}}