{"id":165,"date":"2023-04-11T18:01:19","date_gmt":"2023-04-11T16:01:19","guid":{"rendered":"https:\/\/ambbratislava.esteri.it\/chi-siamo\/gli-uffici\/"},"modified":"2025-01-24T12:58:28","modified_gmt":"2025-01-24T11:58:28","slug":"gli-uffici","status":"publish","type":"page","link":"https:\/\/ambbratislava.esteri.it\/sk\/chi-siamo\/gli-uffici\/","title":{"rendered":"Oddelenia ve\u013evyslanectva"},"content":{"rendered":"<div><strong><strong>Ved\u00faca misie, <\/strong>Ve\u013evyslanec Gianclemente De Felice<\/strong><br \/>\ntel.\u00a0+421 (0)2 59 80 00 11<br \/>\nSekretari\u00e1t:<br \/>\ntel.\u00a0+421 (0)2 59 80 00 11<br \/>\ne-mail: <a href=\"mailto:segr.bratislava@esteri.it\">segr.bratislava@esteri.it<\/a><\/div>\n<div><strong><br \/>\nZ\u00e1stupca ved\u00facej misie<br \/>\n<\/strong>tel. +421 (0)2 59 80 00 11<br \/>\ne-mail: <a href=\"mailto:segr.bratislava@esteri.it\">segr.bratislava@esteri.it<\/a><\/div>\n<div><strong><br \/>\nObchodn\u00e9 oddelenie<br \/>\n<\/strong>tel. +421 (0)2 59 80 00 11<br \/>\ne-mail: <a href=\"mailto:amb.bratislava@esteri.it\">amb.bratislava@esteri.it<\/a><\/div>\n<div><strong><br \/>\nEkonomick\u00e9 oddelenie<br \/>\n<\/strong>tel. +421 (0)2 59 80 00 11<br \/>\ne-mail: <a href=\"mailto:bratislava.contabile@esteri.it\">bratislava.contabile@esteri.it <\/a><\/div>\n<div><strong><br \/>\nKult\u00farne a \u0161tudijn\u00e9 oddelenie<br \/>\n<\/strong>tel. +421 (0)2 59 80 00 11<br \/>\ne-mail: <a href=\"mailto:bratislava.scuola@esteri.it\">bratislava.scuola@esteri.it<\/a><\/div>\n<div><strong><br \/>\nKonzul\u00e1rne oddelenie<br \/>\n<\/strong>tel. +421 (0)2 59 80 00 11<br \/>\ne-mail: <a href=\"mailto:uffconsolare.bratis@esteri.it\">uffconsolare.bratis@esteri.it<\/a><br \/>\nAdresa certifikovanej elektronickej po\u0161ty (PEC) konzul\u00e1rneho oddelenia: <a href=\"mailto:amb.bratislava.anagrafe@cert.esteri.it\">amb.bratislava.anagrafe@cert.esteri.it<\/a> (<strong>UVEDEN\u00c1 ADRESA JE UR\u010cEN\u00c1 V\u00ddLU\u010cNE NA PRIJ\u00cdMANIE CERTIFIKOVANEJ ELEKTRONICKEJ PO\u0160TY &#8211; PEC<\/strong><strong>)<\/strong><\/div>\n<div>\n<div>\n<div><strong>\u00daradn\u00e9 hodiny konzul\u00e1rneho oddelenia:\u00a0 <\/strong><\/div>\n<div>\u00a0\u2013 pondelok a\u017e piatok: 9.00 &#8211; 12.00<\/div>\n<div>\u00a0\u2013 utorok: 14.30 &#8211; 16.00<\/div>\n<\/div>\n<div>Konzul\u00e1rne oddelenie je mo\u017en\u00e9 telefonicky kontaktova\u0165 v nasledovn\u00fdch \u010dasoch: pondelok &#8211; piatok: 12.00 &#8211; 13.00 a \u0161tvrtok: 15.00 &#8211; 16.00<\/div>\n<div><strong>\u010c\u00edslo ties\u0148ov\u00e9ho volania<\/strong>: +421(0)903 422 085 mo\u017eno pou\u017ei\u0165 len v t\u00fdch ak\u00fatnych pr\u00edpadoch, ktor\u00e9 sa t\u00fdkaj\u00fa talianskych ob\u010danov na Slovensku a to v nasledovn\u00fdch \u010dasoch: pondelok &#8211; piatok: 17.00-21.00, sobota, nede\u013ea a sviatok: 9.00-21.00.<\/div>\n<\/div>\n<div>\n<p><strong><br \/>\nTaliansky kult\u00farny in\u0161tit\u00fat v Bratislave<\/strong><br \/>\nadresa: Kapuc\u00ednska 7, 811 03 Bratislava<br \/>\ntel. 00421 (0)2 59 30 71 11<br \/>\ne-mail: <a href=\"mailto:iicbratislava@esteri.it\">iicbratislava@esteri.it<\/a><\/p>\n<p><strong>\u00darad vojensk\u00e9ho pridelenca pri Talianskom ve\u013evyslanectve vo Viedni<br \/>\n<\/strong>Pridelenec pre obranu a letectvo: Pluk. Angelo De Angelis<br \/>\nVojensk\u00fd ata\u0161\u00e9: Podpluk. Crescenzo Chianese<br \/>\ntel. +43 (0)1 71 40 55 08 03<br \/>\ne-mail: <a>difeitalia.vienna@smd.difesa.it<\/a><\/p>\n<p><strong>Pridelenec Finan\u010dnej spr\u00e1vy pri Talianskom ve\u013evyslanectve vo Viedni<br \/>\n<\/strong>Pluk. Davide Picciafuochi<br \/>\ne-mail: <a href=\"mailto:davide.picciafuochi@esteri.it\">davide.picciafuochi@esteri.it<\/a><\/p>\n<p><strong>Bezpe\u010dnostn\u00fd pridelenec pri Talianskom ve\u013evyslanectve vo Vilniuse<br \/>\n<\/strong>Podpluk. Stefano Saccocci<br \/>\ne-mail: <a href=\"mailto:stefano.saccocci@dcpc.interno.it\">stefano.saccocci@dcpc.interno.it <\/a><\/p>\n<p><strong>ENIT \u2013 Talianska n\u00e1rodn\u00e1 agent\u00fara pre cestovn\u00fd ruch<br \/>\n<\/strong>\u00darad vo Viedni<br \/>\nRiadite\u013e: Dott. Andrea Colonnelli<br \/>\nadresa: Mariahilfer Stra\u00dfe 1b \/ Top XVI, 1060 Viede\u0148<br \/>\ntel. 0043 (0)1 505 16 39<br \/>\ne-mail: <a href=\"mailto:vienna@enit.it\">vienna@enit.it<\/a><\/p>\n<p><strong>Agent\u00fara ICE\/ITA (Italian Trade Agency)<br \/>\n<\/strong>Riadite\u013e: Dott. Corrado Cipollini<br \/>\nadresa: Rennweg 27, 1030 Viede\u0148<br \/>\ntel. 0043 (0) 1 503 90 80<br \/>\ne-mail: <a href=\"mailto:vienna@ice.it\">vienna@ice.it<br \/>\n<\/a><\/p>\n<\/div>\n<\/div>\n<div><\/div>\n","protected":false},"excerpt":{"rendered":"Ved\u00faca misie, Ve\u013evyslanec Gianclemente De Felice tel.\u00a0+421 (0)2 59 80 00 11 Sekretari\u00e1t: tel.\u00a0+421 (0)2 59 80 00 11 e-mail: segr.bratislava@esteri.it Z\u00e1stupca ved\u00facej misie tel. +421 (0)2 59 80 00 11 e-mail: segr.bratislava@esteri.it Obchodn\u00e9 oddelenie tel. +421 (0)2 59 80 00 11 e-mail: amb.bratislava@esteri.it Ekonomick\u00e9 oddelenie tel. +421 (0)2 59 80 00 11 e-mail: bratislava.contabile@esteri.it [&hellip;]","protected":false},"author":1,"featured_media":0,"parent":157,"menu_order":4,"comment_status":"closed","ping_status":"closed","template":"","meta":{"footnotes":""},"class_list":["post-165","page","type-page","status-publish","hentry"],"_links":{"self":[{"href":"https:\/\/ambbratislava.esteri.it\/sk\/wp-json\/wp\/v2\/pages\/165","targetHints":{"allow":["GET"]}}],"collection":[{"href":"https:\/\/ambbratislava.esteri.it\/sk\/wp-json\/wp\/v2\/pages"}],"about":[{"href":"https:\/\/ambbratislava.esteri.it\/sk\/wp-json\/wp\/v2\/types\/page"}],"author":[{"embeddable":true,"href":"https:\/\/ambbratislava.esteri.it\/sk\/wp-json\/wp\/v2\/users\/1"}],"replies":[{"embeddable":true,"href":"https:\/\/ambbratislava.esteri.it\/sk\/wp-json\/wp\/v2\/comments?post=165"}],"version-history":[{"count":7,"href":"https:\/\/ambbratislava.esteri.it\/sk\/wp-json\/wp\/v2\/pages\/165\/revisions"}],"predecessor-version":[{"id":5839,"href":"https:\/\/ambbratislava.esteri.it\/sk\/wp-json\/wp\/v2\/pages\/165\/revisions\/5839"}],"up":[{"embeddable":true,"href":"https:\/\/ambbratislava.esteri.it\/sk\/wp-json\/wp\/v2\/pages\/157"}],"wp:attachment":[{"href":"https:\/\/ambbratislava.esteri.it\/sk\/wp-json\/wp\/v2\/media?parent=165"}],"curies":[{"name":"wp","href":"https:\/\/api.w.org\/{rel}","templated":true}]}}