{"id":161,"date":"2023-09-25T15:18:30","date_gmt":"2023-09-25T13:18:30","guid":{"rendered":"https:\/\/ambbratislava.esteri.it\/chi-siamo\/contatti\/"},"modified":"2024-11-01T09:48:10","modified_gmt":"2024-11-01T08:48:10","slug":"contatti","status":"publish","type":"page","link":"https:\/\/ambbratislava.esteri.it\/sk\/chi-siamo\/contatti\/","title":{"rendered":"Kontaktn\u00e9 \u00fadaje"},"content":{"rendered":"<div><strong><strong>Ved\u00faca misie, <\/strong>Ve\u013evyslanec Gianclemente De Felice<\/strong><br \/>\nSekretari\u00e1t:<br \/>\ntel.\u00a0+421 (0)2 59 80 00 11<br \/>\ne-mail: <a href=\"mailto:segr.bratislava@esteri.it\">segr.bratislava@esteri.it<\/a><\/div>\n<div><strong><br \/>\nZ\u00e1stupky\u0148a ved\u00facej misie, dr. Elisa Polsinelli<br \/>\n<\/strong>tel. +421 (0)2 59 80 00 11<br \/>\ne-mail: <a href=\"mailto:segr.bratislava@esteri.it\">segr.bratislava@esteri.it<\/a><\/div>\n<div><strong><br \/>\nObchodn\u00e9 oddelenie<br \/>\n<\/strong>tel. +421 (0)2 59 80 00 11<br \/>\ne-mail: <a href=\"mailto:amb.bratislava@esteri.it\">amb.bratislava@esteri.it<\/a><\/div>\n<div><strong><br \/>\nEkonomick\u00e9 oddelenie<br \/>\n<\/strong>tel. +421 (0)2 59 80 00 11<br \/>\ne-mail: <a href=\"mailto:amb.bratislava@esteri.it\">amb.bratislava@esteri.it<\/a><\/div>\n<div><strong><br \/>\nKonzul\u00e1rne oddelenie<br \/>\n<\/strong>tel. +421 (0)2 59 80 00 11<br \/>\nfax: +421 (0)2 54 41 03 64<br \/>\ne-mail: <a href=\"mailto:uffconsolare.bratis@esteri.it\">uffconsolare.bratis@esteri.it<\/a><br \/>\nAdresa certifikovanej elektronickej po\u0161ty (PEC) konzul\u00e1rneho oddelenia: <a href=\"mailto:amb.bratislava.anagrafe@cert.esteri.it\">amb.bratislava.anagrafe@cert.esteri.it<\/a><\/div>\n<div><strong><br \/>\nKult\u00farne a \u0161tudijn\u00e9 oddelenie<br \/>\n<\/strong>tel. +421 (0)2 59 80 00 11<br \/>\ne-mail: <a href=\"mailto:bratislava.scuola@esteri.it\">bratislava.scuola@esteri.it<\/a><\/div>\n<div>\n<p>&nbsp;<\/p>\n<p><strong>Taliansky kult\u00farny in\u0161tit\u00fat v Bratislave<\/strong><br \/>\nadresa: Kapuc\u00ednska 7, 811 03 Bratislava<br \/>\ntel. 00421 (0)2 59 30 71 11<br \/>\ne-mail: <a href=\"mailto:iicbratislava@esteri.it\">iicbratislava@esteri.it<\/a><\/p>\n<p><strong>\u00darad vojensk\u00e9ho pridelenca pri Talianskom ve\u013evyslanectve vo Viedni<br \/>\n<\/strong>Pridelenec pre obranu a letectvo: Pluk. Angelo De Angelis<br \/>\nVojensk\u00fd ata\u0161\u00e9: Podpluk. Crescenzo Chianese<br \/>\ntel. +43 (0)1 71 40 55 08 03<br \/>\ne-mail: <a>difeitalia.vienna@smd.difesa.it<\/a><\/p>\n<p><strong>Pridelenec Finan\u010dnej spr\u00e1vy pri Talianskom ve\u013evyslanectve vo Viedni<br \/>\n<\/strong>Pluk. Davide Picciafuochi<br \/>\ne-mail: <a href=\"mailto:davide.picciafuochi@esteri.it\">davide.picciafuochi@esteri.it<\/a><\/p>\n<p><strong>Bezpe\u010dnostn\u00fd pridelenec pri Talianskom ve\u013evyslanectve vo Vilniuse<br \/>\n<\/strong>Podpluk. Stefano Saccocci<br \/>\ne-mail: <a href=\"mailto:stefano.saccocci@dcpc.interno.it\">stefano.saccocci@dcpc.interno.it <\/a><\/p>\n<p><strong>ENIT &#8211; Talianska n\u00e1rodn\u00e1 agent\u00fara pre cestovn\u00fd ruch<br \/>\n<\/strong>\u00darad vo Viedni<br \/>\nRiadite\u013e: Dott. Andrea Colonnelli<br \/>\nadresa: Mariahilfer Stra\u00dfe 1b \/ Top XVI, 1060 Viede\u0148<br \/>\ntel. 0043 (0)1 505 16 39<br \/>\ne-mail: <a href=\"mailto:vienna@enit.it\">vienna@enit.it<\/a><\/p>\n<p><strong>Agent\u00fara ICE\/ITA (Italian Trade Agency)<br \/>\n<\/strong>Riadite\u013e: Dott. Corrado Cipollini<br \/>\nadresa: Rennweg 27, 1030 Viede\u0148<br \/>\ntel. 0043 (0) 1 503 90 80<br \/>\ne-mail: <a href=\"mailto:vienna@ice.it\">vienna@ice.it<\/a><\/p>\n<\/div>\n<div class=\"translate-tooltip-mtz translator-hidden\">\n<div class=\"header\"><\/div>\n<\/div>\n","protected":false},"excerpt":{"rendered":"Ved\u00faca misie, Ve\u013evyslanec Gianclemente De Felice Sekretari\u00e1t: tel.\u00a0+421 (0)2 59 80 00 11 e-mail: segr.bratislava@esteri.it Z\u00e1stupky\u0148a ved\u00facej misie, dr. Elisa Polsinelli tel. +421 (0)2 59 80 00 11 e-mail: segr.bratislava@esteri.it Obchodn\u00e9 oddelenie tel. +421 (0)2 59 80 00 11 e-mail: amb.bratislava@esteri.it Ekonomick\u00e9 oddelenie tel. +421 (0)2 59 80 00 11 e-mail: amb.bratislava@esteri.it Konzul\u00e1rne oddelenie tel. [&hellip;]","protected":false},"author":1,"featured_media":0,"parent":157,"menu_order":4,"comment_status":"closed","ping_status":"closed","template":"","meta":{"footnotes":""},"class_list":["post-161","page","type-page","status-publish","hentry"],"_links":{"self":[{"href":"https:\/\/ambbratislava.esteri.it\/sk\/wp-json\/wp\/v2\/pages\/161","targetHints":{"allow":["GET"]}}],"collection":[{"href":"https:\/\/ambbratislava.esteri.it\/sk\/wp-json\/wp\/v2\/pages"}],"about":[{"href":"https:\/\/ambbratislava.esteri.it\/sk\/wp-json\/wp\/v2\/types\/page"}],"author":[{"embeddable":true,"href":"https:\/\/ambbratislava.esteri.it\/sk\/wp-json\/wp\/v2\/users\/1"}],"replies":[{"embeddable":true,"href":"https:\/\/ambbratislava.esteri.it\/sk\/wp-json\/wp\/v2\/comments?post=161"}],"version-history":[{"count":7,"href":"https:\/\/ambbratislava.esteri.it\/sk\/wp-json\/wp\/v2\/pages\/161\/revisions"}],"predecessor-version":[{"id":5275,"href":"https:\/\/ambbratislava.esteri.it\/sk\/wp-json\/wp\/v2\/pages\/161\/revisions\/5275"}],"up":[{"embeddable":true,"href":"https:\/\/ambbratislava.esteri.it\/sk\/wp-json\/wp\/v2\/pages\/157"}],"wp:attachment":[{"href":"https:\/\/ambbratislava.esteri.it\/sk\/wp-json\/wp\/v2\/media?parent=161"}],"curies":[{"name":"wp","href":"https:\/\/api.w.org\/{rel}","templated":true}]}}