{"id":159,"date":"2023-04-11T17:53:01","date_gmt":"2023-04-11T15:53:01","guid":{"rendered":"https:\/\/ambbratislava.esteri.it\/chi-siamo\/lambasciatore\/"},"modified":"2024-10-29T10:50:52","modified_gmt":"2024-10-29T09:50:52","slug":"lambasciatore","status":"publish","type":"page","link":"https:\/\/ambbratislava.esteri.it\/sk\/chi-siamo\/lambasciatore\/","title":{"rendered":"Ve\u013evyslanec"},"content":{"rendered":"<p>&nbsp;<\/p>\n<p><img loading=\"lazy\" decoding=\"async\" class=\"alignnone size-medium wp-image-5250 img-fluid\" src=\"https:\/\/ambbratislava.esteri.it\/wp-content\/uploads\/2024\/10\/Immagine-2024-10-28-180400-300x286.png\" alt=\"\" width=\"300\" height=\"286\" srcset=\"https:\/\/ambbratislava.esteri.it\/wp-content\/uploads\/2024\/10\/Immagine-2024-10-28-180400-300x286.png 300w, https:\/\/ambbratislava.esteri.it\/wp-content\/uploads\/2024\/10\/Immagine-2024-10-28-180400.png 759w\" sizes=\"auto, (max-width: 300px) 100vw, 300px\" \/><\/p>\n<p>&nbsp;<\/p>\n<p>Ve\u013evyslanec Gianclemente De Felice sa narodil 5. j\u00fana 1974 v Santa Maria Capua Vetere (Caserta). Po \u0161t\u00fadiu pr\u00e1va nast\u00fapil v roku 2001 na diplomatick\u00fa dr\u00e1hu a p\u00f4sobil na Gener\u00e1lnom riadite\u013estve pre krajiny subsaharskej Afriky (\u00darad pre krajiny Africk\u00e9ho rohu).<\/p>\n<p>V rokoch 2004 a\u017e 2008 p\u00f4sobil na talianskom ve\u013evyslanectve v Nairobi ako ved\u00faci obchodn\u00e9ho oddelenia, potom v rokoch 2008 a\u017e 2012 na talianskom ve\u013evyslanectve v Prahe ako z\u00e1stupca ved\u00faceho misie a ved\u00faci politickej kancel\u00e1rie.<\/p>\n<p>V roku 2012 sa vr\u00e1til na Ministerstvo zahrani\u010dn\u00fdch vec\u00ed a medzin\u00e1rodn\u00fdch z\u00e1le\u017eitost\u00ed, kde p\u00f4sobil na Gener\u00e1lnom riadite\u013estve pre politick\u00e9 a bezpe\u010dnostn\u00e9 z\u00e1le\u017eitosti, oddelenie pre Rusk\u00fa feder\u00e1ciu, v\u00fdchodn\u00fa Eur\u00f3pu, Kaukaz a stredn\u00fa \u00c1ziu.<\/p>\n<p>Od roku 2018 p\u00f4sob\u00ed ako ved\u00faci \u00faradu zodpovedn\u00e9ho za vz\u0165ahy s krajinami Perzsk\u00e9ho z\u00e1livu a Arabsk\u00e9ho polostrova Gener\u00e1lneho riadite\u013estva pre politick\u00e9 a bezpe\u010dnostn\u00e9 z\u00e1le\u017eitosti. Od febru\u00e1ra 2024 je ved\u00facim oddelenia Spolo\u010dnej eur\u00f3pskej bezpe\u010dnostnej politiky \/ Spolo\u010dnej bezpe\u010dnostnej a obrannej politiky \u00a0Gener\u00e1lneho riadite\u013estva pre politick\u00e9 a bezpe\u010dnostn\u00e9 z\u00e1le\u017eitosti.<\/p>\n<p>Od 28. okt\u00f3bra 2024 je ve\u013evyslancom Talianska v Slovenskej republike.<\/p>\n<p>V roku 2016 mu bolo udelen\u00e9 vyznamenanie \u201cCavaliere dell&#8217;Ordine al Merito della Repubblica Italiana\u201d- \u00a0Rytier R\u00e1du za z\u00e1sluhy Talianskej republiky (OMRI).<\/p>\n<p>Ve\u013evyslanec De Felice je \u017eenat\u00fd a m\u00e1 jednu dc\u00e9ru.<\/p>\n<p>&nbsp;<\/p>\n","protected":false},"excerpt":{"rendered":"&nbsp; &nbsp; Ve\u013evyslanec Gianclemente De Felice sa narodil 5. j\u00fana 1974 v Santa Maria Capua Vetere (Caserta). Po \u0161t\u00fadiu pr\u00e1va nast\u00fapil v roku 2001 na diplomatick\u00fa dr\u00e1hu a p\u00f4sobil na Gener\u00e1lnom riadite\u013estve pre krajiny subsaharskej Afriky (\u00darad pre krajiny Africk\u00e9ho rohu). V rokoch 2004 a\u017e 2008 p\u00f4sobil na talianskom ve\u013evyslanectve v Nairobi ako ved\u00faci obchodn\u00e9ho [&hellip;]","protected":false},"author":1,"featured_media":0,"parent":157,"menu_order":0,"comment_status":"closed","ping_status":"closed","template":"","meta":{"footnotes":""},"class_list":["post-159","page","type-page","status-publish","hentry"],"_links":{"self":[{"href":"https:\/\/ambbratislava.esteri.it\/sk\/wp-json\/wp\/v2\/pages\/159","targetHints":{"allow":["GET"]}}],"collection":[{"href":"https:\/\/ambbratislava.esteri.it\/sk\/wp-json\/wp\/v2\/pages"}],"about":[{"href":"https:\/\/ambbratislava.esteri.it\/sk\/wp-json\/wp\/v2\/types\/page"}],"author":[{"embeddable":true,"href":"https:\/\/ambbratislava.esteri.it\/sk\/wp-json\/wp\/v2\/users\/1"}],"replies":[{"embeddable":true,"href":"https:\/\/ambbratislava.esteri.it\/sk\/wp-json\/wp\/v2\/comments?post=159"}],"version-history":[{"count":6,"href":"https:\/\/ambbratislava.esteri.it\/sk\/wp-json\/wp\/v2\/pages\/159\/revisions"}],"predecessor-version":[{"id":5257,"href":"https:\/\/ambbratislava.esteri.it\/sk\/wp-json\/wp\/v2\/pages\/159\/revisions\/5257"}],"up":[{"embeddable":true,"href":"https:\/\/ambbratislava.esteri.it\/sk\/wp-json\/wp\/v2\/pages\/157"}],"wp:attachment":[{"href":"https:\/\/ambbratislava.esteri.it\/sk\/wp-json\/wp\/v2\/media?parent=159"}],"curies":[{"name":"wp","href":"https:\/\/api.w.org\/{rel}","templated":true}]}}