{"id":157,"date":"2023-04-11T17:07:36","date_gmt":"2023-04-11T15:07:36","guid":{"rendered":"https:\/\/ambbratislava.esteri.it\/chi-siamo\/"},"modified":"2024-07-24T14:58:11","modified_gmt":"2024-07-24T12:58:11","slug":"chi-siamo","status":"publish","type":"page","link":"https:\/\/ambbratislava.esteri.it\/sk\/chi-siamo\/","title":{"rendered":"O n\u00e1s"},"content":{"rendered":"<div class=\"translate-tooltip-mtz translator-hidden\">\n<div class=\"header\">\n<div class=\"header-controls\"><img loading=\"lazy\" decoding=\"async\" class=\"alignnone size-medium wp-image-269 img-fluid\" src=\"https:\/\/ambbratislava.esteri.it\/wp-content\/uploads\/2023\/11\/foto_ambasciata-300x200.jpg\" alt=\"\" width=\"300\" height=\"200\" srcset=\"https:\/\/ambbratislava.esteri.it\/wp-content\/uploads\/2023\/11\/foto_ambasciata-300x200.jpg 300w, https:\/\/ambbratislava.esteri.it\/wp-content\/uploads\/2023\/11\/foto_ambasciata-1024x683.jpg 1024w, https:\/\/ambbratislava.esteri.it\/wp-content\/uploads\/2023\/11\/foto_ambasciata-768x512.jpg 768w, https:\/\/ambbratislava.esteri.it\/wp-content\/uploads\/2023\/11\/foto_ambasciata.jpg 1139w\" sizes=\"auto, (max-width: 300px) 100vw, 300px\" \/><\/div>\n<\/div>\n<\/div>\n<div><\/div>\n<p style=\"text-align: justify;\">Talianske ve\u013evyslanectvo v Bratislave vzniklo v roku 1994 pov\u00fd\u0161en\u00edm gener\u00e1lneho konzul\u00e1tu, ktor\u00fd bol zriaden\u00fd v roku 1992.<br \/>\nV roku 2004 sa s\u00eddlom ve\u013evyslanectva stala budova na ulici Palis\u00e1dy \u010d. 49.<\/p>\n<p>&nbsp;<\/p>\n","protected":false},"excerpt":{"rendered":"Talianske ve\u013evyslanectvo v Bratislave vzniklo v roku 1994 pov\u00fd\u0161en\u00edm gener\u00e1lneho konzul\u00e1tu, ktor\u00fd bol zriaden\u00fd v roku 1992. V roku 2004 sa s\u00eddlom ve\u013evyslanectva stala budova na ulici Palis\u00e1dy \u010d. 49. &nbsp;","protected":false},"author":1,"featured_media":0,"parent":0,"menu_order":2,"comment_status":"closed","ping_status":"closed","template":"","meta":{"footnotes":""},"class_list":["post-157","page","type-page","status-publish","hentry"],"_links":{"self":[{"href":"https:\/\/ambbratislava.esteri.it\/sk\/wp-json\/wp\/v2\/pages\/157","targetHints":{"allow":["GET"]}}],"collection":[{"href":"https:\/\/ambbratislava.esteri.it\/sk\/wp-json\/wp\/v2\/pages"}],"about":[{"href":"https:\/\/ambbratislava.esteri.it\/sk\/wp-json\/wp\/v2\/types\/page"}],"author":[{"embeddable":true,"href":"https:\/\/ambbratislava.esteri.it\/sk\/wp-json\/wp\/v2\/users\/1"}],"replies":[{"embeddable":true,"href":"https:\/\/ambbratislava.esteri.it\/sk\/wp-json\/wp\/v2\/comments?post=157"}],"version-history":[{"count":6,"href":"https:\/\/ambbratislava.esteri.it\/sk\/wp-json\/wp\/v2\/pages\/157\/revisions"}],"predecessor-version":[{"id":4486,"href":"https:\/\/ambbratislava.esteri.it\/sk\/wp-json\/wp\/v2\/pages\/157\/revisions\/4486"}],"wp:attachment":[{"href":"https:\/\/ambbratislava.esteri.it\/sk\/wp-json\/wp\/v2\/media?parent=157"}],"curies":[{"name":"wp","href":"https:\/\/api.w.org\/{rel}","templated":true}]}}