{"id":99,"date":"2023-04-11T18:24:38","date_gmt":"2023-04-11T16:24:38","guid":{"rendered":"https:\/\/ambasciatapraga.esteri.it\/?page_id=99"},"modified":"2026-02-24T09:18:19","modified_gmt":"2026-02-24T08:18:19","slug":"studiare-in-italia","status":"publish","type":"page","link":"https:\/\/ambbratislava.esteri.it\/it\/italia-e-slovacchia\/diplomazia-culturale\/studiare-in-italia\/","title":{"rendered":"Studiare in Italia"},"content":{"rendered":"<p style=\"text-align: justify;\"><a href=\"https:\/\/www.esteri.it\/it\/servizi-opportunita\/opportunita\/borse-di-studio\/per-cittadini-stranieri\/borse-di-studio-offerte-dalle-universita\/\">In questa pagina del sito del Ministero degli Affari Esteri e della Cooperazione Internazionale<\/a> \u00e8 possibile consultare le pi\u00f9 recenti opportunit\u00e0 di borse di studio offerte dalle Universit\u00e0 italiane a cittadini stranieri che desiderano studiare in Italia.<\/p>\n","protected":false},"excerpt":{"rendered":"In questa pagina del sito del Ministero degli Affari Esteri e della Cooperazione Internazionale \u00e8 possibile consultare le pi\u00f9 recenti opportunit\u00e0 di borse di studio offerte dalle Universit\u00e0 italiane a cittadini stranieri che desiderano studiare in Italia.","protected":false},"author":1,"featured_media":0,"parent":44,"menu_order":0,"comment_status":"closed","ping_status":"closed","template":"","meta":{"footnotes":""},"class_list":["post-99","page","type-page","status-publish","hentry"],"_links":{"self":[{"href":"https:\/\/ambbratislava.esteri.it\/it\/wp-json\/wp\/v2\/pages\/99","targetHints":{"allow":["GET"]}}],"collection":[{"href":"https:\/\/ambbratislava.esteri.it\/it\/wp-json\/wp\/v2\/pages"}],"about":[{"href":"https:\/\/ambbratislava.esteri.it\/it\/wp-json\/wp\/v2\/types\/page"}],"author":[{"embeddable":true,"href":"https:\/\/ambbratislava.esteri.it\/it\/wp-json\/wp\/v2\/users\/1"}],"replies":[{"embeddable":true,"href":"https:\/\/ambbratislava.esteri.it\/it\/wp-json\/wp\/v2\/comments?post=99"}],"version-history":[{"count":3,"href":"https:\/\/ambbratislava.esteri.it\/it\/wp-json\/wp\/v2\/pages\/99\/revisions"}],"predecessor-version":[{"id":7447,"href":"https:\/\/ambbratislava.esteri.it\/it\/wp-json\/wp\/v2\/pages\/99\/revisions\/7447"}],"up":[{"embeddable":true,"href":"https:\/\/ambbratislava.esteri.it\/it\/wp-json\/wp\/v2\/pages\/44"}],"wp:attachment":[{"href":"https:\/\/ambbratislava.esteri.it\/it\/wp-json\/wp\/v2\/media?parent=99"}],"curies":[{"name":"wp","href":"https:\/\/api.w.org\/{rel}","templated":true}]}}