{"id":97,"date":"2023-04-11T18:24:01","date_gmt":"2023-04-11T16:24:01","guid":{"rendered":"https:\/\/ambasciatapraga.esteri.it\/?page_id=97"},"modified":"2024-08-14T11:02:33","modified_gmt":"2024-08-14T09:02:33","slug":"fare-affari-in-italia","status":"publish","type":"page","link":"https:\/\/ambbratislava.esteri.it\/it\/italia-e-slovacchia\/diplomazia-economica\/fare-affari-in-italia\/","title":{"rendered":"Fare affari in Italia"},"content":{"rendered":"<p><a href=\"https:\/\/www.investinitaly.gov.it\/\" target=\"_blank\" rel=\"noopener\"><strong>InvestinItaly.gov.it<\/strong><\/a>\u00a0\u00e8 il nuovo portale in lingua inglese che presenta le principali opportunit\u00e0 di investimento in Italia in 13 settori strategici, fornendo informazioni su incentivi e adempimenti per l\u2019acquisizione di oltre 250 siti industriali immediatamente disponibili agli investitori.<\/p>\n<p><a href=\"http:\/\/www.invitalia.it\/\"><strong>Invitalia<\/strong><\/a> \u00e8\u00a0l\u2019Agenzia nazionale per l\u2019attrazione degli investimenti e lo sviluppo d\u2019impresa, agisce su mandato del Governo per accrescere la competitivit\u00e0 del Paese, in particolare del Mezzogiorno, e per sostenere i settori strategici per lo sviluppo. I suoi obiettivi prioritari sono: favorire l\u2019attrazione di investimenti esteri, sostenere l\u2019innovazione e la crescita del sistema produttivo, valorizzare le potenzialit\u00e0 dei territori.<\/p>\n<p>&nbsp;<\/p>\n<p><strong><span style=\"text-decoration: underline;\">Istituzioni di riferimento<\/span><\/strong><\/p>\n<p><strong><br \/>\n<\/strong><a href=\"http:\/\/www.ice.gov.it\/\"><strong>ICE-Agenzia per la promozione all\u2019estero e l\u2019internazionalizzazione delle imprese italiane<\/strong><\/a>\u00a0\u00e8 l\u2019Agenzia italiana che facilita l\u2019accesso delle imprese italiane al mercato globale alle imprese italiane, soprattutto le PMI. Con una rete globale di 79 Unit\u00e0 operative, fornisce assistenza, consulenza e promozione commerciale, personalizzate per ogni impresa e per il Sistema Italia. Le sue attivit\u00e0 mirano a facilitare gli affari internazionali, fornendo informazioni sulle opportunit\u00e0 commerciali, sugli investimenti e sulle gare internazionali, contribuendo cos\u00ec allo sviluppo economico del Paese.<\/p>\n<p><a href=\"http:\/\/www.unioncamere.gov.it\/\"><strong>Unione delle Camere di Commercio, Industria, Artigianato e Agricoltura<\/strong><\/a>\u00a0\u00e8 il punto di riferimento per i settori produttivi a livello locale, nazionale e internazionale. Promuove e gestisce servizi per le Camere di commercio e le categorie economiche, sviluppa la collaborazione con la rete delle CCIE e facilita l\u2019accesso a programmi comunitari e accordi internazionali, promuovendo l\u2019Italia nel mondo con tecnologie avanzate.<\/p>\n<p><a href=\"https:\/\/www.assocamerestero.it\/\"><strong>Assocamerestero<\/strong><\/a>\u00a0\u00e8 l\u2019associazione delle Camere di Commercio Italiane nel mondo, nata per valorizzare e sviluppare le attivit\u00e0 delle Camere, aumentando la loro visibilit\u00e0 presso istituzioni e organizzazioni imprenditoriali italiane e internazionali. L\u2019Associazione promuove le Camere di Commercio Italiane all\u2019estero, facilitando collaborazioni strategiche, comunicazioni e assistenza per nuove Camere e networking internazionale.<\/p>\n<p><a href=\"http:\/\/www.confindustria.it\/\"><strong>Confindustria<\/strong><\/a>\u00a0(Organizzazione rappresentativa delle imprese manifatturiere di servizi in Italia): fondata nel 1910, rappresenta le imprese manifatturiere e di servizi in Italia, con oltre 147.000 imprese e circa 5.416.777 addetti. Il suo obiettivo principale \u00e8 contribuire, insieme a varie istituzioni e organizzazioni, alla crescita economica e al progresso sociale del Paese.<\/p>\n<p><a href=\"http:\/\/www.cdp.it\/\"><strong>Cassa depositi e prestiti<\/strong><\/a>, controllata dal Ministero dell\u2019Economia e delle Finanze, utilizza il risparmio nazionale per la crescita economica. Collabora con istituzioni finanziarie internazionali per promuovere investimenti infrastrutturali. Favorisce relazioni con investitori esteri per sostenere l\u2019espansione delle imprese italiane oltre confine.<\/p>\n<p><a href=\"http:\/\/www.sace.it\/\"><strong>SACE \u2013 Servizi Assicurativi del Commercio Estero<\/strong><\/a><strong>:\u00a0<\/strong>societ\u00e0 di assicurazione all\u2019esportazione con il sostegno del Ministero dell\u2019Economia, copre rischi politici, economici e commerciali per gli operatori italiani all\u2019estero. Favorisce le esportazioni delle PMI italiane, agevolando l\u2019accesso alle garanzie assicurative.<\/p>\n<p><a href=\"http:\/\/www.simest.it\/\"><strong>SIMEST \u2013 Finanziaria di sviluppo e promozione delle imprese italiane all\u2019estero<\/strong><\/a><strong>:<\/strong>\u00a0societ\u00e0 controllata dal governo italiano, promuove e sostiene le attivit\u00e0 delle imprese italiane all\u2019estero, specialmente PMI, attraverso sostegno agli scambi commerciali e agli investimenti. Fornisce assistenza, consulenza e supporto finanziario, gestisce fondi venture capital, eroga contributi agli interessi, finanzia studi di fattibilit\u00e0 e altre iniziative per facilitare l\u2019espansione internazionale delle imprese italiane.<\/p>\n<p><strong><br \/>\n<span style=\"text-decoration: underline;\">Quadro macroeconomico<\/span><\/strong><\/p>\n<p><strong><br \/>\n<\/strong><strong>Dati aggiornati sull\u2019andamento dell\u2019economia italiana sono reperibili dalle fonti qui di seguito elencate.<\/strong><\/p>\n<p><strong>Banca d\u2019Italia<\/strong><br \/>\n<a href=\"https:\/\/www.bancaditalia.it\/homepage\/index.html?com.dotmarketing.htmlpage.language=102\" target=\"_blank\" rel=\"noopener\"><strong>Sul sito web della Banca d\u2019Italia<\/strong><\/a>\u00a0\u00e8 presente il collegamento alla sezione pubblicazioni attraverso il quale si accede ai servizi di carattere economico e statistico e di politica monetaria sull\u2019Italia.<br \/>\nDi particolare interesse ai fini di un\u2019accurata ed aggiornata analisi sul quadro economico nazionale si segnala, in questa sezione, il Bollettino Economico che viene aggiornato dall\u2019Istituto a novembre e marzo di ogni anno.<\/p>\n<p><strong>ISTAT<\/strong><br \/>\n<a href=\"https:\/\/www.istat.it\/it\/\"><strong>L\u2019Istituto Nazionale di Statistica<\/strong><\/a>\u00a0fornisce dati aggiornati su tutti gli indicatori economici del paese.<\/p>\n<p><strong>Eurostat<\/strong><br \/>\n<a href=\"https:\/\/ec.europa.eu\/eurostat?etrans=it\" target=\"_blank\" rel=\"noopener\"><strong>L\u2019Istituto Europeo di Statistica<\/strong><\/a>\u00a0fornisce dati aggiornati sui maggiori indicatori economici dei paesi UE.<\/p>\n","protected":false},"excerpt":{"rendered":"InvestinItaly.gov.it\u00a0\u00e8 il nuovo portale in lingua inglese che presenta le principali opportunit\u00e0 di investimento in Italia in 13 settori strategici, fornendo informazioni su incentivi e adempimenti per l\u2019acquisizione di oltre 250 siti industriali immediatamente disponibili agli investitori. Invitalia \u00e8\u00a0l\u2019Agenzia nazionale per l\u2019attrazione degli investimenti e lo sviluppo d\u2019impresa, agisce su mandato del Governo per accrescere [&hellip;]","protected":false},"author":1,"featured_media":0,"parent":43,"menu_order":0,"comment_status":"closed","ping_status":"closed","template":"","meta":{"footnotes":""},"class_list":["post-97","page","type-page","status-publish","hentry"],"_links":{"self":[{"href":"https:\/\/ambbratislava.esteri.it\/it\/wp-json\/wp\/v2\/pages\/97","targetHints":{"allow":["GET"]}}],"collection":[{"href":"https:\/\/ambbratislava.esteri.it\/it\/wp-json\/wp\/v2\/pages"}],"about":[{"href":"https:\/\/ambbratislava.esteri.it\/it\/wp-json\/wp\/v2\/types\/page"}],"author":[{"embeddable":true,"href":"https:\/\/ambbratislava.esteri.it\/it\/wp-json\/wp\/v2\/users\/1"}],"replies":[{"embeddable":true,"href":"https:\/\/ambbratislava.esteri.it\/it\/wp-json\/wp\/v2\/comments?post=97"}],"version-history":[{"count":4,"href":"https:\/\/ambbratislava.esteri.it\/it\/wp-json\/wp\/v2\/pages\/97\/revisions"}],"predecessor-version":[{"id":4683,"href":"https:\/\/ambbratislava.esteri.it\/it\/wp-json\/wp\/v2\/pages\/97\/revisions\/4683"}],"up":[{"embeddable":true,"href":"https:\/\/ambbratislava.esteri.it\/it\/wp-json\/wp\/v2\/pages\/43"}],"wp:attachment":[{"href":"https:\/\/ambbratislava.esteri.it\/it\/wp-json\/wp\/v2\/media?parent=97"}],"curies":[{"name":"wp","href":"https:\/\/api.w.org\/{rel}","templated":true}]}}