{"id":71,"date":"2023-04-11T18:19:16","date_gmt":"2023-04-11T16:19:16","guid":{"rendered":"https:\/\/ambasciatapraga.esteri.it\/?page_id=71"},"modified":"2024-06-08T16:57:38","modified_gmt":"2024-06-08T14:57:38","slug":"servizi-notarili","status":"publish","type":"page","link":"https:\/\/ambbratislava.esteri.it\/it\/servizi-consolari-e-visti\/servizi-per-il-cittadino-italiano\/servizi-notarili\/","title":{"rendered":"Servizi notarili"},"content":{"rendered":"<p align=\"left\">L\u2019ufficio consolare esercita \u2013\u00a0<strong>esclusivamente nei confronti di cittadini italiani che si trovano all\u2019estero in via permanente o temporanea e in via prioritaria per quelli iscritti all\u2019AIRE<\/strong>\u00a0\u2013 alcune funzioni notarili previste dal nostro ordinamento. Essenzialmente si tratta del ricevimento di atti pubblici (procure, testamenti), di atti notori, di autenticazioni e di sottoscrizioni apposte a scritture private.<\/p>\n<p align=\"left\">Esistono tuttavia alcune differenze tra le competenze consolari in materia notarile e quelle attribuite ai notai esercenti in Italia, sostanzialmente connesse alla diversa posizione del Capo della Rappresentanza consolare, funzionario dello Stato, e quella del notaio, libero professionista:<\/p>\n<ul>\n<li>\n<div align=\"left\">il notaio pu\u00f2 anche essere chiamato a fungere da consulente legale del cliente; egli pertanto pu\u00f2 assumere informazioni circa la solvibilit\u00e0 di una persona o agire da mediatore in una transazione, oppure consigliare il cliente circa rapporti familiari o finanziari.\u00a0<strong>E\u2019 escluso che l\u2019Autorit\u00e0 consolare possa svolgere attivit\u00e0 analoghe<\/strong>. Il suo consiglio, se richiesto, deve essere limitato al campo giuridico, con particolare riguardo alla validit\u00e0 degli atti che le si domanda di ricevere. La sua assistenza deve limitarsi alla legalit\u00e0 degli atti prospettati e non alla loro utilit\u00e0 economica.<\/div>\n<\/li>\n<li>\n<div align=\"left\">il notaio pu\u00f2 essere a volte il mandatario del cliente rispetto alla pubblicit\u00e0 e alla esecuzione di formalit\u00e0 relative agli atti da lui ricevuti.\u00a0<strong>Nessuna attivit\u00e0 di tale natura pu\u00f2, invece, essere svolta dal capo della Rappresentanza consolare<\/strong>.<\/div>\n<\/li>\n<li>\n<div align=\"left\">mentre il notaio ha diritto ad un onorario,\u00a0<strong>tutti gli atti consolari sono soggetti unicamente alla tassa indicata nella Tariffa consolare<\/strong>.<\/div>\n<\/li>\n<\/ul>\n<p>In attuazione dell\u2019art. 28 del D. Lgs. 71\/2011, il Decreto del Ministro degli Affari Esteri del 31 ottobre 2011 limita, a partire dal 1\u00b0 gennaio 2012, l\u2019erogazione dei servizi notarili da parte degli Uffici consolari aventi sede in Austria, Belgio, Francia, Germania e Lettonia. Tale scelta si basa, in primo luogo, sull\u2019esistenza di convenzioni bilaterali o multilaterali che hanno soppresso, per gli atti provenienti da tali Paesi, la necessit\u00e0 di legalizzazione o apostille e, in secondo luogo, sul fatto che i Notariati presenti in tali Paesi hanno aderito all\u2019Unione Internazionale del Notariato (U.I.N.L.), elemento ritenuto idoneo a garantire la presenza in loco di adeguati servizi notarili.<\/p>\n<p>Per avere efficacia in Italia gli atti dovranno comunque essere tradotti.<br \/>\nIl provvedimento prevede tuttavia che il Capo dell\u2019Ufficio Consolare possa ricevere \u2013 previa verifica della oggettiva e documentata impossibilit\u00e0 da parte del connazionale di rivolgersi ad un notaio in loco \u2013 atti che rivestono carattere di necessit\u00e0 e urgenza, quando dal ritardo possa derivare pregiudizio al cittadino.<\/p>\n<p align=\"left\">Il cittadino italiano in Slovacchia pu\u00f2, in alternativa alla richiesta di servizi notarili all&#8217;Ufficio Consolare, formalizzare l\u2019atto presso un pubblico notaio ufficialmente accreditato in Repubblica Slovacca. Successivamente, considerato che la Repubblica Slovacca ha aderito alla Convenzione dell\u2019Aja del 1961 per l\u2019abolizione della legalizzazione, si dovr\u00e0 provvedere a far apporre sul documento l\u2019\u00ab<strong>apostille<\/strong>\u00bb da una delle Autorit\u00e0 preposte ed effettuare la traduzione giurata\u00a0con firma legalizzata da parte di questa Cancelleria Consolare.<\/p>\n","protected":false},"excerpt":{"rendered":"L\u2019ufficio consolare esercita \u2013\u00a0esclusivamente nei confronti di cittadini italiani che si trovano all\u2019estero in via permanente o temporanea e in via prioritaria per quelli iscritti all\u2019AIRE\u00a0\u2013 alcune funzioni notarili previste dal nostro ordinamento. Essenzialmente si tratta del ricevimento di atti pubblici (procure, testamenti), di atti notori, di autenticazioni e di sottoscrizioni apposte a scritture private. [&hellip;]","protected":false},"author":1,"featured_media":0,"parent":47,"menu_order":10,"comment_status":"closed","ping_status":"closed","template":"","meta":{"footnotes":""},"class_list":["post-71","page","type-page","status-publish","hentry"],"_links":{"self":[{"href":"https:\/\/ambbratislava.esteri.it\/it\/wp-json\/wp\/v2\/pages\/71","targetHints":{"allow":["GET"]}}],"collection":[{"href":"https:\/\/ambbratislava.esteri.it\/it\/wp-json\/wp\/v2\/pages"}],"about":[{"href":"https:\/\/ambbratislava.esteri.it\/it\/wp-json\/wp\/v2\/types\/page"}],"author":[{"embeddable":true,"href":"https:\/\/ambbratislava.esteri.it\/it\/wp-json\/wp\/v2\/users\/1"}],"replies":[{"embeddable":true,"href":"https:\/\/ambbratislava.esteri.it\/it\/wp-json\/wp\/v2\/comments?post=71"}],"version-history":[{"count":3,"href":"https:\/\/ambbratislava.esteri.it\/it\/wp-json\/wp\/v2\/pages\/71\/revisions"}],"predecessor-version":[{"id":4034,"href":"https:\/\/ambbratislava.esteri.it\/it\/wp-json\/wp\/v2\/pages\/71\/revisions\/4034"}],"up":[{"embeddable":true,"href":"https:\/\/ambbratislava.esteri.it\/it\/wp-json\/wp\/v2\/pages\/47"}],"wp:attachment":[{"href":"https:\/\/ambbratislava.esteri.it\/it\/wp-json\/wp\/v2\/media?parent=71"}],"curies":[{"name":"wp","href":"https:\/\/api.w.org\/{rel}","templated":true}]}}