{"id":4728,"date":"2024-08-19T19:15:45","date_gmt":"2024-08-19T17:15:45","guid":{"rendered":"https:\/\/ambbratislava.esteri.it\/?page_id=4728"},"modified":"2024-08-19T19:15:45","modified_gmt":"2024-08-19T17:15:45","slug":"variazione-indirizzo-e-cambio-circoscrizione-consolare","status":"publish","type":"page","link":"https:\/\/ambbratislava.esteri.it\/it\/servizi-consolari-e-visti\/servizi-per-il-cittadino-italiano\/anagrafe-degli-italiani-residenti-allestero-aire\/variazione-indirizzo-e-cambio-circoscrizione-consolare\/","title":{"rendered":"Variazione indirizzo e cambio circoscrizione consolare"},"content":{"rendered":"<p>L\u2019aggiornamento dell\u2019A.I.R.E. dipende dal cittadino che deve\u00a0<strong>tempestivamente comunicare all\u2019ufficio consolare ogni variazione d\u2019indirizzo<\/strong>. Il mancato aggiornamento delle informazioni, in particolare di quelle riguardanti il cambio di indirizzo, rende impossibile il contatto con il cittadino e il ricevimento della cartolina o del plico elettorale in caso di eventi elettorali.<\/p>\n<p>Per effettuare le variazioni d\u2019indirizzo \u00e8 necessario essere registrati sul Portale\u00a0<a href=\"https:\/\/serviziconsolarionline.esteri.it\/\" target=\"_blank\" rel=\"noopener\">Fast It<\/a><\/p>\n<p>Gli utenti gi\u00e0 in possesso di un account Fast it\u00a0 potranno procedere direttamente alla richiesta di variazione di indirizzo\u00a0<strong>utilizzando il servizio \u201cComunicare la Variazione della propria Residenza\u201d.<\/strong><\/p>\n<p>Per coloro che non fossero gi\u00e0 in possesso di un account Fast it, \u00e8 necessario effettuare la registrazione al portale e attivare \u00a0il proprio account, richiedendo l\u2019accesso alla propria scheda consolare selezionando \u201cAnagrafe Consolare e AIRE\u201d e poi \u201d Visualizzare la propria scheda anagrafica\u201d.<\/p>\n<p>Trasmettere unicamente un documento di identit\u00e0 (anche se scaduto o straniero) e attendere la validazione.<\/p>\n<p>Dopo aver ricevuto l\u2019autorizzazione di accesso alla propria scheda anagrafica sar\u00e0 possibile segnalare la variazione del proprio indirizzo estero (solo per s\u00e9 stesso oppure per tutto o parte del nucleo familiare visualizzato) <strong>utilizzando il servizio \u201cComunicare la Variazione della propria Residenza\u201d<\/strong>.<\/p>\n<p>DOCUMENTI NECESSARI (da caricare sul portale Fast It dopo aver eseguito la scansione):<\/p>\n<ol>\n<li>fotocopia di passaporto e\/o della carta d\u2019identit\u00e0 (in mancanza di documenti italiani, sar\u00e0 accettato un documento di identit\u00e0 straniero completo di tutte le generalit\u00e0);<\/li>\n<li>Documento\u00a0 recente comprovante la residenza degli interessati nella circoscrizione consolare quali il permesso di soggiorno rilasciato dalle Autorit\u00e0 della Repubblica Slovacca \u2013 POVOLENIE NA POBYT, bollette di forniture (elettriche, gas, telefono fisso, internet) per utenze residenziali intestate all&#8217;interessato\/a, contratto di affitto intestato all&#8217;interessato\/a, contratto di lavoro o certificato di studi in corso.<\/li>\n<li>Comunicazione Cambio Residenza ricomprendente tutti i membri del nucleo famigliare per i quali avviene la variazione (generata dal programma, stampata, sottoscritta manualmente e allegata).<\/li>\n<\/ol>\n<p>&nbsp;<\/p>\n<p><strong><u>VARIAZIONE D\u2019INDIRIZZO DA O VERSO ALTRA CIRCOSCRIZIONE CONSOLARE<br \/>\n<\/u><\/strong><\/p>\n<p><span style=\"text-decoration: underline;\">TRASFERIMENTO DA BRATISLAVA AD ALTRA CIRCOSCRIZIONE CONSOLARE<\/span><\/p>\n<p>I cittadini italiani residenti nella circoscrizione consolare di Bratislava e regolarmente iscritti all\u2019A.I.R.E. che trasferiscono la propria residenza nel territorio di una diversa circoscrizione consolare devono contattare il Consolato competente per il luogo di nuova residenza e comunicare il proprio indirizzo, effettuando un\u2019iscrizione presso i rispettivi schedari consolari. Sar\u00e0 quindi cura del Consolato \u201cricevente\u201d darne comunicazione al Comune A.I.R.E. dell\u2019interessato e all&#8217;Ufficio Consolare dell&#8217;Ambasciata d&#8217;Italia a Bratislava.<\/p>\n<p>I cittadini gi\u00e0 in possesso di un account Fast It e autorizzati a visualizzare la propria scheda anagrafica, potranno utilizzare il servizio \u201cComunicare la Variazione della propria Residenza\u201d. Indicando una localit\u00e0 di residenza non pi\u00f9 compresa nella circoscrizione consolare di Bratislava, il programma trasferir\u00e0 automaticamente l\u2019account Fast It al nuovo Consolato di competenza (si invita a prestare attenta cura nel selezionare la localit\u00e0 di residenza nell&#8217;apposito campo a tendina).<\/p>\n<p><span style=\"text-decoration: underline;\">TRASFERIMENTO DA ALTRA CIRCOSCRIZIONE CONSOLARE A BRATISLAVA<\/span><\/p>\n<p>I cittadini residenti in una circoscrizione consolare diversa da quella di Bratislava regolarmente iscritti all\u2019A.I.R.E. che trasferiscono la propria residenza nel territorio della circoscrizione consolare di Bratislava dovranno richiedere il \u201cCambio Circoscrizione Consolare\u201d. Per i cittadini non ancora titolari di un account Fast It <u>l<\/u>a procedura \u00e8 identica a quella della richiesta di iscrizione AIRE ma, al momento della compilazione della domanda si dovr\u00e0 indicare, nel campo \u201cLocalit\u00e0 di provenienza\u201d, il Consolato nel quale si era iscritti in precedenza.<\/p>\n<p>I cittadini che hanno gi\u00e0 un account Fast It associato ad un altro Consolato dovranno richiedere l\u2019accesso alla propria scheda consolare presso il Consolato di provenienza e quindi richiedere il servizio \u201cComunicare la variazione della propria residenza\u201d (indicando la nuova localit\u00e0 di residenza, il programma trasferir\u00e0 automaticamente l\u2019account Fast It all&#8217;Ufficio Consolare dell&#8217;Ambasciata d&#8217;Italia a Bratislava).<\/p>\n","protected":false},"excerpt":{"rendered":"L\u2019aggiornamento dell\u2019A.I.R.E. dipende dal cittadino che deve\u00a0tempestivamente comunicare all\u2019ufficio consolare ogni variazione d\u2019indirizzo. Il mancato aggiornamento delle informazioni, in particolare di quelle riguardanti il cambio di indirizzo, rende impossibile il contatto con il cittadino e il ricevimento della cartolina o del plico elettorale in caso di eventi elettorali. Per effettuare le variazioni d\u2019indirizzo \u00e8 necessario [&hellip;]","protected":false},"author":4,"featured_media":0,"parent":3313,"menu_order":0,"comment_status":"closed","ping_status":"closed","template":"","meta":{"footnotes":""},"class_list":["post-4728","page","type-page","status-publish","hentry"],"_links":{"self":[{"href":"https:\/\/ambbratislava.esteri.it\/it\/wp-json\/wp\/v2\/pages\/4728","targetHints":{"allow":["GET"]}}],"collection":[{"href":"https:\/\/ambbratislava.esteri.it\/it\/wp-json\/wp\/v2\/pages"}],"about":[{"href":"https:\/\/ambbratislava.esteri.it\/it\/wp-json\/wp\/v2\/types\/page"}],"author":[{"embeddable":true,"href":"https:\/\/ambbratislava.esteri.it\/it\/wp-json\/wp\/v2\/users\/4"}],"replies":[{"embeddable":true,"href":"https:\/\/ambbratislava.esteri.it\/it\/wp-json\/wp\/v2\/comments?post=4728"}],"version-history":[{"count":1,"href":"https:\/\/ambbratislava.esteri.it\/it\/wp-json\/wp\/v2\/pages\/4728\/revisions"}],"predecessor-version":[{"id":4731,"href":"https:\/\/ambbratislava.esteri.it\/it\/wp-json\/wp\/v2\/pages\/4728\/revisions\/4731"}],"up":[{"embeddable":true,"href":"https:\/\/ambbratislava.esteri.it\/it\/wp-json\/wp\/v2\/pages\/3313"}],"wp:attachment":[{"href":"https:\/\/ambbratislava.esteri.it\/it\/wp-json\/wp\/v2\/media?parent=4728"}],"curies":[{"name":"wp","href":"https:\/\/api.w.org\/{rel}","templated":true}]}}