{"id":449,"date":"2023-11-27T16:39:52","date_gmt":"2023-11-27T15:39:52","guid":{"rendered":"https:\/\/ambbratislava.esteri.it\/?page_id=449"},"modified":"2024-06-08T08:38:58","modified_gmt":"2024-06-08T06:38:58","slug":"carte-di-identita-elettroniche-cie","status":"publish","type":"page","link":"https:\/\/ambbratislava.esteri.it\/it\/servizi-consolari-e-visti\/servizi-per-il-cittadino-italiano\/passaporti-e-carte-didentita\/carte-di-identita-elettroniche-cie\/","title":{"rendered":"Carte di Identit\u00e0 Elettroniche (CIE)"},"content":{"rendered":"<p><img decoding=\"async\" src=\"https:\/\/ambquito.esteri.it\/wp-content\/uploads\/2024\/05\/CIE-Immagine.png\" alt=\"Carta d'Identit\u00e0 Elettronica (CIE) \u2013 Ambasciata d'Italia Quito\" \/><\/p>\n<div>\n<p><a href=\"https:\/\/www.esteri.it\/it\/servizi-consolari-e-visti\/italiani-all-estero\/documenti_di_viaggio\/carta_identita\/\"><strong>INFORMAZIONI GENERALI<\/strong><\/a><\/p>\n<p>La CIE potr\u00e0 essere rilasciata esclusivamente ai cittadini italiani regolarmente residenti nella propria circoscrizione consolare, che siano gi\u00e0 registrati nello schedario consolare e i cui dati anagrafici siano gi\u00e0 presenti nella banca dati A.I.R.E. (Anagrafe degli Italiani Residenti all\u2019Estero).<\/p>\n<p>Coloro che non sono registrati all\u2019A.I.R.E. dovranno prima regolarizzare la propria iscrizione anagrafica (per i cittadini non iscritti all\u2019A.I.R.E., la competenza al rilascio della carta d\u2019identit\u00e0 rimane al Comune di residenza).<\/p>\n<p>Ai fini della registrazione nella banca dati A.I.R.E. \u00e8 indispensabile, per i cittadini italiani nati all\u2019estero, che l\u2019atto di nascita risulti gi\u00e0 trascritto nei registri di Stato Civile del Comune di riferimento.<\/p>\n<p>Nel caso si sia cambiato indirizzo di residenza (rispetto a quello comunicato all\u2019Ufficio consolare), \u00e8 necessario richiedere la variazione di indirizzo (vedi sezione &#8220;Anagrafe degli Italiani residenti all\u2019estero &#8211; A.I.R.E.&#8221;).<\/p>\n<p>Per la richiesta di passaporto \u00e8 necessario contattare l&#8217;Ufficio Consolare all\u2019indirizzo e-mail uffconsolare.bratis@esteri.it anticipando l\u2019apposito modulo (scaricabile dalla sezione &#8220;Modulistica&#8221;) insieme a copia di un documento di identit\u00e0 valido. In caso di assenza del documento di identit\u00e0 valido, \u00e8 necessario fornire i dati di due testimoni, ed i relativi documenti di identit\u00e0 validi.<\/p>\n<p>Si informano i connazionali, genitori di figli minori, che a partire dal 14 giugno 2023 non \u00e8 pi\u00f9 necessario presentare l\u2019atto di assenso dell\u2019altro genitore ai fini del rilascio del proprio documento d\u2019identit\u00e0 (passaporto e CIE), ai sensi del Decreto Legge 69\/2023, essendo sufficiente\u00a0un\u2019autocertificazione di assenza di cause inibitorie al rilascio del documento (scaricabile dalla sezione &#8220;Modulistica&#8221;).<\/p>\n<p>Ai fini del rilascio dei documenti per i minori resta invece l\u2019obbligo dell\u2019assenso firmato da entrambi i genitori o da chi esercita la responsabilit\u00e0 genitoriale.<\/p>\n<p>La validit\u00e0 della carta d\u2019identit\u00e0 varia a seconda dell\u2019et\u00e0 del titolare ed \u00e8 di:<br \/>\n\u2013 3 anni per i minori di et\u00e0 compresa tra 0 e 3 anni;<br \/>\n\u2013 5 anni per i minori di et\u00e0 compresa tra 3 anni e il raggiungimento della maggiore et\u00e0 (18 anni);<br \/>\n\u2013 10 anni dai 18 anni di et\u00e0.<\/p>\n<p>&nbsp;<\/p>\n<p><strong>DOCUMENTAZIONE DA PRESENTARE IL GIORNO DELL\u2019APPUNTAMENTO<\/strong>:<\/p>\n<ul>\n<li>modulo di richiesta della CIE compilato e firmato (scaricabile dalla sezione &#8220;Modulistica&#8221;);<\/li>\n<li>1 fotografia recente (massimo 6 mesi), formato ICAO (frontale, a colori, con sfondo bianco, dimensioni 35 x 40 mm);<\/li>\n<li>documento italiano di riconoscimento ai sensi del D.P.R. 445\/2000. Se non ne \u00e8 in possesso, il richiedente dovr\u00e0 presentarsi accompagnato da due testimoni; se la CIE \u00e8 richiesta per un minorenne, \u00e8 necessario che anche il genitore che accompagna presenti un documento di riconoscimento; &gt;&gt; ATTENZIONE: La carta di identit\u00e0 precedente viene ritirata il giorno dell\u2019appuntamento<\/li>\n<li>1 fotocopia del documento precedente (fotocopia di fronte e retro della carta d\u2019identit\u00e0);<\/li>\n<li>nel caso in cui si richieda la carta d\u2019identit\u00e0 per un figlio minore di 18 anni, atto di assenso da parte dell\u2019altro genitore, a prescindere dallo stato civile del richiedente (celibe\/nubile, coniugato, separato o divorziato), vedasi Modulo per richiesta CIE per minore (con assenso), scaricabile dalla sezione &#8220;Modulistica&#8221;;<\/li>\n<li>nel caso in cui il richiedente non sia pi\u00f9 in possesso del precedente documento in seguito a furto o smarrimento, \u00e8 necessario presentare al momento dell\u2019appuntamento il formulario di dichiarazione di furto o smarrimento (scaricabile dalla sezione &#8220;Modulistica&#8221;), unitamente alla denuncia effettuata presso le autorit\u00e0 locali.<\/li>\n<\/ul>\n<p>&nbsp;<\/p>\n<p>Il giorno dell\u2019appuntamento, l\u2019operatore consolare acquisisce la documentazione indicata al punto precedente, effettua il riconoscimento e la verifica della foto ed acquisisce le impronte digitali e la firma (salvo per i minori di anni 12), che saranno registrate in sicurezza all\u2019interno del microchip presente nella propria CIE e non depositate in nessun altro luogo.<\/p>\n<p>Anche i minori di et\u00e0 inferiore ai 12 anni devono essere presenti, perch\u00e9 \u00e8 necessaria la loro identificazione da parte del funzionario dell\u2019ufficio. I minori devono essere sempre accompagnati da uno dei genitori o comunque dal titolare della responsabilit\u00e0 genitoriale.<\/p>\n<p>&nbsp;<\/p>\n<p>Il costo del documento \u00e8 di:<\/p>\n<p>\u2022 Euro 21,95 in caso di primo rilascio o rinnovo;<br \/>\n\u2022 Euro 27,11 in caso di duplicato (nuova carta emessa prima di 180 giorni dalla scadenza della precedente per furto, smarrimento o deterioramento).<\/p>\n<p>Il pagamento dovr\u00e0 essere effettuato il giorno dell\u2019appuntamento in contanti allo sportello.<\/p>\n<p>&nbsp;<\/p>\n<p><strong>Consegna della carta d\u2019identit\u00e0<\/strong><\/p>\n<p>La CIE \u00e8 emessa dal Ministero dell\u2019Interno e prodotta dall\u2019Istituto Poligrafico e Zecca dello Stato, che la spedisce, a mezzo posta raccomandata, all\u2019indirizzo di residenza (o recapito) dichiarato dal richiedente. Salvo casi particolari, la CIE dovrebbe arrivare per posta entro 15 giorni dal giorno dell\u2019appuntamento (il connazionale potr\u00e0 seguire la raccomandata autonomamente online, attraverso il codice di tracciamento).<br \/>\nIn caso di mancata consegna, scaduto il termine di giacenza presso l\u2019ufficio postale il plico viene restituito all\u2019Ufficio consolare per ulteriori tentativi di consegna.<\/p>\n<p><strong>CARTE D\u2019IDENTITA\u2019 NON RITIRATE<br \/>\n<\/strong>Si informa che le carte d\u2019identit\u00e0 rilasciate da questo Ufficio consolare e non\u00a0 ritirate dagli interessati verranno tenute in giacenza per il tempo massimo di un anno.<br \/>\nAllo scadere del periodo di conservazione l\u2019Ufficio consolare proceder\u00e0 alla distruzione delle carte di identit\u00e0 giacenti e non ritirate.<\/p>\n<\/div>\n","protected":false},"excerpt":{"rendered":"INFORMAZIONI GENERALI La CIE potr\u00e0 essere rilasciata esclusivamente ai cittadini italiani regolarmente residenti nella propria circoscrizione consolare, che siano gi\u00e0 registrati nello schedario consolare e i cui dati anagrafici siano gi\u00e0 presenti nella banca dati A.I.R.E. (Anagrafe degli Italiani Residenti all\u2019Estero). Coloro che non sono registrati all\u2019A.I.R.E. dovranno prima regolarizzare la propria iscrizione anagrafica (per [&hellip;]","protected":false},"author":5,"featured_media":0,"parent":49,"menu_order":0,"comment_status":"closed","ping_status":"closed","template":"","meta":{"footnotes":""},"class_list":["post-449","page","type-page","status-publish","hentry"],"_links":{"self":[{"href":"https:\/\/ambbratislava.esteri.it\/it\/wp-json\/wp\/v2\/pages\/449","targetHints":{"allow":["GET"]}}],"collection":[{"href":"https:\/\/ambbratislava.esteri.it\/it\/wp-json\/wp\/v2\/pages"}],"about":[{"href":"https:\/\/ambbratislava.esteri.it\/it\/wp-json\/wp\/v2\/types\/page"}],"author":[{"embeddable":true,"href":"https:\/\/ambbratislava.esteri.it\/it\/wp-json\/wp\/v2\/users\/5"}],"replies":[{"embeddable":true,"href":"https:\/\/ambbratislava.esteri.it\/it\/wp-json\/wp\/v2\/comments?post=449"}],"version-history":[{"count":4,"href":"https:\/\/ambbratislava.esteri.it\/it\/wp-json\/wp\/v2\/pages\/449\/revisions"}],"predecessor-version":[{"id":3926,"href":"https:\/\/ambbratislava.esteri.it\/it\/wp-json\/wp\/v2\/pages\/449\/revisions\/3926"}],"up":[{"embeddable":true,"href":"https:\/\/ambbratislava.esteri.it\/it\/wp-json\/wp\/v2\/pages\/49"}],"wp:attachment":[{"href":"https:\/\/ambbratislava.esteri.it\/it\/wp-json\/wp\/v2\/media?parent=449"}],"curies":[{"name":"wp","href":"https:\/\/api.w.org\/{rel}","templated":true}]}}