{"id":44,"date":"2023-04-11T18:10:45","date_gmt":"2023-04-11T16:10:45","guid":{"rendered":"https:\/\/ambasciatapraga.esteri.it\/?page_id=44"},"modified":"2024-07-30T09:17:09","modified_gmt":"2024-07-30T07:17:09","slug":"diplomazia-culturale","status":"publish","type":"page","link":"https:\/\/ambbratislava.esteri.it\/it\/italia-e-slovacchia\/diplomazia-culturale\/","title":{"rendered":"Diplomazia culturale"},"content":{"rendered":"<p>In Repubblica Slovacca \u00e8 attivo l&#8217;<a href=\"https:\/\/iicbratislava.esteri.it\/it\/\">Istituto Italiano di Cultura di Bratislava<\/a>, che ha come obiettivo quello di promuovere e di diffondere la lingua e la cultura italiana in Slovacchia attraverso l\u2019organizzazione di numerosi e diversificati eventi culturali, miranti a promuovere presso il pubblico slovacco la conoscenza delle molteplici espressioni della cultura e della creativit\u00e0 italiane, spaziando in diversi settori &#8211; dalla cinematografia alla letteratura, dalle arti figurative alla musica.<\/p>\n<p>&nbsp;<\/p>\n<p><img decoding=\"async\" class=\"alignleft\" src=\"https:\/\/encrypted-tbn0.gstatic.com\/images?q=tbn:ANd9GcQCzE9ixI-uEoUuEXzxxxkGJ8aCQOt4h2sqxQ&amp;s\" alt=\"Istituto Italiano di Cultura di Bratislava | Bratislava\" \/><\/p>\n<p>&nbsp;<\/p>\n<table class=\"table\">\n<tbody>\n<tr>\n<td>Istituto Italiano di Cultura Bratislava<br \/>\nKapuc\u00ednska 7<br \/>\n811 03 Bratislavatel. +421 2 59 30 71 11<br \/>\nemail:\u00a0<a href=\"mailto:iicbratislava@esteri.it\">iicbratislava@esteri.it<\/a><strong>ORARI DI APERTURA AL PUBBLICO<\/strong><\/p>\n<p>Lun-Mer: 10:00-12:30\/14:00-18:00<br \/>\nGio: 10:00-12:30\/14:00-16:00<\/td>\n<\/tr>\n<\/tbody>\n<\/table>\n<p>&nbsp;<\/p>\n<p><strong>L\u2019Istituto Italiano di Cultura di Bratislava offre inoltre al pubblico slovacco i seguenti servizi:<\/strong><\/p>\n<ul>\n<li>corsi di lingua e civilt\u00e0 italiana;<\/li>\n<li>esami CILS dell\u2019Universit\u00e0 per stranieri di Siena, per ottenere il diploma di conoscenza di italiano come lingua straniera;<\/li>\n<li>una biblioteca \u00a0a disposizione dei soci per la consultazione e il prestito di libri, cd, dvd, riviste e giornali italiani;<\/li>\n<li>servizio di informazione e documentazione sull\u2019Italia nel campo culturale.<\/li>\n<\/ul>\n<p>All\u2019azione di promozione linguistica e culturale contribuiscono inoltre il Comitato della \u201c<a href=\"https:\/\/ladante.it\/index.php?q=it\/page\/chi-siamo\/sedi\" target=\"_blank\" rel=\"noopener\">Societ\u00e0 Dante Alighieri<\/a>\u201d di Kosice &#8211; che organizza iniziative quali conferenze, proiezioni, soggiorni studio e corsi di lingua italiana per stranieri con rilascio di certificazioni PLIDA (Progetto lingua italiana Dante Alighieri) &#8211; cos\u00ec come le numerose scuole e Universit\u00e0 del Paese dove \u00e8 presente l&#8217;insegnamento dell&#8217;italiano.<\/p>\n<p>Tra queste, in primis, \u00e8 da annoverare la sezione bilingue Italo-Slovacca presso il Liceo L. S\u00e1ru di Bratislava, istituita nel 1991 e che conta il pi\u00f9 alto numero di studenti di lingua italiana di ogni altra istituzione presente sul territorio slovacco (attualmente la frequentano quasi 200 studenti suddivisi nei 5 anni di corso di studi). La sezione bilingue conta sulla presenza di insegnanti madrelingua nel corpo docente (tra cui 4 docenti inviati dal MAECI).<\/p>\n<p>Ampia l&#8217;offerta dell&#8217;insegnamento della lingua italiana anche al di fuori della capitale, con corsi offerti in numerose altre scuole secondarie del Paese (Kosice, Presov, Trebisov, Nitra, Spisska Nova Ves).<\/p>\n<p>A livello universitario, corsi di italianistica sono attivi presso l&#8217;Universit\u00e0 Comenius di Bratislava, l&#8217;Universit\u00e0 &#8220;Costantino Filosofo&#8221; di Nitra e l&#8217;Universit\u00e0 Cattolica di Ruzomberok.<\/p>\n","protected":false},"excerpt":{"rendered":"In Repubblica Slovacca \u00e8 attivo l&#8217;Istituto Italiano di Cultura di Bratislava, che ha come obiettivo quello di promuovere e di diffondere la lingua e la cultura italiana in Slovacchia attraverso l\u2019organizzazione di numerosi e diversificati eventi culturali, miranti a promuovere presso il pubblico slovacco la conoscenza delle molteplici espressioni della cultura e della creativit\u00e0 italiane, [&hellip;]","protected":false},"author":1,"featured_media":0,"parent":14,"menu_order":2,"comment_status":"closed","ping_status":"closed","template":"","meta":{"footnotes":""},"class_list":["post-44","page","type-page","status-publish","hentry"],"_links":{"self":[{"href":"https:\/\/ambbratislava.esteri.it\/it\/wp-json\/wp\/v2\/pages\/44","targetHints":{"allow":["GET"]}}],"collection":[{"href":"https:\/\/ambbratislava.esteri.it\/it\/wp-json\/wp\/v2\/pages"}],"about":[{"href":"https:\/\/ambbratislava.esteri.it\/it\/wp-json\/wp\/v2\/types\/page"}],"author":[{"embeddable":true,"href":"https:\/\/ambbratislava.esteri.it\/it\/wp-json\/wp\/v2\/users\/1"}],"replies":[{"embeddable":true,"href":"https:\/\/ambbratislava.esteri.it\/it\/wp-json\/wp\/v2\/comments?post=44"}],"version-history":[{"count":7,"href":"https:\/\/ambbratislava.esteri.it\/it\/wp-json\/wp\/v2\/pages\/44\/revisions"}],"predecessor-version":[{"id":4547,"href":"https:\/\/ambbratislava.esteri.it\/it\/wp-json\/wp\/v2\/pages\/44\/revisions\/4547"}],"up":[{"embeddable":true,"href":"https:\/\/ambbratislava.esteri.it\/it\/wp-json\/wp\/v2\/pages\/14"}],"wp:attachment":[{"href":"https:\/\/ambbratislava.esteri.it\/it\/wp-json\/wp\/v2\/media?parent=44"}],"curies":[{"name":"wp","href":"https:\/\/api.w.org\/{rel}","templated":true}]}}