{"id":427,"date":"2023-11-27T16:34:43","date_gmt":"2023-11-27T15:34:43","guid":{"rendered":"https:\/\/ambbratislava.esteri.it\/?page_id=427"},"modified":"2025-11-27T12:39:44","modified_gmt":"2025-11-27T11:39:44","slug":"passaporti","status":"publish","type":"page","link":"https:\/\/ambbratislava.esteri.it\/it\/servizi-consolari-e-visti\/servizi-per-il-cittadino-italiano\/passaporti-e-carte-didentita\/passaporti\/","title":{"rendered":"Passaporti"},"content":{"rendered":"<p><img loading=\"lazy\" decoding=\"async\" class=\"\" src=\"https:\/\/ambtelaviv.esteri.it\/wp-content\/uploads\/2023\/10\/Passaporti-canali-ad-hoc.jpg\" alt=\"Canali ad hoc per il rinnovo del passaporto \u2013 Ambasciata d'Italia Tel Aviv\" width=\"563\" height=\"375\" \/><\/p>\n<p>&nbsp;<\/p>\n<p>&nbsp;<\/p>\n<p><a href=\"https:\/\/www.esteri.it\/it\/servizi-consolari-e-visti\/italiani-all-estero\/documenti_di_viaggio\/passaporto\/\"><strong>INFORMAZIONI GENERALI<\/strong><\/a><\/p>\n<p>&nbsp;<\/p>\n<p>Il passaporto elettronico biometrico \u00e8 un documento di viaggio e di riconoscimento valido in tutti i Paesi il cui Governo \u00e8 riconosciuto dall\u2019Italia le cui caratteristiche di sicurezza risultano conformi alla normativa europea.<\/p>\n<p>La validit\u00e0 del passaporto varia a seconda dell\u2019et\u00e0 del titolare ed \u00e8 di:<br \/>\n\u2022 3 anni per i minori di et\u00e0 compresa tra 0 e 3 anni;<br \/>\n\u2022 5 anni per i minori di et\u00e0 compresa tra 3 anni e il raggiungimento della maggiore et\u00e0 (18 anni);<br \/>\n\u2022 10 anni dai 18 anni di et\u00e0.<\/p>\n<p>L\u2019ufficio passaporti sar\u00e0 in grado di rilasciare il documento solo se i seguenti criteri saranno rispettati:<\/p>\n<ul>\n<li>il connazionale \u00e8 regolarmente iscritto AIRE presso la nostra sede;<\/li>\n<li>l\u2019ufficio consolare non riscontrer\u00e0 cause ostative al rilascio del documento (controllo effettuato al momento della richiesta);<\/li>\n<li>il connazionale presenta la documentazione completa, cos\u00ec come descritta in calce.<\/li>\n<\/ul>\n<p>Accertata la completezza della documentazione presentata e la insussistenza di cause ostative (precedenti penali, mancanza di assenso dell\u2019altro genitore etc.) il documento potr\u00e0 essere rilasciato \u201ca vista\u201d. Nel caso in cui, a seguito delle verifiche, emergessero elementi che impedissero il rilascio del passaporto, il connazionale sar\u00e0 contattato dalla Sede consolare per la cancellazione dell\u2019appuntamento.<\/p>\n<p><strong>Si invitano gli utenti a non acquistare biglietti aerei senza prima aver ottenuto il rilascio di un nuovo passaporto o aver controllato la validit\u00e0 del passaporto di cui si \u00e8 gi\u00e0 in possesso per poter effettuare il viaggio. Il possesso di un biglietto aereo non verr\u00e0 considerato motivo d\u2019urgenza per il rilascio.<\/strong><\/p>\n<p>&nbsp;<\/p>\n<p><strong>DOCUMENTAZIONE DA PRESENTARE IL GIORNO DELL&#8217;APPUNTAMENTO:<\/strong><\/p>\n<ul>\n<li>formulario di richiesta del passaporto firmato dal richiedente o, nel caso di richiesta di passaporto in favore di un minore di 18 anni, formulario di richiesta in favore del minore (scaricabili dalla sezione &#8220;Modulistica&#8221;);<\/li>\n<li>il passaporto precedente o, se non si \u00e8 titolari di passaporto, altro documento di riconoscimento del richiedente. Se il passaporto \u00e8 richiesto per un minorenne, \u00e8 necessario presentare il documento di riconoscimento di entrambi i genitori;<\/li>\n<li>1 fotocopia del documento indicato al numero 1 (fotocopia delle pagine 2, 3, 4 e 5 del passaporto; fotocopia di fronte e retro della carta d\u2019identit\u00e0);<\/li>\n<li>due fotografie recenti (massimo 6 mesi) formato ICAO (frontale, a colori, con sfondo bianco, dimensioni 35 x 40 mm);<\/li>\n<li>nel caso in cui si richieda un passaporto per un figlio minore di 18 anni, atto di assenso al rilascio da parte dell\u2019altro genitore (scaricabile dalla sezione &#8220;Modulistica&#8221;), a prescindere dallo stato civile del richiedente (celibe\/nubile, coniugato, separato o divorziato), con allegata fotocopia del documento di identit\u00e0.\u00a0Al fine di verificare la correttezza dell\u2019atto di assenso presentato \u00e8 necessario che il minore sia iscritto in anagrafe o portare con s\u00e9 il certificato di nascita in originale, da cui si evincano maternit\u00e0 e paternit\u00e0 del minore. Nel caso di genitori non sposati, il certificato di nascita deve riportare generalit\u00e0, luogo e data di nascita dei genitori; in mancanza di questi dati, il genitore dovr\u00e0 portare con s\u00e9 anche l\u2019atto di riconoscimento in originale. In caso di decesso di uno dei genitori, \u00e8 necessario presentare l\u2019atto di morte dello stesso;<\/li>\n<li>nel caso in cui il richiedente non sia pi\u00f9 in possesso del precedente documento in seguito a furto o smarrimento \u00e8 necessario presentare il formulario di dichiarazione di furto o smarrimento (scaricabile dalla sezione &#8220;Modulistica&#8221;), unitamente alla denuncia effettuata presso le autorit\u00e0 locali.<\/li>\n<\/ul>\n<p>Nel caso in cui il richiedente abbia cambiato indirizzo di residenza rispetto a quello registrato presso la Cancelleria Consolare, \u00e8 necessario richiedere la variazione di indirizzo.<\/p>\n<p>All\u2019appuntamento per il ritiro del passaporto elettronico \u00e8 necessaria la presenza fisica del titolare del passaporto e \u2013 nel caso dei minori \u2013 di uno dei due genitori accompagnati dal minore stesso.<\/p>\n<p>A partire dal 14 giugno 2023 non \u00e8 pi\u00f9 necessario presentare l\u2019atto di assenso dell\u2019altro genitore ai fini del rilascio del proprio documento d\u2019identit\u00e0 (passaporto e CIE), ai sensi del Decreto Legge 69\/2023, essendo sufficiente un&#8217;autocertificazione di assenza di cause inibitorie al rilascio del documento (scaricabile dalla sezione &#8220;Modulistica&#8221;).<\/p>\n<p>Ai fini del rilascio dei documenti per i minori resta invece l\u2019obbligo dell\u2019assenso firmato da entrambi i genitori o da chi esercita la responsabilit\u00e0 genitoriale.<\/p>\n<p>&nbsp;<\/p>\n<p>Il costo del passaporto ordinario elettronico (passaporto biometrico) \u00e8 di \u20ac 116,20 e comprende il costo del libretto (\u20ac 42,70) e il contributo amministrativo per il rilascio (\u20ac 73,50). Il pagamento va effettuato in contanti presso la Cancelleria Consolare nel giorno dell\u2019appuntamento.<\/p>\n","protected":false},"excerpt":{"rendered":"&nbsp; &nbsp; INFORMAZIONI GENERALI &nbsp; Il passaporto elettronico biometrico \u00e8 un documento di viaggio e di riconoscimento valido in tutti i Paesi il cui Governo \u00e8 riconosciuto dall\u2019Italia le cui caratteristiche di sicurezza risultano conformi alla normativa europea. La validit\u00e0 del passaporto varia a seconda dell\u2019et\u00e0 del titolare ed \u00e8 di: \u2022 3 anni per [&hellip;]","protected":false},"author":5,"featured_media":0,"parent":49,"menu_order":0,"comment_status":"closed","ping_status":"closed","template":"","meta":{"footnotes":""},"class_list":["post-427","page","type-page","status-publish","hentry"],"_links":{"self":[{"href":"https:\/\/ambbratislava.esteri.it\/it\/wp-json\/wp\/v2\/pages\/427","targetHints":{"allow":["GET"]}}],"collection":[{"href":"https:\/\/ambbratislava.esteri.it\/it\/wp-json\/wp\/v2\/pages"}],"about":[{"href":"https:\/\/ambbratislava.esteri.it\/it\/wp-json\/wp\/v2\/types\/page"}],"author":[{"embeddable":true,"href":"https:\/\/ambbratislava.esteri.it\/it\/wp-json\/wp\/v2\/users\/5"}],"replies":[{"embeddable":true,"href":"https:\/\/ambbratislava.esteri.it\/it\/wp-json\/wp\/v2\/comments?post=427"}],"version-history":[{"count":6,"href":"https:\/\/ambbratislava.esteri.it\/it\/wp-json\/wp\/v2\/pages\/427\/revisions"}],"predecessor-version":[{"id":7089,"href":"https:\/\/ambbratislava.esteri.it\/it\/wp-json\/wp\/v2\/pages\/427\/revisions\/7089"}],"up":[{"embeddable":true,"href":"https:\/\/ambbratislava.esteri.it\/it\/wp-json\/wp\/v2\/pages\/49"}],"wp:attachment":[{"href":"https:\/\/ambbratislava.esteri.it\/it\/wp-json\/wp\/v2\/media?parent=427"}],"curies":[{"name":"wp","href":"https:\/\/api.w.org\/{rel}","templated":true}]}}