{"id":4037,"date":"2024-06-08T17:06:32","date_gmt":"2024-06-08T15:06:32","guid":{"rendered":"https:\/\/ambbratislava.esteri.it\/?page_id=4037"},"modified":"2024-06-08T17:06:32","modified_gmt":"2024-06-08T15:06:32","slug":"procura","status":"publish","type":"page","link":"https:\/\/ambbratislava.esteri.it\/it\/servizi-consolari-e-visti\/servizi-per-il-cittadino-italiano\/servizi-notarili\/procura\/","title":{"rendered":"Procura"},"content":{"rendered":"<p>La procura \u00e8 l\u2019atto mediante il quale un soggetto (rappresentato) conferisce ad altro soggetto (rappresentante) il potere di agire in suo nome e conto nel compimento di atti giuridici i cui effetti sorgeranno direttamente in capo al rappresentato.<\/p>\n<p>Le procure, a seconda che vengano conferite per il compimento di attivit\u00e0 non preventivamente determinate o per lo svolgimento di specifici compiti, possono essere generali o speciali.<\/p>\n<p><strong>Procura generale:<\/strong><br \/>\ncon questo atto l\u2019interessato affida al rappresentante la gestione di tutti i suoi affari, sia presenti sia futuri. La procura generale \u00e8 rilasciata a tempo indeterminato ed \u00e8 efficace fino a revoca.<\/p>\n<p><strong>Procura speciale:<\/strong><br \/>\ncon questo atto l\u2019interessato affida al rappresentante la gestione di una parte specifica dei suoi affari. La procura speciale cessa di avere efficacia nel momento in cui l\u2019incarico particolare per il quale \u00e8 stata rilasciata si conclude.<br \/>\nIl primo comma dell\u2019art. 28 del D.lgs. n. 71\/2011 \u201cOrdinamento e funzioni degli uffici consolari\u201d, entrato in vigore il 28 maggio 2011, prescrive che le funzioni consolari in materia notarile possono essere esercitate esclusivamente nei confronti dei cittadini italiani e non pi\u00f9 anche dei non cittadini, come era invece previsto dalla precedente normativa. In particolare, nel caso di danti procura (generale o speciale) cittadini stranieri, il Capo dell\u2019Ufficio consolare non potr\u00e0 esercitare in merito le proprie competenze notarili.<\/p>\n<p>&nbsp;<\/p>\n<p><span style=\"text-decoration: underline;\"><strong>DATI E DOCUMENTI NECESSARI PER CONFERIRE UNA PROCURA<\/strong><\/span><\/p>\n<p><strong>Procura Generale:<\/strong><br \/>\nPer conferire tale procura occorre presentarsi di persona presso l&#8217;Ufficio Consolare, previo appuntamento, con i seguenti documenti:<\/p>\n<ul>\n<li>un documento di riconoscimento in corso di validit\u00e0;<\/li>\n<li>il proprio codice fiscale;<\/li>\n<li>le generalit\u00e0 complete della persona cui si intende conferire la procura generale (N.B.: se il richiedente \u00e8 coniugato e il regime patrimoniale prescelto \u00e8 la comunione dei beni, la procura deve essere sottoscritta da entrambi i coniugi).<\/li>\n<\/ul>\n<p><strong>Procura Speciale:<\/strong><\/p>\n<p><strong>Procura speciale alle liti<\/strong><br \/>\nSi conferisce al proprio avvocato di fiducia per essere rappresentati in giudizio in Italia.<\/p>\n<p>Per conferire tale procura occorre presentarsi di persona presso l&#8217;Ufficio Consolare, previo appuntamento, portando con s\u00e9:<\/p>\n<ul>\n<li>un documento di riconoscimento in corso di validit\u00e0;<\/li>\n<li>il proprio codice fiscale;<\/li>\n<li>le generalit\u00e0 complete della persona cui si intende conferire la procura, l\u2019indirizzo dello studio in cui esercita la professione e i dati di riferimento della causa (tribunale competente e tipo di causa).<\/li>\n<\/ul>\n<p><strong>Procura speciale per l\u2019acquisto o la vendita di immobili<\/strong><br \/>\nPer conferire tale procura occorre presentarsi di persona presso l&#8217;Ufficio Consolare, previo appuntamento, con:<\/p>\n<ul>\n<li>un documento di riconoscimento in corso di validit\u00e0;<\/li>\n<li>il proprio codice fiscale;<\/li>\n<li>le generalit\u00e0 complete della persona cui si intende conferire la procura ed una dettagliata descrizione dei beni (eventualmente copia dell\u2019estratto catastale).<\/li>\n<\/ul>\n<p><strong>Procura speciale per la vendita di autovetture<\/strong><br \/>\nPer conferire tale procura, occorre presentarsi di persona presso l&#8217;Ufficio Consolare, previo appuntamento, con:<\/p>\n<ul>\n<li>un documento di riconoscimento in corso di validit\u00e0;<\/li>\n<li>il proprio codice fiscale;<\/li>\n<li>le generalit\u00e0 complete della persona cui si intende conferire la procura;<\/li>\n<li>il libretto di propriet\u00e0 dell\u2019autovettura.<\/li>\n<\/ul>\n<p><strong>Procura speciale a riscuotere<\/strong><br \/>\nPer conferire tale procura occorre presentarsi di persona presso l&#8217;Ufficio Consolare, previo appuntamento, con:<\/p>\n<ul>\n<li>un documento di riconoscimento in corso di validit\u00e0;<\/li>\n<li>il proprio codice fiscale;<\/li>\n<li>le generalit\u00e0 complete della persona cui si intende conferire la procura;<\/li>\n<li>il numero, la data di emissione e la denominazione dell\u2019Ufficio pagatore, se si tratta di vaglia postale o assegno bancario (N.B.: nel caso di prelievo di somme da un conto corrente bancario o postale, occorre indicare il nome dell\u2019Istituto bancario o dell\u2019Ufficio postale, il numero del conto o del libretto di deposito e la somma che si intende far prelevare dal conto).<\/li>\n<\/ul>\n<p><strong>Procura speciale per accettazione di eredit\u00e0<\/strong><br \/>\nPer conferire tale procura occorre presentarsi di persona presso l&#8217;Ufficio Consolare, previo appuntamento, muniti di:<\/p>\n<ul>\n<li>un documento di riconoscimento, il proprio codice fiscale, le generalit\u00e0 complete della persona cui si intende conferire la procura, i dati del defunto, comprensivi del luogo e data di nascita e di morte.<\/li>\n<\/ul>\n<p><strong>Procura speciale per rinuncia ad eredit\u00e0<\/strong><br \/>\nPer conferire tale procura occorre presentarsi di persona presso l&#8217;Ufficio Consolare in presenza di due testimoni, previo appuntamento, con:<\/p>\n<ul>\n<li>un documento di riconoscimento in corso di validit\u00e0;<\/li>\n<li>il proprio codice fiscale;<\/li>\n<li>le generalit\u00e0 complete della persona cui si intende conferire la procura;<\/li>\n<li>i dati del defunto, comprensivi del luogo e data di nascita e di morte.<\/li>\n<\/ul>\n<p><strong>Procura speciale per accettazione di donazione<\/strong><br \/>\nPer conferire tale procura occorre presentarsi di persona presso l&#8217;Ufficio Consolare in presenza di due testimoni, previo appuntamento, muniti di:<\/p>\n<ul>\n<li>un documento di riconoscimento in corso di validit\u00e0;<\/li>\n<li>il proprio codice fiscale;<\/li>\n<li>le generalit\u00e0 complete della persona cui si intende conferire la procura;<\/li>\n<li>le generalit\u00e0 del donante;<\/li>\n<li>la descrizione dettagliata dei beni oggetto della donazione.<\/li>\n<\/ul>\n<p><strong>Procura speciale a donare<\/strong><br \/>\nPer conferire tale procura occorre presentarsi di persona presso l&#8217;Ufficio Consolare, in presenza di due testimoni, previo appuntamento, con:<\/p>\n<ul>\n<li>un documento di riconoscimento in corso di validit\u00e0;<\/li>\n<li>il proprio codice fiscale;<\/li>\n<li>le generalit\u00e0 complete della persona cui si intende conferire la procura;<\/li>\n<li>la descrizione dettagliata dei beni (con dati catastali se si tratta di un immobile) oggetto della donazione;<\/li>\n<li>le generalit\u00e0 complete del beneficiario della donazione.<\/li>\n<\/ul>\n<p><strong>Procura speciale per pubblicazioni<\/strong><br \/>\nPer conferire tale procura occorre che i futuri sposi si presentino di persona presso l&#8217;Ufficio Consolare, previo appuntamento, muniti di:<\/p>\n<ul>\n<li>un documento di riconoscimento in corso di validit\u00e0;<\/li>\n<li>il proprio codice fiscale;<\/li>\n<li>le generalit\u00e0 complete delle persone cui intendono conferire la procura.<\/li>\n<\/ul>\n<p>La procura non ha effetto se non \u00e8 conferita con le forme prescritte per l\u2019atto che il rappresentante deve concludere.<\/p>\n<p><strong>Colui che ha rilasciato una procura pu\u00f2 in qualsiasi momento revocarla, a meno che nell\u2019atto non sia stato specificato che la procura \u00e8 irrevocabile.<\/strong> La revoca pu\u00f2 riguardare sia una procura rilasciata nel Consolato della circoscrizione presso cui l\u2019interessato \u00e8 residente, sia rilasciata presso altri Consolati o presso un notaio italiano. Per ottenere la revoca di una procura, l\u2019interessato deve presentarsi presso l&#8217;Ufficio Consolare con una copia della procura che intende revocare o, in sua mancanza, con tutti i dati essenziali della medesima (ad esempio: il Consolato o il Notaio che \u00e8 intervenuto nell\u2019atto, la data del rilascio, il numero di repertorio, i dati personali completi del mandatario). L\u2019interessato deve provvedere per proprio conto a trasmettere la revoca al procuratore revocato ed al notaio italiano presso il quale era depositata la procura revocata.<\/p>\n","protected":false},"excerpt":{"rendered":"La procura \u00e8 l\u2019atto mediante il quale un soggetto (rappresentato) conferisce ad altro soggetto (rappresentante) il potere di agire in suo nome e conto nel compimento di atti giuridici i cui effetti sorgeranno direttamente in capo al rappresentato. Le procure, a seconda che vengano conferite per il compimento di attivit\u00e0 non preventivamente determinate o per [&hellip;]","protected":false},"author":4,"featured_media":0,"parent":71,"menu_order":0,"comment_status":"closed","ping_status":"closed","template":"","meta":{"footnotes":""},"class_list":["post-4037","page","type-page","status-publish","hentry"],"_links":{"self":[{"href":"https:\/\/ambbratislava.esteri.it\/it\/wp-json\/wp\/v2\/pages\/4037","targetHints":{"allow":["GET"]}}],"collection":[{"href":"https:\/\/ambbratislava.esteri.it\/it\/wp-json\/wp\/v2\/pages"}],"about":[{"href":"https:\/\/ambbratislava.esteri.it\/it\/wp-json\/wp\/v2\/types\/page"}],"author":[{"embeddable":true,"href":"https:\/\/ambbratislava.esteri.it\/it\/wp-json\/wp\/v2\/users\/4"}],"replies":[{"embeddable":true,"href":"https:\/\/ambbratislava.esteri.it\/it\/wp-json\/wp\/v2\/comments?post=4037"}],"version-history":[{"count":1,"href":"https:\/\/ambbratislava.esteri.it\/it\/wp-json\/wp\/v2\/pages\/4037\/revisions"}],"predecessor-version":[{"id":4039,"href":"https:\/\/ambbratislava.esteri.it\/it\/wp-json\/wp\/v2\/pages\/4037\/revisions\/4039"}],"up":[{"embeddable":true,"href":"https:\/\/ambbratislava.esteri.it\/it\/wp-json\/wp\/v2\/pages\/71"}],"wp:attachment":[{"href":"https:\/\/ambbratislava.esteri.it\/it\/wp-json\/wp\/v2\/media?parent=4037"}],"curies":[{"name":"wp","href":"https:\/\/api.w.org\/{rel}","templated":true}]}}