{"id":40,"date":"2023-04-11T18:01:19","date_gmt":"2023-04-11T16:01:19","guid":{"rendered":"https:\/\/ambasciatapraga.esteri.it\/?page_id=40"},"modified":"2025-05-20T11:24:39","modified_gmt":"2025-05-20T09:24:39","slug":"gli-uffici","status":"publish","type":"page","link":"https:\/\/ambbratislava.esteri.it\/it\/chi-siamo\/gli-uffici\/","title":{"rendered":"Gli Uffici"},"content":{"rendered":"<p><strong>Capo Missione, Ambasciatore Gianclemente De Felice<\/strong><br \/>\ntel.\u00a0+421 (0)2 59 80 00 11<br \/>\nSegreteria:<br \/>\ntel.\u00a0+421 (0)2 59 80 00 11<br \/>\ne-mail:\u00a0<a href=\"mailto:segr.bratislava@esteri.it\">segr.bratislava@esteri.it<\/a><\/p>\n<div>\n<div><\/div>\n<div><strong>Vice Capo Missione, Dott. Carlo Tidu<br \/>\n<\/strong>tel. +421 (0)2 59 80 00 11<br \/>\ne-mail:\u00a0<a href=\"mailto:segr.bratislava@esteri.it\">segr.bratislava@esteri.it<\/a><\/div>\n<div><\/div>\n<div><\/div>\n<div><strong>Ufficio Commerciale<\/strong><br \/>\ntel.\u00a0+421 (0)2 59 80 00 11<br \/>\ne-mail:\u00a0<a href=\"mailto:amb.bratislava@esteri.it\">amb.bratislava@esteri.it<\/a><\/div>\n<div><\/div>\n<div><\/div>\n<div><strong>Ufficio Amministrativo<br \/>\n<\/strong>tel.\u00a0+421 (0)2 59 80 00 11<br \/>\ne-mail: <a href=\"mailto:bratislava.contabile@esteri.it\">bratislava.contabile@esteri.it<\/a><\/div>\n<div><\/div>\n<div><\/div>\n<div><strong>Ufficio Culturale e Studi<\/strong><br \/>\ntel.\u00a0+421 (0)2 59 80 00 11<br \/>\ne-mail: <a href=\"mailto:bratislava.scuola@esteri.it\">bratislava.scuola@esteri.it<\/a><\/div>\n<div><\/div>\n<div><\/div>\n<div><strong>Ufficio Consolare<\/strong><br \/>\ntel.\u00a0+421 (0)2 59 80 00 11<br \/>\ne-mail:\u00a0<a href=\"mailto:uffconsolare.bratis@esteri.it\">uffconsolare.bratis@esteri.it<\/a><\/div>\n<div><\/div>\n<div><\/div>\n<div>Indirizzo di posta elettronica certificata (PEC) dell&#8217;Ufficio Consolare: <a href=\"mailto:amb.bratislava.anagrafe@cert.esteri.it\">amb.bratislava.anagrafe@cert.esteri.it<\/a> (<strong>TALE INDIRIZZO PEC E&#8217; ABILITATO ESCLUSIVAMENTE\u00a0ALLA RICEZIONE DI POSTA ELETTRONICA CERTIFICATA (PEC)<\/strong><\/div>\n<\/div>\n<div><\/div>\n<div><\/div>\n<div>\n<div><span style=\"text-decoration: underline;\"><strong>Orario di apertura dell&#8217;Ufficio Consolare: <\/strong><\/span><\/div>\n<div>\u00a0&#8211; dal luned\u00ec al venerd\u00ec ore 9.00- 12.00<\/div>\n<div>\u00a0&#8211; il marted\u00ec anche dalle 14.30 alle 16.00<\/div>\n<\/div>\n<div><\/div>\n<div>L&#8217;Ufficio Consolare \u00e8 raggiungibile telefonicamente dal luned\u00ec al venerd\u00ec dalle 12.00 alle 13.00 e il gioved\u00ec anche dalle 15.00 alle 16.00.<\/div>\n<div>\n<p>&nbsp;<\/p>\n<div><strong>Numero di emergenza<\/strong>: +421 (0)903 422 085 da utilizzare solo in caso di emergenze relative a cittadini italiani in Slovacchia nei seguenti orari: da luned\u00ec a venerd\u00ec 17.00-21.00; sabato, domenica e festivi 9.00-21.00<\/div>\n<p>&nbsp;<\/p>\n<div>\n<p><strong>Istituto Italiano di Cultura di Bratislava<\/strong><br \/>\nindirizzo: Kapuc\u00ednska 7, 811 03 Bratislava<br \/>\ntel. 00421 (0)2 59 30 71 11<br \/>\ne-mail:\u00a0<a href=\"mailto:iicbratislava@esteri.it\">iicbratislava@esteri.it<\/a><\/p>\n<p>&nbsp;<\/p>\n<\/div>\n<div><strong>Ufficio dell&#8217;Addetto Militare presso l&#8217;Ambasciata d&#8217;Italia a Vienna<br \/>\n<\/strong>Addetto per la Difesa e l&#8217;Aeronautica, Col. Angelo De Angelis<br \/>\nAddetto Aggiunto per la Difesa, Ten Col. Crescenzo Chianese<br \/>\ntel. +43 (0)1 71 40 55 08 03<br \/>\ne-mail:\u00a0<a href=\"mailto:difeitalia.vienna@smd.difesa.it\">difeitalia.vienna@smd.difesa.it<\/a><\/div>\n<div><\/div>\n<div><\/div>\n<div><strong>Esperto della Guardia di Finanza<\/strong> <strong>presso l&#8217;Ambasciata d&#8217;Italia a Vienna<\/strong><\/div>\n<div>Col. Davide Picciafuochi<\/div>\n<div>e-mail: <a href=\"mailto:Picciafuochi.Davide@gdf.it\">Picciafuochi.Davide@gdf.it<\/a><\/div>\n<div><\/div>\n<div><\/div>\n<div><strong>Esperto per la Sicurezza<\/strong>\u00a0<strong>presso l&#8217;Ambasciata d&#8217;Italia a Vilnius<\/strong><\/div>\n<div>Ten. Col. Stefano Saccocci<\/div>\n<div>e-mail: <a href=\"mailto:stefano.saccocci@dcpc.interno.it\">stefano.saccocci@dcpc.interno.it<\/a><\/div>\n<div><\/div>\n<div>\n<div><\/div>\n<div><strong>Agenzia ICE\/ITA (Italian Trade Agency) &#8211; Ufficio di Vienna\u00a0<\/strong><\/div>\n<div>Direttore: Dott. Corrado Cipollini<\/div>\n<div>indirizzo: Rennweg 27, 1030 Wien<\/div>\n<div>tel. 0043 (0) 1 503 90 80<\/div>\n<div>e-mail:\u00a0<a href=\"mailto:vienna@ice.it\">vienna@ice.it<\/a><\/div>\n<div><\/div>\n<\/div>\n<div><\/div>\n<div><strong>ENIT &#8211; Agenzia Nazionale del Turismo<\/strong><\/div>\n<div>Direttore: Dott. Andrea Colonnelli<strong><br \/>\n<\/strong>Delegazione di Vienna<br \/>\nindirizzo: Mariahilfer Stra\u00dfe 1b \/ Top XVI, 1060 Wien<br \/>\ntel. 0043 (0)1 505 16 39<br \/>\ne-mail:\u00a0<a href=\"mailto:vienna@enit.it\">vienna@enit.it<\/a><\/div>\n<\/div>\n<div><\/div>\n","protected":false},"excerpt":{"rendered":"Capo Missione, Ambasciatore Gianclemente De Felice tel.\u00a0+421 (0)2 59 80 00 11 Segreteria: tel.\u00a0+421 (0)2 59 80 00 11 e-mail:\u00a0segr.bratislava@esteri.it Vice Capo Missione, Dott. Carlo Tidu tel. +421 (0)2 59 80 00 11 e-mail:\u00a0segr.bratislava@esteri.it Ufficio Commerciale tel.\u00a0+421 (0)2 59 80 00 11 e-mail:\u00a0amb.bratislava@esteri.it Ufficio Amministrativo tel.\u00a0+421 (0)2 59 80 00 11 e-mail: bratislava.contabile@esteri.it Ufficio Culturale [&hellip;]","protected":false},"author":1,"featured_media":0,"parent":13,"menu_order":4,"comment_status":"closed","ping_status":"closed","template":"","meta":{"footnotes":""},"class_list":["post-40","page","type-page","status-publish","hentry"],"_links":{"self":[{"href":"https:\/\/ambbratislava.esteri.it\/it\/wp-json\/wp\/v2\/pages\/40","targetHints":{"allow":["GET"]}}],"collection":[{"href":"https:\/\/ambbratislava.esteri.it\/it\/wp-json\/wp\/v2\/pages"}],"about":[{"href":"https:\/\/ambbratislava.esteri.it\/it\/wp-json\/wp\/v2\/types\/page"}],"author":[{"embeddable":true,"href":"https:\/\/ambbratislava.esteri.it\/it\/wp-json\/wp\/v2\/users\/1"}],"replies":[{"embeddable":true,"href":"https:\/\/ambbratislava.esteri.it\/it\/wp-json\/wp\/v2\/comments?post=40"}],"version-history":[{"count":6,"href":"https:\/\/ambbratislava.esteri.it\/it\/wp-json\/wp\/v2\/pages\/40\/revisions"}],"predecessor-version":[{"id":6427,"href":"https:\/\/ambbratislava.esteri.it\/it\/wp-json\/wp\/v2\/pages\/40\/revisions\/6427"}],"up":[{"embeddable":true,"href":"https:\/\/ambbratislava.esteri.it\/it\/wp-json\/wp\/v2\/pages\/13"}],"wp:attachment":[{"href":"https:\/\/ambbratislava.esteri.it\/it\/wp-json\/wp\/v2\/media?parent=40"}],"curies":[{"name":"wp","href":"https:\/\/api.w.org\/{rel}","templated":true}]}}