{"id":3931,"date":"2024-06-08T08:49:19","date_gmt":"2024-06-08T06:49:19","guid":{"rendered":"https:\/\/ambbratislava.esteri.it\/?page_id=3931"},"modified":"2025-12-10T09:45:28","modified_gmt":"2025-12-10T08:45:28","slug":"emergency-travel-documents-etd","status":"publish","type":"page","link":"https:\/\/ambbratislava.esteri.it\/it\/servizi-consolari-e-visti\/servizi-per-il-cittadino-italiano\/passaporti-e-carte-didentita\/emergency-travel-documents-etd\/","title":{"rendered":"Emergency Travel Documents (ETD)"},"content":{"rendered":"<p>&nbsp;<\/p>\n<p><img loading=\"lazy\" decoding=\"async\" class=\"\" src=\"https:\/\/ambdhaka.esteri.it\/wp-content\/uploads\/2023\/10\/ETD-300x217.jpg\" alt=\"Emergency Travel Documents (ETD) \u2013 Ambasciata d'Italia Dhaka\" width=\"404\" height=\"292\" \/><\/p>\n<p>L\u2019ETD (<em>Emergency Travel Document<\/em>) \u00e8 un documento di viaggio di emergenza previsto esplicitamente dalla normativa europea (Decisione dei rappresentanti dei governi degli Stati membri del 25 giugno 1996 (96\/409\/PESC)) che viene rilasciato dalle autorit\u00e0 italiane a partire dall\u2019entrata in vigore del Decreto legislativo 71\/2011. Esso viene rilasciato, in caso di furto o smarrimento o comunque in assenza di un documento di identit\u00e0 e di viaggio valido, unicamente per il rientro in Italia oppure nel luogo di regolare residenza e solo per il tempo strettamente necessario a raggiungere la destinazione.<\/p>\n<p>L\u2019identit\u00e0 del richiedente dovr\u00e0 essere dimostrata attraverso fotocopie del documento d\u2019identit\u00e0 smarrito o rubato, o con altri documenti contenenti dati personali, foto e firma (ad es. una carta d\u2019identit\u00e0 scaduta o la patente) o, ancora, tramite dichiarazione resa da almeno un cittadino italiano maggiorenne munito di documento di identit\u00e0 valido. Qualora non sia possibile dimostrare l\u2019identit\u00e0 del richiedente nei modi sopra descritti, la rappresentanza consolare dovr\u00e0 richiedere conferma dei dati anagrafici al Comune italiano di residenza (cosa che pu\u00f2 allungare di molto le tempistiche di rilascio dell\u2019ETD).<\/p>\n<p>Nel caso di rilascio di ETD a cittadini minorenni, occorre che la richiesta venga fatta dai genitori o comunque dagli esercenti la responsabilit\u00e0 genitoriale (di persona o tramite apposita dichiarazione inviata via fax o per e-mail con copia di un documento di identit\u00e0).<\/p>\n<p>Per il rilascio del documento \u00e8 necessario portare con s\u00e9 2 fototessere. In casi di assoluta e comprovata emergenza, potr\u00e0 essere rilasciato anche al di fuori degli orari di apertura e nei fine settimana e nei giorni festivi, previa corresponsione dei diritti d\u2019urgenza pari a 50,00 \u20ac.<\/p>\n<p>&nbsp;<\/p>\n","protected":false},"excerpt":{"rendered":"&nbsp; L\u2019ETD (Emergency Travel Document) \u00e8 un documento di viaggio di emergenza previsto esplicitamente dalla normativa europea (Decisione dei rappresentanti dei governi degli Stati membri del 25 giugno 1996 (96\/409\/PESC)) che viene rilasciato dalle autorit\u00e0 italiane a partire dall\u2019entrata in vigore del Decreto legislativo 71\/2011. Esso viene rilasciato, in caso di furto o smarrimento o [&hellip;]","protected":false},"author":4,"featured_media":0,"parent":49,"menu_order":0,"comment_status":"closed","ping_status":"closed","template":"","meta":{"footnotes":""},"class_list":["post-3931","page","type-page","status-publish","hentry"],"_links":{"self":[{"href":"https:\/\/ambbratislava.esteri.it\/it\/wp-json\/wp\/v2\/pages\/3931","targetHints":{"allow":["GET"]}}],"collection":[{"href":"https:\/\/ambbratislava.esteri.it\/it\/wp-json\/wp\/v2\/pages"}],"about":[{"href":"https:\/\/ambbratislava.esteri.it\/it\/wp-json\/wp\/v2\/types\/page"}],"author":[{"embeddable":true,"href":"https:\/\/ambbratislava.esteri.it\/it\/wp-json\/wp\/v2\/users\/4"}],"replies":[{"embeddable":true,"href":"https:\/\/ambbratislava.esteri.it\/it\/wp-json\/wp\/v2\/comments?post=3931"}],"version-history":[{"count":4,"href":"https:\/\/ambbratislava.esteri.it\/it\/wp-json\/wp\/v2\/pages\/3931\/revisions"}],"predecessor-version":[{"id":7156,"href":"https:\/\/ambbratislava.esteri.it\/it\/wp-json\/wp\/v2\/pages\/3931\/revisions\/7156"}],"up":[{"embeddable":true,"href":"https:\/\/ambbratislava.esteri.it\/it\/wp-json\/wp\/v2\/pages\/49"}],"wp:attachment":[{"href":"https:\/\/ambbratislava.esteri.it\/it\/wp-json\/wp\/v2\/media?parent=3931"}],"curies":[{"name":"wp","href":"https:\/\/api.w.org\/{rel}","templated":true}]}}