{"id":3588,"date":"2024-04-16T13:57:40","date_gmt":"2024-04-16T11:57:40","guid":{"rendered":"https:\/\/ambbratislava.esteri.it\/?page_id=3588"},"modified":"2024-04-16T13:57:40","modified_gmt":"2024-04-16T11:57:40","slug":"elezione-dei-membri-del-parlamento-europeo-spettanti-allitalia-elettori-che-si-trovano-temporaneamente-in-repubblica-slovacca-per-motivi-di-lavoro-o-di-studio","status":"publish","type":"page","link":"https:\/\/ambbratislava.esteri.it\/it\/servizi-consolari-e-visti\/servizi-per-il-cittadino-italiano\/servizi-elettorali\/elezioni-europee-2024\/elezione-dei-membri-del-parlamento-europeo-spettanti-allitalia-elettori-che-si-trovano-temporaneamente-in-repubblica-slovacca-per-motivi-di-lavoro-o-di-studio\/","title":{"rendered":"Elezione dei membri del Parlamento europeo spettanti all\u2019Italia \u2013 Elettori che si trovano temporaneamente in Repubblica Slovacca per motivi di lavoro o di studio"},"content":{"rendered":"<p>In occasione delle elezioni per il rinnovo del Parlamento europeo, che si svolgeranno in tutti i Paesi membri dell\u2019Unione Europea nel periodo compreso tra gioved\u00ec 6 e domenica 9 giugno 2024, gli elettori italiani che si trovano temporaneamente in un Paese membro dell\u2019Unione Europea per motivi di lavoro o di studio, nonch\u00e9 i familiari conviventi, possono votare per i membri spettanti all\u2019Italia presso i seggi istituiti dagli Uffici consolari.<\/p>\n<p>Per essere ammessi al voto \u00e8 necessario presentare\u00a0<strong><u>entro il 21 marzo 2024<\/u>\u00a0<\/strong>una domanda \u2013 indirizzata al Sindaco del Comune di iscrizione nelle liste elettorali e da presentare all\u2019Ufficio consolare italiano competente che poi ne curer\u00e0 l\u2019inoltro \u2013 che deve preferibilmente essere redatta utilizzando il\u00a0<a href=\"https:\/\/ambbratislava.esteri.it\/wp-content\/uploads\/2024\/02\/MODELLO-TEMPORANEI-1-2.pdf\">modello qui disponibile<\/a>.<\/p>\n<p>La richiesta deve riportare l\u2019<strong>indicazione specifica dei motivi, di studio o lavoro, per i quali il connazionale si trova nel territorio della circoscrizione consolare<\/strong>\u00a0e deve essere corredata dall\u2019<strong>attestazione del datore di lavoro\/dell\u2019istituto od ente presso cui svolge la sua attivit\u00e0 di studio<\/strong>\u00a0oppure da una\u00a0<strong>dichiarazione sostitutiva di atto di notoriet\u00e0<\/strong>\u00a0redatta ai sensi dell\u2019art. 47 del D.P.R. 445\/2000, che contenga l\u2019indicazione dell\u2019attivit\u00e0 di lavoro o studio svolta, ovvero la qualit\u00e0 di familiare convivente.<\/p>\n<p>Le domande possono essere presentate all\u2019Ufficio consolare di questa Sede:<\/p>\n<ol>\n<li>per posta elettronica ordinaria o certificata (allegando il file scansionato della domanda firmata + la certificazione o la dichiarazione sostitutiva di atto di notoriet\u00e0 + la fotocopia di un documento di identit\u00e0 del richiedente) agli indirizzi\u00a0<a href=\"mailto:uffconsolare.bratis@esteri.it\">uffconsolare.bratis@esteri.it<\/a>\u00a0o\u00a0<a href=\"mailto:amb.bratislava.anagrafe@cert.esteri.it\">amb.bratislava.anagrafe@cert.esteri.it\u00a0<\/a><\/li>\n<li>per posta all\u2019indirizzo: Ambasciata d\u2019Italia \u2013 Cancelleria Consolare \u2013 Palis\u00e1dy 49 \u2013 811 06 Bratislava (inviando la domanda + la certificazione o la dichiarazione sostitutiva di atto di notoriet\u00e0 + la fotocopia di un documento di identit\u00e0 del richiedente)<\/li>\n<li>personalmente presso la Cancelleria Consolare dell\u2019Ambasciata dal luned\u00ec al venerd\u00ec dalle 9.00 alle 12.00, il marted\u00ec anche tra le 14.30 e le 16.00.<\/li>\n<\/ol>\n<p><strong><u>Il termine del<\/u><\/strong><u>\u00a0<strong>21 marzo 2024 \u00e8 tassativo e non derogabile<\/strong><\/u>\u00a0(non fa fede il timbro postale per le domande trasmesse in cartaceo): oltre tale data le domande\u00a0<strong><u>NON<\/u><\/strong>\u00a0potranno essere accolte e gli elettori temporaneamente all\u2019estero per motivi di lavoro o studio potranno esercitare il loro diritto di voto solo in Italia (art. 3, comma 6, DL 408\/1994).<\/p>\n","protected":false},"excerpt":{"rendered":"In occasione delle elezioni per il rinnovo del Parlamento europeo, che si svolgeranno in tutti i Paesi membri dell\u2019Unione Europea nel periodo compreso tra gioved\u00ec 6 e domenica 9 giugno 2024, gli elettori italiani che si trovano temporaneamente in un Paese membro dell\u2019Unione Europea per motivi di lavoro o di studio, nonch\u00e9 i familiari conviventi, [&hellip;]","protected":false},"author":4,"featured_media":3402,"parent":3428,"menu_order":0,"comment_status":"closed","ping_status":"closed","template":"","meta":{"footnotes":""},"class_list":["post-3588","page","type-page","status-publish","has-post-thumbnail","hentry"],"_links":{"self":[{"href":"https:\/\/ambbratislava.esteri.it\/it\/wp-json\/wp\/v2\/pages\/3588","targetHints":{"allow":["GET"]}}],"collection":[{"href":"https:\/\/ambbratislava.esteri.it\/it\/wp-json\/wp\/v2\/pages"}],"about":[{"href":"https:\/\/ambbratislava.esteri.it\/it\/wp-json\/wp\/v2\/types\/page"}],"author":[{"embeddable":true,"href":"https:\/\/ambbratislava.esteri.it\/it\/wp-json\/wp\/v2\/users\/4"}],"replies":[{"embeddable":true,"href":"https:\/\/ambbratislava.esteri.it\/it\/wp-json\/wp\/v2\/comments?post=3588"}],"version-history":[{"count":1,"href":"https:\/\/ambbratislava.esteri.it\/it\/wp-json\/wp\/v2\/pages\/3588\/revisions"}],"predecessor-version":[{"id":3590,"href":"https:\/\/ambbratislava.esteri.it\/it\/wp-json\/wp\/v2\/pages\/3588\/revisions\/3590"}],"up":[{"embeddable":true,"href":"https:\/\/ambbratislava.esteri.it\/it\/wp-json\/wp\/v2\/pages\/3428"}],"wp:featuredmedia":[{"embeddable":true,"href":"https:\/\/ambbratislava.esteri.it\/it\/wp-json\/wp\/v2\/media\/3402"}],"wp:attachment":[{"href":"https:\/\/ambbratislava.esteri.it\/it\/wp-json\/wp\/v2\/media?parent=3588"}],"curies":[{"name":"wp","href":"https:\/\/api.w.org\/{rel}","templated":true}]}}