{"id":339,"date":"2023-11-27T15:01:12","date_gmt":"2023-11-27T14:01:12","guid":{"rendered":"https:\/\/ambbratislava.esteri.it\/?page_id=339"},"modified":"2025-05-21T11:42:35","modified_gmt":"2025-05-21T09:42:35","slug":"dichiarazioni-di-valore","status":"publish","type":"page","link":"https:\/\/ambbratislava.esteri.it\/it\/servizi-consolari-e-visti\/servizi-per-il-cittadino-italiano\/modulistica\/dichiarazioni-di-valore\/","title":{"rendered":"Dichiarazioni di valore"},"content":{"rendered":"<p><strong>La Dichiarazione di valore<\/strong> \u00e8 un documento di natura esclusivamente informativa, che fornisce ogni elemento utile per consentire alle Autorit\u00e0 italiane competenti una valutazione del titolo di studio estero ai fini del suo riconoscimento nell\u2019ordinamento italiano. La Dichiarazione di valore dell\u2019Ambasciata non implica alcun riconoscimento, equipollenza od omologazione del titolo di studio. La competenza sul riconoscimento \u00e8 infatti attribuita alle singole universit\u00e0, che la esercitano nell\u2019ambito della loro autonomia e in conformit\u00e0 ai loro ordinamenti.<\/p>\n<p>Si segnala anche che esiste uno strumento in parte analogo alla Dichiarazione di valore, chiamato <a href=\"http:\/\/www.cimea.it\/it\/servizi\/attestati-di-comparabilita-e-certificazione-dei-titoli\/attestati-comparabilita-certificazione-titoli-overview.aspx\"><strong>Attestato di Comparabilit\u00e0<\/strong><\/a>, rilasciato dal Credential Information Service (CIS) del <a href=\"http:\/\/www.cimea.it\/it\/servizi.aspx\"><strong>Centro di Informazione sulle Mobilit\u00e0 ed Equipollenze Accademiche<\/strong><\/a> (CIMEA). Si consiglia pertanto di accertare preventivamente con il CIMEA (info@cimea.it) e con la pubblica amministrazione che dovr\u00e0 valutare il titolo, se la Dichiarazione di valore sia assolutamente necessaria o se sia sufficiente la presentazione dell\u2019attestato di comparabilit\u00e0 rilasciato dal CIMEA.<\/p>\n<p>L\u2019Ambasciata d\u2019Italia a Bratislava \u00e8 competente a rilasciare le Dichiarazioni di valore esclusivamente per i titoli di studio conseguiti nella Repubblica slovacca, a conclusione di un corso di studio completo con superamento dell&#8217;esame finale.<\/p>\n<p>Si raccomanda all\u2019utenza di attenersi scrupolosamente a quanto richiesto per il rilascio della Dichiarazione di valore, di seguito indicato.<\/p>\n<p>Ogni richiesta presentata all&#8217;Ufficio Studi per il rilascio della Dichiarazione di valore, indipendentemente dal titolo posseduto, deve essere corredata della seguente documentazione:<\/p>\n<ol>\n<li><a href=\"https:\/\/ambbratislava.esteri.it\/wp-content\/uploads\/2023\/11\/istanza.pdf\">Istanza per il rilascio della Dichiarazione di valore<\/a>, compilata e firmata dal richiedente;<\/li>\n<li><a href=\"https:\/\/ambbratislava.esteri.it\/wp-content\/uploads\/2023\/11\/dichiarazione_sostitutiva.pdf\">Dichiarazione sostitutiva di certificazione<\/a>, compilata e firmata dal richiedente;<\/li>\n<li>Fotocopia di un documento di riconoscimento in corso di validit\u00e0;<\/li>\n<li>Documento di studio\u00a0legalizzato secondo le indicazioni che seguono, di cui si prega di consegnare\u00a0anche una\u00a0fotocopia.<\/li>\n<\/ol>\n<p>a) Gli originali di tutti i documenti di studio (Titoli di studio di Scuola Secondaria Superiore: <em>Vysved\u010denie o maturitnej \u0161k\u00fa\u0161ke<\/em>, Titoli di studio universitari: <em>Diplom, Vysved\u010denie o \u0161t\u00e1tnej sk\u00fa\u0161ke, Dodatok k diplomu<\/em>) devono essere preventivamente legalizzati con Apostille (ai sensi della Convenzione dell&#8217;Aja del 5 ottobre 1961) dall\u2019autorit\u00e0 scolastica competente, vale a dire dal Ministero dell\u2019Istruzione, della Scienza, della Ricerca e dello Sport della Repubblica slovacca (per quelli relativi alle professioni sanitarie, dal Ministero della Sanit\u00e0 della Repubblica slovacca) \u2013 <a href=\"https:\/\/www.minedu.sk\/apostille-superlegalization\/\">contatti Ministero dell\u2019Istruzione<\/a>, <a href=\"https:\/\/www.mzsr.sk\/?potvrdzovanie-rovnocennosti-zdravotnickeho-vzdelania-ziskaneho-na-uzemi-slovenskej-republiky\">contatti Ministero della Sanit\u00e0<\/a><\/p>\n<p>Attenzione: Solo dopo aver legalizzato con Apostille tutti gli originali dei documenti di studio si pu\u00f2 passare alla fase successiva e cio\u00e8 eseguire le copie conformi all&#8217;originale e le traduzioni in italiano per ogni documento di studio.<\/p>\n<p>b) Le copie conformi all&#8217;originale dei documenti di studio sono eseguite da Notaio slovacco.<\/p>\n<p>c) Le traduzioni in lingua italiana dei documenti di studio sono eseguite da un traduttore ufficiale. L\u2019elenco dei traduttori giurati \u00e8 consultabile sul sito dell\u2019Ambasciata d\u2019Italia a Bratislava, sezione Servizi consolari \u2013 <a href=\"http:\/\/www.ambbratislava.esteri.it\/ambasciata_bratislava\/it\/informazioni_e_servizi\/elenchi-professionisti\">Elenchi professionisti<\/a>.<\/p>\n<p>d) Le copie notarili e le traduzioni sono legalizzate con Apostille dal Tribunale regionale territoriale competente (secondo la sede del Notaio) \u2013 <a href=\"https:\/\/obcan.justice.sk\/infosud\/-\/infosud\/zoznam\/sud?f.656=658\">contatti Tribunali regionali<\/a><\/p>\n<p>La dichiarazione rilasciata per motivi di studio \u00e8 gratuita (art. 66 lett. D.Lgs 71\/2011); per gli altri casi \u00e8 prevista una percezione consolare dell\u2019importo di 41 Euro, da versare sul conto corrente dell\u2019Ambasciata. Le istruzioni per il versamento saranno agli utenti inviate una volta verificata la correttezza della documentazione consegnata all\u2019Ambasciata.<\/p>\n<p>L\u2019istanza di rilascio della Dichiarazione di Valore con la relativa documentazione pu\u00f2 essere presentata all\u2019Ufficio Studi dell&#8217;Ambasciata d&#8217;Italia a Bratislava preferibilmente per posta raccomandata (non \u00e8 sufficiente l\u2019invio dei documenti in formato elettronico). L\u2019Ambasciata spedir\u00e0 la dichiarazione rilasciata, per posta raccomandata all\u2019indirizzo desiderato, e previa anticipazione delle spese postali che saranno calcolate in base al peso e all\u2019indirizzo della spedizione da effettuare.<\/p>\n<p>Per altre informazioni si prega di utilizzare <a href=\"https:\/\/ambbratislava.esteri.it\/it\/chi-siamo\/gli-uffici\/\">questi contatti<\/a>.<\/p>\n<\/div>\n","protected":false},"excerpt":{"rendered":"La Dichiarazione di valore \u00e8 un documento di natura esclusivamente informativa, che fornisce ogni elemento utile per consentire alle Autorit\u00e0 italiane competenti una valutazione del titolo di studio estero ai fini del suo riconoscimento nell\u2019ordinamento italiano. La Dichiarazione di valore dell\u2019Ambasciata non implica alcun riconoscimento, equipollenza od omologazione del titolo di studio. La competenza sul [&hellip;]","protected":false},"author":5,"featured_media":0,"parent":301,"menu_order":0,"comment_status":"closed","ping_status":"closed","template":"","meta":{"footnotes":""},"class_list":["post-339","page","type-page","status-publish","hentry"],"_links":{"self":[{"href":"https:\/\/ambbratislava.esteri.it\/it\/wp-json\/wp\/v2\/pages\/339","targetHints":{"allow":["GET"]}}],"collection":[{"href":"https:\/\/ambbratislava.esteri.it\/it\/wp-json\/wp\/v2\/pages"}],"about":[{"href":"https:\/\/ambbratislava.esteri.it\/it\/wp-json\/wp\/v2\/types\/page"}],"author":[{"embeddable":true,"href":"https:\/\/ambbratislava.esteri.it\/it\/wp-json\/wp\/v2\/users\/5"}],"replies":[{"embeddable":true,"href":"https:\/\/ambbratislava.esteri.it\/it\/wp-json\/wp\/v2\/comments?post=339"}],"version-history":[{"count":4,"href":"https:\/\/ambbratislava.esteri.it\/it\/wp-json\/wp\/v2\/pages\/339\/revisions"}],"predecessor-version":[{"id":6431,"href":"https:\/\/ambbratislava.esteri.it\/it\/wp-json\/wp\/v2\/pages\/339\/revisions\/6431"}],"up":[{"embeddable":true,"href":"https:\/\/ambbratislava.esteri.it\/it\/wp-json\/wp\/v2\/pages\/301"}],"wp:attachment":[{"href":"https:\/\/ambbratislava.esteri.it\/it\/wp-json\/wp\/v2\/media?parent=339"}],"curies":[{"name":"wp","href":"https:\/\/api.w.org\/{rel}","templated":true}]}}