{"id":3313,"date":"2024-01-26T16:21:42","date_gmt":"2024-01-26T15:21:42","guid":{"rendered":"https:\/\/ambbratislava.esteri.it\/?page_id=3313"},"modified":"2024-10-30T11:02:30","modified_gmt":"2024-10-30T10:02:30","slug":"anagrafe-degli-italiani-residenti-allestero-aire","status":"publish","type":"page","link":"https:\/\/ambbratislava.esteri.it\/it\/servizi-consolari-e-visti\/servizi-per-il-cittadino-italiano\/anagrafe-degli-italiani-residenti-allestero-aire\/","title":{"rendered":"Anagrafe degli Italiani residenti all\u2019estero (A.I.R.E.)"},"content":{"rendered":"<p>&nbsp;<\/p>\n<p><img loading=\"lazy\" decoding=\"async\" class=\"\" src=\"https:\/\/www.esteri.it\/wp-content\/uploads\/2024\/01\/CARD-AIRE.jpg\" alt=\"Anagrafe Italiani residenti all\u2019estero (A.I.R.E.)\" width=\"774\" height=\"435\" \/><\/p>\n<p>&nbsp;<\/p>\n<p><span style=\"text-decoration: underline;\"><strong>A.I.R.E. \u2013 Informazioni generali<\/strong><\/span><\/p>\n<p>L\u2019Anagrafe degli Italiani Residenti all\u2019Estero (A.I.R.E.) \u00e8 stata istituita con legge 27 ottobre 1988, n. 470 e contiene i dati dei cittadini italiani che risiedono all\u2019estero per un periodo superiore ai dodici mesi. Essa \u00e8 gestita dai Comuni sulla base dei dati e delle informazioni provenienti dalle Rappresentanze consolari all\u2019estero.<\/p>\n<p>L\u2019iscrizione all\u2019A.I.R.E. \u00e8 un diritto-dovere del cittadino (art. 6 legge 470\/1988) e costituisce il presupposto per usufruire di una serie di servizi forniti dalle Rappresentanze consolari all\u2019estero, nonch\u00e9 per l\u2019esercizio di importanti diritti, quali per esempio:<\/p>\n<ul>\n<li>la possibilit\u00e0 di votare per elezioni politiche e referendum per corrispondenza nel Paese di residenza, e per l\u2019elezione dei rappresentanti italiani al Parlamento Europeo nei seggi istituiti dalla rete diplomatico-consolare nei Paesi appartenenti all\u2019Unione europea;<\/li>\n<li>la possibilit\u00e0 di ottenere il rilascio o rinnovo di documenti di identit\u00e0 e di viaggio, nonch\u00e9 certificazioni;<\/li>\n<\/ul>\n<p>L\u2019iscrizione all\u2019A.I.R.E.\u00a0<strong>\u00e8 obbligatoria<\/strong> per i cittadini italiani residenti all\u2019estero (Legge 27 ottobre 1988, n. 470).<\/p>\n<p><u>Sono tenuti ad iscriversi all\u2019AIRE tutti i cittadini che risiedono all\u2019estero per periodi superiori a 12 mesi<\/u>.<\/p>\n<p>La Legge n. 213 del 30 dicembre 2023, in vigore dal 1\u00b0 gennaio 2024, introduce un nuovo regime sanzionatorio per i cittadini italiani residenti all\u2019estero che\u00a0<u>non<\/u>\u00a0sono iscritti all\u2019AIRE, prevedendo una sanzione amministrativa pecuniaria da 200 euro a 1.000 euro per ciascun anno di mancata iscrizione, fino a un massimo di 5 anni.<\/p>\n<p>Le sanzioni amministrative\u00a0<u>non<\/u>\u00a0sono retroattive. Pertanto non si potr\u00e0 essere sanzionati per il periodo antecedente al 1\u00b0 gennaio 2024.<\/p>\n<p>L\u2019accertamento della violazione in materia di iscrizione anagrafica e l\u2019irrogazione della sanzione sono di competenza esclusiva dei Comuni.\u00a0<u>\u00c8 parimenti di competenza esclusiva del Comune comunicare l\u2019avvenuta iscrizione all\u2019AIRE, trascorso il periodo previsto dalla legge (180 giorni) da quando la pratica completa e corretta \u00e8 stata presentata dal richiedente<\/u>.<\/p>\n<p><strong>Lo status della propria richiesta di iscrizione \u00e8 consultabile sul medesimo portale nel quale presentare la domanda:\u00a0<u>FAST-IT<\/u>.<\/strong><\/p>\n<p>Sono esenti dall\u2019obbligo di iscrizione A.I.R.E. le persone che si recano all\u2019estero per un periodo di tempo inferiore a un anno, i lavoratori stagionali, i dipendenti dello Stato in servizio diplomatico e consolare, i militari italiani in servizio presso gli uffici e le strutture della NATO dislocate all\u2019estero.<\/p>\n<p>L\u2019iscrizione all\u2019A.I.R.E. \u00e8 <strong>gratuita<\/strong>. La richiesta va effettuata attraverso il portale <a href=\"https:\/\/serviziconsolari.esteri.it\/ScoFE\/index.sco\">Fast It<\/a> allegando la documentazione che provi l\u2019effettiva residenza nella circoscrizione consolare e una copia del documento d\u2019identit\u00e0 del richiedente. E&#8217; qui disponibile il <a href=\"https:\/\/ambbratislava.esteri.it\/wp-content\/uploads\/2024\/10\/Fast_It_-_Manuale_per_il_Cittadino.pdf\">manuale per il cittadino del portale Fast It<\/a>.<\/p>\n<p>La dichiarazione di trasferimento di residenza all\u2019estero deve essere resa dall\u2019interessato all\u2019Ufficio consolare competente\u00a0<strong>entro 90 giorni<\/strong>\u00a0dal trasferimento della residenza e comporta la contestuale cancellazione dall\u2019Anagrafe della Popolazione Residente (A.P.R.) del Comune di provenienza.<\/p>\n<p>Chiunque, avendo obblighi anagrafici, contravviene alle disposizioni della Legge 24 dicembre 1954, n. 1228, della Legge 27 ottobre 1988, n. 470, e dei regolamenti di esecuzione delle predette leggi \u00e8 soggetto a\u00a0<strong>sanzioni pecuniarie amministrative<\/strong>, cos\u00ec come previsto dalla Legge 30 dicembre 2023, n. 213. L\u2019Autorit\u00e0 competente all\u2019accertamento e all\u2019irrogazione della sanzione \u00e8 il Comune nella cui anagrafe \u00e8 iscritto il trasgressore.<\/p>\n<p>Il procedimento accertativo e sanzionatorio in capo ai Comuni \u00e8 disciplinato dalla L. 24 novembre 1981, n. 689, il cui art. 1 prevede che \u201cNessuno pu\u00f2 essere assoggettato a sanzioni amministrative se non in forza di una legge che sia entrata in vigore prima della commissione della violazione\u201d.<\/p>\n<p>&nbsp;<\/p>\n<p>La\u00a0<strong>cancellazione dall\u2019A.I.R.E.<\/strong>\u00a0avviene:<\/p>\n<ul>\n<li>per iscrizione nell\u2019Anagrafe della Popolazione Residente (A.P.R.) di un Comune italiano a seguito di trasferimento dall\u2019estero o rimpatrio;<\/li>\n<li>per morte, compresa la morte presunta giudizialmente dichiarata;<\/li>\n<li>per irreperibilit\u00e0 presunta, salvo prova contraria, trascorsi cento anni dalla nascita o dopo la effettuazione di due successive rilevazioni, oppure quando risulti non pi\u00f9 valido l\u2019indirizzo all\u2019estero comunicato in precedenza e non sia possibile acquisire quello nuovo;<\/li>\n<li>per perdita della cittadinanza italiana.<\/li>\n<\/ul>\n","protected":false},"excerpt":{"rendered":"&nbsp; &nbsp; A.I.R.E. \u2013 Informazioni generali L\u2019Anagrafe degli Italiani Residenti all\u2019Estero (A.I.R.E.) \u00e8 stata istituita con legge 27 ottobre 1988, n. 470 e contiene i dati dei cittadini italiani che risiedono all\u2019estero per un periodo superiore ai dodici mesi. Essa \u00e8 gestita dai Comuni sulla base dei dati e delle informazioni provenienti dalle Rappresentanze consolari [&hellip;]","protected":false},"author":4,"featured_media":0,"parent":47,"menu_order":0,"comment_status":"closed","ping_status":"closed","template":"","meta":{"footnotes":""},"class_list":["post-3313","page","type-page","status-publish","hentry"],"_links":{"self":[{"href":"https:\/\/ambbratislava.esteri.it\/it\/wp-json\/wp\/v2\/pages\/3313","targetHints":{"allow":["GET"]}}],"collection":[{"href":"https:\/\/ambbratislava.esteri.it\/it\/wp-json\/wp\/v2\/pages"}],"about":[{"href":"https:\/\/ambbratislava.esteri.it\/it\/wp-json\/wp\/v2\/types\/page"}],"author":[{"embeddable":true,"href":"https:\/\/ambbratislava.esteri.it\/it\/wp-json\/wp\/v2\/users\/4"}],"replies":[{"embeddable":true,"href":"https:\/\/ambbratislava.esteri.it\/it\/wp-json\/wp\/v2\/comments?post=3313"}],"version-history":[{"count":6,"href":"https:\/\/ambbratislava.esteri.it\/it\/wp-json\/wp\/v2\/pages\/3313\/revisions"}],"predecessor-version":[{"id":5267,"href":"https:\/\/ambbratislava.esteri.it\/it\/wp-json\/wp\/v2\/pages\/3313\/revisions\/5267"}],"up":[{"embeddable":true,"href":"https:\/\/ambbratislava.esteri.it\/it\/wp-json\/wp\/v2\/pages\/47"}],"wp:attachment":[{"href":"https:\/\/ambbratislava.esteri.it\/it\/wp-json\/wp\/v2\/media?parent=3313"}],"curies":[{"name":"wp","href":"https:\/\/api.w.org\/{rel}","templated":true}]}}