{"id":3186,"date":"2024-01-10T16:45:34","date_gmt":"2024-01-10T15:45:34","guid":{"rendered":"https:\/\/ambbratislava.esteri.it\/?page_id=3186"},"modified":"2024-01-10T16:46:14","modified_gmt":"2024-01-10T15:46:14","slug":"criticita","status":"publish","type":"page","link":"https:\/\/ambbratislava.esteri.it\/it\/italia-e-slovacchia\/diplomazia-economica\/fare-affari-nella-repubblica-ceca\/rapporto-congiunto\/criticita\/","title":{"rendered":"Criticit\u00e0"},"content":{"rendered":"<p><strong>POLITICA COMMERCIALE E DI ACCESSO AL MERCATO<\/strong><\/p>\n<p>&nbsp;<\/p>\n<p><strong>A)\u00a0 Ostacoli alla libera circolazione delle merci<\/strong><br \/>\nIl sistema produttivo italiano trova tradizionalmente negli ambienti imprenditoriali slovacchi apertura e ricettivit\u00e0: non sussistono problematiche specifiche relative all\u2019accesso al mercato locale per gli operatori italiani.<br \/>\nCome membro dell\u2019Unione Europea, che garantisce ai suoi Stati membri la libera circolazione delle merci, dei servizi, dei capitali, e aderisce anche al Trattato di Schengen, che sancisce la libera circolazione dei cittadini UE, in Slovacchia non esistono particolari restrizioni.<br \/>\nLa Slovacchia \u00e8 altres\u00ec membro del WTO e adotta la normativa tariffaria di Bruxelles. La responsabilit\u00e0 legislativa e le competenze in materia doganale fanno capo al Ministero delle Finanze e al Ministero dell\u2019Economia.<br \/>\nLe merci in arrivo nel Paese, soggette al pagamento di imposte quali IVA del 20 % su tutte le merci e accise su alcuni prodotti, possono essere immediatamente commercializzate.<\/p>\n<p><strong>B) Ostacoli alla libera circolazione dei servizi, dei capitali e libert\u00e0 di stabilimento delle imprese<\/strong><\/p>\n<p>Non sono richieste particolari procedure per ottenere le licenze di commercializzazione dei prodotti, salvo che per un numero limitato di categorie merceologiche. Le licenze, rilasciate dal Ministero delle Finanze, possono essere di due tipi:<br \/>\n&#8211;\u00a0generali, il cui rilascio \u00e8 automatico;<br \/>\n&#8211;\u00a0specifiche, soggette cio\u00e8 ad autorizzazione ministeriale (es. prodotti farmaceutici, forniture per la difesa ecc.).<\/p>\n<p><strong>Il Codice commerciale<\/strong>, per quanto riguarda lo svolgimento di attivit\u00e0 imprenditoriali, equipara le persone fisiche e giuridiche straniere a quelle slovacche, garantendo quindi la parit\u00e0 di trattamento fra operatori locali ed esteri.<br \/>\nTra la Slovacchia e l\u2019Italia \u00e8 ancora oggi valido\u00a0<strong>l\u2019accordo contro la doppia imposizione<\/strong>\u00a0firmato dall\u2019ex Repubblica Cecoslovacca il 5 maggio 1981 ed in vigore dal giugno del 1984 (Legge 17\/1985). Non ci sono restrizioni di carattere valutario che regolino l\u2019attivit\u00e0 degli investitori stranieri: previo versamento delle imposte, i profitti possono essere rimpatriati in valuta estera.<\/p>\n<p>La legge 561\/2007 sugli\u00a0<strong>incentivi statali all\u2019investimento<\/strong>\u00a0ha sub\u00ecto sostanziali modifiche in vigore dall\u2019agosto 2011.<br \/>\nLe recenti disposizioni hanno ulteriormente ridotto le soglie minime nei vari settori d\u2019investimento e agevolato le regioni meno sviluppate del Paese per consentire la realizzazione di progetti importanti e creare nuovi posti di lavoro in aree con alto tasso di disoccupazione. La nuova normativa estende l\u2019aiuto a pi\u00f9 settori dell\u2019economia, differenzia infatti le condizioni generali relative alla produzione industriale, centri tecnologici, servizi strategici, turismo, concede gli aiuti agli investimenti per la sola acquisizione di nuove produzioni o nuovi impianti tecnologici (almeno il 60% del costo imputabile complessivo) e semplifica il processo di valutazione dell\u2019investimento e la concessione dell\u2019aiuto. Il periodo che intercorre tra la presentazione della richiesta di ammissione al contributo e la sua approvazione da parte del Governo slovacco varia da 60 a 120 giorni. In relazione alla produzione industriale, l\u2019ammissibilit\u00e0 all\u2019aiuto &#8211; per investimenti non inferiori a circa 14 milioni di Euro &#8211; prevede la costruzione di nuovi stabilimenti, l\u2019ampliamento di una struttura produttiva gi\u00e0 esistente, la diversificazione dei processi produttivi, l\u2019acquisizione di un nuovo impianto. Qualora l\u2019investimento sia localizzato in un\u2019area in cui il tasso di disoccupazione \u00e8 superiore a quello della media nazionale, \u00e8 prevista una diminuzione del suddetto importo (7 milioni di Euro). Se il tasso di disoccupazione \u00e8 superiore al 50% della media nazionale, l\u2019importo dell\u2019aiuto statale verr\u00e0 ulteriormente ridotto a 3,5 milioni di Euro. Anche\u00a0 per il settore turismo l\u2019investimento minimo previsto varia secondo il tasso di disoccupazione delle regioni: 10 milioni di Euro per gli investimenti localizzati nei distretti con un tasso disoccupazione inferiore alla media nazionale del 2010, ridotti a 5 milioni di Euro nei distretti con il tasso di disoccupazione superiore alla media nazionale e 3 milioni di Euro se il rapporto di disoccupazione\u00a0 \u00e8 superiore al 50% della media nazionale.<br \/>\nA differenza degli investimenti nei settori industriale e turismo, per i centri tecnologici e di servizio strategico i requisiti per l\u2019ammissibilit\u00e0 all\u2019aiuto, che riguardano analogamente la costruzione di nuovi centri o l\u2019ampliamento di strutture gi\u00e0 esistenti, si basano sull\u2019ammontare dei costi imputabili e sulla specializzazione del personale impiegato. I costi imputabili ai fini dell\u2019aiuto riguardano le attivit\u00e0 materiali (terreni, edifici, macchinari) ed immateriali (know-how, diritti) di lungo periodo, nonch\u00e9 l\u2019ammontare dei salari prima del computo delle imposte. Per i centri tecnologici, infatti, le nuove disposizioni prevedono costi imputabili per 500.000 Euro, di cui almeno 250.000 coperti con capitale proprio, e l\u2019impiego di personale laureato per almeno il 60% degli occupati. Per i Centri di servizi strategici i costi imputabili e personale laureato si riducono rispettivamente a 400.000 Euro (200.000 con capitali propri) e al 30% della forza lavoro.<br \/>\n<strong>La Legge sui parchi industriali<\/strong>, n. 193\/2001, disciplina alcune misure e condizioni per gli organi dell\u2019amministrazione statale che concedono e controllano l\u2019utilizzo di questi aiuti. I parchi industriali possono essere costituiti soltanto dai Comuni.<\/p>\n<p>I rapporti di lavoro dipendente sono regolamentati dal\u00a0<strong>Nuovo Codice del Lavoro<\/strong>, in vigore da 1^ settembre 2011, che ha introdotto importanti novit\u00e0 consentendo maggiore flessibilit\u00e0 nel mercato del lavoro per favorire l\u2019occupazione.<\/p>\n","protected":false},"excerpt":{"rendered":"POLITICA COMMERCIALE E DI ACCESSO AL MERCATO &nbsp; A)\u00a0 Ostacoli alla libera circolazione delle merci Il sistema produttivo italiano trova tradizionalmente negli ambienti imprenditoriali slovacchi apertura e ricettivit\u00e0: non sussistono problematiche specifiche relative all\u2019accesso al mercato locale per gli operatori italiani. Come membro dell\u2019Unione Europea, che garantisce ai suoi Stati membri la libera circolazione delle [&hellip;]","protected":false},"author":5,"featured_media":0,"parent":3163,"menu_order":0,"comment_status":"closed","ping_status":"closed","template":"","meta":{"footnotes":""},"class_list":["post-3186","page","type-page","status-publish","hentry"],"_links":{"self":[{"href":"https:\/\/ambbratislava.esteri.it\/it\/wp-json\/wp\/v2\/pages\/3186","targetHints":{"allow":["GET"]}}],"collection":[{"href":"https:\/\/ambbratislava.esteri.it\/it\/wp-json\/wp\/v2\/pages"}],"about":[{"href":"https:\/\/ambbratislava.esteri.it\/it\/wp-json\/wp\/v2\/types\/page"}],"author":[{"embeddable":true,"href":"https:\/\/ambbratislava.esteri.it\/it\/wp-json\/wp\/v2\/users\/5"}],"replies":[{"embeddable":true,"href":"https:\/\/ambbratislava.esteri.it\/it\/wp-json\/wp\/v2\/comments?post=3186"}],"version-history":[{"count":1,"href":"https:\/\/ambbratislava.esteri.it\/it\/wp-json\/wp\/v2\/pages\/3186\/revisions"}],"predecessor-version":[{"id":3187,"href":"https:\/\/ambbratislava.esteri.it\/it\/wp-json\/wp\/v2\/pages\/3186\/revisions\/3187"}],"up":[{"embeddable":true,"href":"https:\/\/ambbratislava.esteri.it\/it\/wp-json\/wp\/v2\/pages\/3163"}],"wp:attachment":[{"href":"https:\/\/ambbratislava.esteri.it\/it\/wp-json\/wp\/v2\/media?parent=3186"}],"curies":[{"name":"wp","href":"https:\/\/api.w.org\/{rel}","templated":true}]}}