{"id":14,"date":"2023-04-11T17:08:52","date_gmt":"2023-04-11T15:08:52","guid":{"rendered":"https:\/\/ambasciatapraga.esteri.it\/?page_id=14"},"modified":"2024-06-29T11:56:41","modified_gmt":"2024-06-29T09:56:41","slug":"italia-e-slovacchia","status":"publish","type":"page","link":"https:\/\/ambbratislava.esteri.it\/it\/italia-e-slovacchia\/","title":{"rendered":"Italia e Slovacchia"},"content":{"rendered":"<p>Le relazioni bilaterali tra Italia e Slovacchia sono eccellenti e la loro vitalit\u00e0 \u00e8 confermata dalla recente intensificazione del dialogo politico, con frequenti scambi di visite al pi\u00f9 alto livello.<\/p>\n<p>L\u2019amicizia tra l\u2019Italia e la Slovacchia, Paesi uniti dall\u2019appartenenza ad una comunit\u00e0 di valori nel quadro dell\u2019Unione Europea e dell\u2019Alleanza Atlantica, \u00e8 stata ribadita nella maniera pi\u00f9 alta dalla visita ufficiale in Repubblica Slovacca del Signor Presidente della Repubblica, Sergio Mattarella, il 19 e 20 aprile 2023, in occasione del trentesimo anniversario delle relazioni bilaterali.<\/p>\n<p>Profondi e sinceri legami di amicizia legano i nostri popoli e, in particolare, gli slovacchi sono estimatori della cultura italiana in ogni sua declinazione. La reciproca conoscenza \u00e8 favorita dalla comune appartenenza all&#8217;Area Schengen.<\/p>\n<p>Italia e Slovacchia intrattengono solide relazioni commerciali &#8211; anche grazie alla comune appartenenza all&#8217;Eurozona, con un interscambio annuale pari a circa 8,5 miliardi di euro annui e alla radicata presenza imprenditoriale italiana nel Paese.<\/p>\n","protected":false},"excerpt":{"rendered":"Le relazioni bilaterali tra Italia e Slovacchia sono eccellenti e la loro vitalit\u00e0 \u00e8 confermata dalla recente intensificazione del dialogo politico, con frequenti scambi di visite al pi\u00f9 alto livello. L\u2019amicizia tra l\u2019Italia e la Slovacchia, Paesi uniti dall\u2019appartenenza ad una comunit\u00e0 di valori nel quadro dell\u2019Unione Europea e dell\u2019Alleanza Atlantica, \u00e8 stata ribadita nella [&hellip;]","protected":false},"author":1,"featured_media":0,"parent":0,"menu_order":4,"comment_status":"closed","ping_status":"closed","template":"","meta":{"footnotes":""},"class_list":["post-14","page","type-page","status-publish","hentry"],"_links":{"self":[{"href":"https:\/\/ambbratislava.esteri.it\/it\/wp-json\/wp\/v2\/pages\/14","targetHints":{"allow":["GET"]}}],"collection":[{"href":"https:\/\/ambbratislava.esteri.it\/it\/wp-json\/wp\/v2\/pages"}],"about":[{"href":"https:\/\/ambbratislava.esteri.it\/it\/wp-json\/wp\/v2\/types\/page"}],"author":[{"embeddable":true,"href":"https:\/\/ambbratislava.esteri.it\/it\/wp-json\/wp\/v2\/users\/1"}],"replies":[{"embeddable":true,"href":"https:\/\/ambbratislava.esteri.it\/it\/wp-json\/wp\/v2\/comments?post=14"}],"version-history":[{"count":6,"href":"https:\/\/ambbratislava.esteri.it\/it\/wp-json\/wp\/v2\/pages\/14\/revisions"}],"predecessor-version":[{"id":4277,"href":"https:\/\/ambbratislava.esteri.it\/it\/wp-json\/wp\/v2\/pages\/14\/revisions\/4277"}],"wp:attachment":[{"href":"https:\/\/ambbratislava.esteri.it\/it\/wp-json\/wp\/v2\/media?parent=14"}],"curies":[{"name":"wp","href":"https:\/\/api.w.org\/{rel}","templated":true}]}}